{"id":157379,"date":"2018-09-25T00:00:00","date_gmt":"2018-09-24T22:00:00","guid":{"rendered":"https:\/\/melvx.my-eliquid.de\/shop\/my-eliquid-sortiment\/ezigaretten-zubehoer\/flaschen-aufbewahrung\/squeezy-dropperbottle-100ml\/"},"modified":"2026-04-08T09:43:22","modified_gmt":"2026-04-08T07:43:22","slug":"squeezy-dropperbottle-100ml","status":"publish","type":"product","link":"https:\/\/my-eliquid.de\/es\/shop\/squeezy-dropperbottle-100ml\/","title":{"rendered":"Botella Squeezy LD-PE 100 ml eLiquids con cuentagotas y tap\u00f3n de rosca"},"content":{"rendered":"<p>Por su cuenta <strong>Producci\u00f3n de eL\u00edquidos DIY<\/strong> el derecho <strong>Botella LD-PE<\/strong> frasco cuentagotas <strong>100 ml<\/strong> con <strong>Dispensador de goteo<\/strong> y tap\u00f3n blanco. Ideal para mezclar y rellenar.<br \/>\nTenga en cuenta la informaci\u00f3n que figura al final del texto.<br \/>\nEl frasco es ligeramente lechoso y protege mejor de la luz solar. Sin embargo, deja el <strong>Nivel de llenado<\/strong> muy f\u00e1cil de reconocer. El material es m\u00e1s blando que el de las botellas transparentes. Esto significa que puede apretar f\u00e1cilmente su <strong>L\u00edquidos<\/strong> mejor <strong>dosis<\/strong>.<\/p>\n<p>Por favor, corte las 4 leng\u00fcetas del cuentagotas para que no se atasque en la tapa. (Las 4 leng\u00fcetas son necesarias para una l\u00ednea de producci\u00f3n totalmente autom\u00e1tica).<\/p>","protected":false},"excerpt":{"rendered":"<p><strong>Botella LD-PE<\/strong> frasco cuentagotas <strong>100 ml<\/strong> Dispensador de goteo y <strong>Tapa de cierre<\/strong>. Ideal para mezclar, rellenar o <strong>producir<\/strong> de <strong>e-l\u00edquidos<\/strong> con sabores para cigarrillos electr\u00f3nicos.<\/p>","protected":false},"featured_media":319534,"comment_status":"open","ping_status":"closed","template":"","meta":{"_acf_changed":false,"_relevanssi_hide_post":"","_relevanssi_hide_content":"","_relevanssi_pin_for_all":"","_relevanssi_pin_keywords":"","_relevanssi_unpin_keywords":"","_relevanssi_related_keywords":"","_relevanssi_related_include_ids":"","_relevanssi_related_exclude_ids":"","_relevanssi_related_no_append":"","_relevanssi_related_not_related":"","_relevanssi_related_posts":"","_relevanssi_noindex_reason":""},"product_brand":[],"product_cat":[4717,4699],"product_tag":[7541,5124,6717,6728,6730,6726,4983,6732,6727,6725,4982],"class_list":{"0":"post-157379","1":"product","2":"type-product","3":"status-publish","4":"has-post-thumbnail","6":"product_cat-flaschen-aufbewahrung","7":"product_cat-ezigaretten-zubehoer","8":"product_tag-7541","9":"product_tag-basen","10":"product_tag-diy","11":"product_tag-dropperbottle","12":"product_tag-eliquids","13":"product_tag-flasche","14":"product_tag-flaschen","15":"product_tag-ml","16":"product_tag-pe","17":"product_tag-squeezy","18":"product_tag-zubehoer","19":"product_shipping_class-standard","20":"pa_ageverification-nein","21":"pa_country_of_manufacture-de","22":"pa_filling_quantity-100ml","23":"pa_generate_meta-nein","24":"pa_product_suggestion-nein","25":"pa_product_type-8_zubehor","26":"pa_product_weight-4218","27":"pa_weight-0_04","29":"first","30":"instock","31":"taxable","32":"shipping-taxable","33":"purchasable","34":"product-type-simple"},"acf":[],"_links":{"self":[{"href":"https:\/\/my-eliquid.de\/es\/wp-json\/wp\/v2\/product\/157379","targetHints":{"allow":["GET"]}}],"collection":[{"href":"https:\/\/my-eliquid.de\/es\/wp-json\/wp\/v2\/product"}],"about":[{"href":"https:\/\/my-eliquid.de\/es\/wp-json\/wp\/v2\/types\/product"}],"replies":[{"embeddable":true,"href":"https:\/\/my-eliquid.de\/es\/wp-json\/wp\/v2\/comments?post=157379"}],"wp:featuredmedia":[{"embeddable":true,"href":"https:\/\/my-eliquid.de\/es\/wp-json\/wp\/v2\/media\/319534"}],"wp:attachment":[{"href":"https:\/\/my-eliquid.de\/es\/wp-json\/wp\/v2\/media?parent=157379"}],"wp:term":[{"taxonomy":"product_brand","embeddable":true,"href":"https:\/\/my-eliquid.de\/es\/wp-json\/wp\/v2\/product_brand?post=157379"},{"taxonomy":"product_cat","embeddable":true,"href":"https:\/\/my-eliquid.de\/es\/wp-json\/wp\/v2\/product_cat?post=157379"},{"taxonomy":"product_tag","embeddable":true,"href":"https:\/\/my-eliquid.de\/es\/wp-json\/wp\/v2\/product_tag?post=157379"}],"curies":[{"name":"wp","href":"https:\/\/api.w.org\/{rel}","templated":true}]}}