{"id":157603,"date":"2018-12-05T00:00:00","date_gmt":"2018-12-04T23:00:00","guid":{"rendered":"https:\/\/melvx.my-eliquid.de\/aroma-shop\/aromen\/mel-aroma-coffe-tobacco-fill-up-12ml\/"},"modified":"2025-11-25T13:47:42","modified_gmt":"2025-11-25T12:47:42","slug":"mel-aroma-coffe-tobacco-fill-up-12ml","status":"publish","type":"product","link":"https:\/\/my-eliquid.de\/es\/shop\/mel-aroma-coffe-tobacco-fill-up-12ml\/","title":{"rendered":"Caf\u00e9 Sabor Tabaco | 10 ml | Fill Up"},"content":{"rendered":"<p>Con nuestro nuevo <strong>Fill Up Aroma<\/strong> casi todos sus deseos se han cumplido.<\/p>\n<p>Ahora a la <strong>Coffe Tobacco Fill Up Aroma<\/strong><\/p>\n<p>A quien madruga Dios le ayuda.<\/p>\n<p>La combinaci\u00f3n de <strong>caf\u00e9<\/strong> y <strong>Tabaco<\/strong> por la ma\u00f1ana es familiar para la mayor\u00eda de la gente.<\/p>\n<p>Ahora, con nuestro <strong>Fill up Coffe Tobacco Aroma<\/strong> die Perfekte Kombination aus beidem f\u00fcr euch Geschaffen.<\/p>\n<p>Ein gut <strong>ger\u00f6steter Kaffee<\/strong> leicht <strong>milchig<\/strong>, mit einem hauch von <strong>Tabaco<\/strong> veredelt.<\/p>\n<p>\u00a1Un placer cada d\u00eda!<\/p>\n<p><strong>Eine herrliche Komposition In der Besten Alternative.<\/strong><\/p>\n<p>Als <strong>Fill Up<\/strong> ist es euch \u00fcberlassen welche Base Ihr einf\u00fcllt. 48 ml werden an <strong>Base<\/strong> ben\u00f6tig.<\/p>\n<p>Entweder 1x unser Bundel angebot oder einfach eine nuller Base dazu kaufen, auff\u00fcllen, sch\u00fctteln und fertig sind <strong>60 ml fertiges k\u00f6stliches Liquid!<\/strong><\/p>\n<p><strong>Volumen de suministro:\u00a0<\/strong><\/p>\n<p><strong>\u00a01x 12 ml Coffe Tobacco Aroma in 60 ml Chubby Flasche<\/strong><\/p>","protected":false},"excerpt":{"rendered":"<p>Reci\u00e9n hecho\u00a0<strong>Cafeter\u00eda<\/strong>\u00a0con un fino<strong>\u00a0Tabaco<\/strong>\u00a0Sabor. Ligero.<strong>\u00a0Endulzado para empezar el d\u00eda de la mejor manera.<\/strong><\/p>","protected":false},"featured_media":319456,"comment_status":"open","ping_status":"closed","template":"","meta":{"_acf_changed":false,"_relevanssi_hide_post":"","_relevanssi_hide_content":"","_relevanssi_pin_for_all":"","_relevanssi_pin_keywords":"","_relevanssi_unpin_keywords":"","_relevanssi_related_keywords":"","_relevanssi_related_include_ids":"","_relevanssi_related_exclude_ids":"","_relevanssi_related_no_append":"","_relevanssi_related_not_related":"","_relevanssi_related_posts":"","_relevanssi_noindex_reason":""},"product_brand":[4564],"product_cat":[4701,4845,4792,4722,4843,4712,4703],"product_tag":[6990,1399,6847,1391,6896,6991,5562,5805,5792,6732,6885,5310,5226,6527,6897,6992],"class_list":{"0":"post-157603","1":"product","2":"type-product","3":"status-publish","4":"has-post-thumbnail","6":"product_brand-my-eliquid","7":"product_cat-aromen","8":"product_cat-fill-up-aroma","9":"product_cat-neue-aromen","10":"product_cat-neuheiten","11":"product_cat-on-rop","12":"product_cat-special-aromen-liquid-e-zigarette","13":"product_cat-tabak-aromen-liquid-e-zigarette","14":"product_tag-6990","15":"product_tag-aroma","16":"product_tag-aromen","17":"product_tag-bitte","18":"product_tag-coffe","19":"product_tag-fill","20":"product_tag-fill-up","21":"product_tag-liquid","22":"product_tag-liquids","23":"product_tag-ml","24":"product_tag-neue","25":"product_tag-neuheiten","26":"product_tag-special","27":"product_tag-tabak","28":"product_tag-tobacco","29":"product_tag-up","30":"product_shipping_class-standard","31":"pa_ageverification-ja","32":"pa_country_of_manufacture-de","33":"pa_faq-product_aroma_faq","34":"pa_filling_quantity-10ml","35":"pa_generate_meta-nein","36":"pa_ghs_gefahrenbezeichnung-achtung","37":"pa_ghs_hsatz-ba-h302gesundheitsschadlichbe","38":"pa_ghs_hsatz-34-h319verursachtschwereaugen","39":"pa_ghs_hsatz-h335kanndieatemwegereizen_","40":"pa_ghs_signalwort-achtung","41":"pa_info1-e7-product_aroma_kurzbeschrei","42":"pa_info2-product_aroma_beschreibung","43":"pa_manufacturer-my_eliquid","44":"pa_mindesthaltbarkeit-24monate","45":"pa_mixture_ratio-pg50_vg50","46":"pa_nicotin-n_a","47":"pa_product_suggestion-nein","48":"pa_product_type-11_fillup_eigenprodukte","49":"pa_product_weight-4217","50":"pa_weight-0_04","52":"first","53":"instock","54":"taxable","55":"shipping-taxable","56":"purchasable","57":"product-type-simple"},"acf":[],"_links":{"self":[{"href":"https:\/\/my-eliquid.de\/es\/wp-json\/wp\/v2\/product\/157603","targetHints":{"allow":["GET"]}}],"collection":[{"href":"https:\/\/my-eliquid.de\/es\/wp-json\/wp\/v2\/product"}],"about":[{"href":"https:\/\/my-eliquid.de\/es\/wp-json\/wp\/v2\/types\/product"}],"replies":[{"embeddable":true,"href":"https:\/\/my-eliquid.de\/es\/wp-json\/wp\/v2\/comments?post=157603"}],"wp:featuredmedia":[{"embeddable":true,"href":"https:\/\/my-eliquid.de\/es\/wp-json\/wp\/v2\/media\/319456"}],"wp:attachment":[{"href":"https:\/\/my-eliquid.de\/es\/wp-json\/wp\/v2\/media?parent=157603"}],"wp:term":[{"taxonomy":"product_brand","embeddable":true,"href":"https:\/\/my-eliquid.de\/es\/wp-json\/wp\/v2\/product_brand?post=157603"},{"taxonomy":"product_cat","embeddable":true,"href":"https:\/\/my-eliquid.de\/es\/wp-json\/wp\/v2\/product_cat?post=157603"},{"taxonomy":"product_tag","embeddable":true,"href":"https:\/\/my-eliquid.de\/es\/wp-json\/wp\/v2\/product_tag?post=157603"}],"curies":[{"name":"wp","href":"https:\/\/api.w.org\/{rel}","templated":true}]}}