{"id":158858,"date":"2020-09-17T00:00:00","date_gmt":"2020-09-16T22:00:00","guid":{"rendered":"https:\/\/melvx.my-eliquid.de\/shop\/my-eliquid-sortiment\/diy-liquid-basen\/liquid-basis-fertigmischung\/nikotin-salz-shot-20mg\/"},"modified":"2025-11-25T13:51:52","modified_gmt":"2025-11-25T12:51:52","slug":"nikotin-salz-shot-20mg","status":"publish","type":"product","link":"https:\/\/my-eliquid.de\/es\/shop\/nikotin-salz-shot-20mg\/","title":{"rendered":"Chupito de sal de nicotina | 20 mg"},"content":{"rendered":"<p>Liquid Nikotin Salz Shot mit 20mg Nikotin!\u00a0<\/p>\n<p>Es wird nur der Umgang durch erfahrene und ge\u00fcbte Personen empfohlen.<\/p>\n<p><strong>Artikel\u00a0 ab 18 mg werden f\u00fcr Mischungen oder, um diese zu verd\u00fcnnen angeboten, nicht f\u00fcr den unmittelbaren Verbrauch.<\/strong><\/p>\n<p><span>Achtung !!! F\u00fcr Kindern unzug\u00e4nglich aufbewahren !!!<\/span><\/p>\n<p>Rechtliche Hinweise zur Verwendung<br \/>\nBei diesen Artikeln handelt es sich rechtlich um Chemikalien. Diese Chemikalien werden zur Herstellung von <strong>Nachf\u00fcllfl\u00fcssigkeiten bzw. eLiquids<\/strong> verwendet. Nur f\u00fcr diesen Verwendungszweck werden diese Chemikalien f\u00fcr sachkundige K\u00e4ufer angeboten und an diese verkauft. Die sachgem\u00e4\u00dfe Verwendung liegt in der Verantwortung des K\u00e4ufers.<\/p>\n<p>Diese Chemikalien sind keine Arznei- oder Lebensmittel und sind in der von uns angebotenen Form noch nicht f\u00fcr die Einnahme durch einen Endverbraucher bestimmt. Wir geben auch keine verbindliche Zubereitungs- oder <strong>Dosierungsanleitung<\/strong>. Die Verwendung und Einnahme erfolgt auf Ihr eigenes Risiko.<\/p>\n<p>my-eLiquid haftet nicht f\u00fcr Gesundheitssch\u00e4den, z.B. durch eine unsachgem\u00e4\u00dfe Verwendung.<\/p>\n<p>Diese Artikel d\u00fcrfen nur bestellt werden, wenn der K\u00e4ufer \u00fcber die n\u00f6tige <strong>Erfahrung<\/strong> im Umgang mit diesen Chemikalien und Rohstoffen verf\u00fcgt.<\/p>\n<p><span><strong>Legende:<br \/><\/strong><\/span><br \/>\nPG:\u00a0<span><strong>1,2-Propylenglycol<\/strong> (PG) E1520 (Ph. Eur.) reinst<\/span><br \/>\nVG:\u00a0<span><strong>Glicerina vegetal pura<\/strong> (VG) E422 (DAB), CAS-Nr. Bezeichnung 56-81-5 <strong>Glicerina<\/strong> 99,5%<br \/><\/span><\/p>\n<p>Wahlweise:<\/p>\n<p>Wasser: \u00a0<strong>Aqua Purificata<\/strong> Ph.Eur. \/ Bidest<\/p>\n<p><strong>\u00a0<\/strong><\/p>","protected":false},"excerpt":{"rendered":"<p>Prueba algo nuevo m\u00e1s a menudo Elija una inyecci\u00f3n de sal de nicotina para aumentar el comportamiento flash. Seleccione la proporci\u00f3n de mezcla deseada para mezclar sus propios e-l\u00edquidos. Un shot de sal de nicotina contiene 10ml de base pura con nicotina SIN AROMA.<\/p>","protected":false},"featured_media":319665,"comment_status":"open","ping_status":"closed","template":"","meta":{"_acf_changed":false,"_relevanssi_hide_post":"","_relevanssi_hide_content":"","_relevanssi_pin_for_all":"","_relevanssi_pin_keywords":"","_relevanssi_unpin_keywords":"","_relevanssi_related_keywords":"","_relevanssi_related_include_ids":"","_relevanssi_related_exclude_ids":"","_relevanssi_related_no_append":"","_relevanssi_related_not_related":"","_relevanssi_related_posts":"","_relevanssi_noindex_reason":""},"product_brand":[4564],"product_cat":[4695,4700,4735],"product_tag":[6716,5124,6717,5411,6712,5805,5792,5811,6546,6350,5812,5813],"class_list":{"0":"post-158858","1":"product","2":"type-product","3":"status-publish","4":"has-post-thumbnail","6":"product_brand-my-eliquid","7":"product_cat-diy-liquid-basen","8":"product_cat-liquid-basis-fertigmischung","9":"product_cat-nikotin-shots","10":"product_tag-alle","11":"product_tag-basen","12":"product_tag-diy","13":"product_tag-e-zigaretten","14":"product_tag-fuer","15":"product_tag-liquid","16":"product_tag-liquids","17":"product_tag-nikotin","18":"product_tag-salz","19":"product_tag-salzshot","20":"product_tag-shot","21":"product_tag-shots","22":"product_shipping_class-standard","23":"pa_ageverification-ja","24":"pa_country_of_manufacture-de","25":"pa_filling_quantity-10ml","26":"pa_flasche-8b-10mltropferflaschemitfeine","27":"pa_generate_meta-nein","28":"pa_ghs_gefahrenbezeichnung-giftig","29":"pa_ghs_hsatz-ba-h302gesundheitsschadlichbe","30":"pa_ghs_hsatz-26-h318verursachtschwereaugen","31":"pa_ghs_signalwort-gefahr","32":"pa_info1-14-product_basen_kurzbeschrei","33":"pa_info2-68-product_base_beschreibung_","34":"pa_is_product_configurable-ja","35":"pa_manufacturer-my_eliquid","36":"pa_mindesthaltbarkeit-24monate","37":"pa_mixture_ratio-pg30_vg70pinoy","38":"pa_mixture_ratio-pg50_vg50","39":"pa_nicotin-20mg","40":"pa_product_suggestion-nein","41":"pa_product_type-1_nikotin_shots_eigenprodukt","42":"pa_product_weight-4217","43":"pa_special_products-neu","45":"first","46":"outofstock","47":"taxable","48":"shipping-taxable","49":"purchasable","50":"product-type-variable"},"acf":[],"_links":{"self":[{"href":"https:\/\/my-eliquid.de\/es\/wp-json\/wp\/v2\/product\/158858","targetHints":{"allow":["GET"]}}],"collection":[{"href":"https:\/\/my-eliquid.de\/es\/wp-json\/wp\/v2\/product"}],"about":[{"href":"https:\/\/my-eliquid.de\/es\/wp-json\/wp\/v2\/types\/product"}],"replies":[{"embeddable":true,"href":"https:\/\/my-eliquid.de\/es\/wp-json\/wp\/v2\/comments?post=158858"}],"wp:featuredmedia":[{"embeddable":true,"href":"https:\/\/my-eliquid.de\/es\/wp-json\/wp\/v2\/media\/319665"}],"wp:attachment":[{"href":"https:\/\/my-eliquid.de\/es\/wp-json\/wp\/v2\/media?parent=158858"}],"wp:term":[{"taxonomy":"product_brand","embeddable":true,"href":"https:\/\/my-eliquid.de\/es\/wp-json\/wp\/v2\/product_brand?post=158858"},{"taxonomy":"product_cat","embeddable":true,"href":"https:\/\/my-eliquid.de\/es\/wp-json\/wp\/v2\/product_cat?post=158858"},{"taxonomy":"product_tag","embeddable":true,"href":"https:\/\/my-eliquid.de\/es\/wp-json\/wp\/v2\/product_tag?post=158858"}],"curies":[{"name":"wp","href":"https:\/\/api.w.org\/{rel}","templated":true}]}}