{"id":159539,"date":"2023-07-05T00:00:00","date_gmt":"2023-07-04T22:00:00","guid":{"rendered":"https:\/\/melvx.my-eliquid.de\/shop\/my-eliquid-sortiment\/liquids\/frucht-liquids-e-zigarette\/coconut-melon-nicsalz-liquid\/"},"modified":"2026-01-23T08:51:10","modified_gmt":"2026-01-23T07:51:10","slug":"coconut-melon-nicsalz-liquid","status":"publish","type":"product","link":"https:\/\/my-eliquid.de\/es\/shop\/coconut-melon-nicsalz-liquid\/","title":{"rendered":"L\u00edquido de sales de nicotina Coconut Melon"},"content":{"rendered":"<p>Aromatisch <strong>milder Kokos Geschmack<\/strong> para los <strong>cigarrillo electr\u00f3nico<\/strong> wird durch einen Schuss nat\u00fcrlich <strong>eisigem Melon\u00a0<\/strong>a la <strong>angenehm<\/strong> erfrischenden <strong>Coconut\u00a0Melon Liquid<\/strong>.<\/p>\n<p>Die gew\u00e4hlte Liquid Basis wird unmittelbar vor der Abf\u00fcllung frisch mit\u00a0 <strong>Kokosnuss Geschmack und Melone Aroma<\/strong> aromatizado y <strong>bald<\/strong> m\u00f6glichst <strong>versendet<\/strong>.<br \/> De este modo garantizamos un efecto m\u00e1s duradero de la <strong>milden Frische<\/strong> und des <strong>sehr vertr\u00e4glichen Kokos-<\/strong><strong>Geschmacks<\/strong> bei der Verdampfung unserer hochwertigen <strong>L\u00edquido de recarga<\/strong>, auch Liquids genannt, in Ihrer <strong>EZigarette<\/strong> bzw. Ihrem <strong>EDampfer<\/strong>.<\/p>\n<p><strong>Inhalt der e-Liquid Geschmacksrichtung &#8211; &#8220;Kokos-Melon&#8221;:<\/strong>\u00a0\u00a0 \u00a0Propilenglicol (<strong>PG<\/strong>) E1520 (Ph. Eur.), <strong>Glicerina vegetal pura<\/strong> (VG) E422 (<strong>DAB<\/strong>), aromas, tambi\u00e9n bajo pedido si se desea. <strong>mit Nikotin<\/strong> en diferentes <strong>Puntos fuertes<\/strong>.<\/p>\n<p>En <strong>\u00fcberraschend aromatische\u00a0<\/strong>Kokos-Melone Liquid mit erfrischendem <strong>Cooling-Kick.<\/strong><\/p>\n<p><strong><\/strong><\/p>\n<p><strong><span>E-l\u00edquidos con sal de nicotina para rellenar cigarrillos electr\u00f3nicos. Las sales de nicotina son mucho m\u00e1s neutras y suaves al inhalarlas, por lo que no tienen el sabor amargo y picante habitual y casi no provocan tos.<\/span><\/strong><\/p>","protected":false},"excerpt":{"rendered":"<p><span>Refrescante <strong>Mel\u00f3n y coco<\/strong> L\u00edquido para cigarrillos electr\u00f3nicos. Arom\u00e1tico y suave. <strong>sabor a coco<\/strong> se encuentra con naturalidad, g\u00e9lido <strong>mel\u00f3n<\/strong>nkick. \u00a1Desc\u00fabrelo ahora!<\/span><\/p>","protected":false},"featured_media":319305,"comment_status":"open","ping_status":"closed","template":"","meta":{"_acf_changed":false,"_relevanssi_hide_post":"","_relevanssi_hide_content":"","_relevanssi_pin_for_all":"","_relevanssi_pin_keywords":"","_relevanssi_unpin_keywords":"","_relevanssi_related_keywords":"","_relevanssi_related_include_ids":"","_relevanssi_related_exclude_ids":"","_relevanssi_related_no_append":"","_relevanssi_related_not_related":"","_relevanssi_related_posts":"","_relevanssi_noindex_reason":""},"product_brand":[4564],"product_cat":[4731,4690,4880,4904],"product_tag":[5020,4919,4915,4914,5019,6508,6511,6509,6510,6512,4920],"class_list":{"0":"post-159539","1":"product","2":"type-product","3":"status-publish","4":"has-post-thumbnail","6":"product_brand-my-eliquid","7":"product_cat-alle-liquids-fur-e-zigaretten","8":"product_cat-frucht-liquids-e-zigarette","9":"product_cat-liquids-ohne-sucralose","10":"product_cat-my-eliquid-nikotinsalz-liquid","11":"product_tag-coconut","12":"product_tag-dampfer","13":"product_tag-e-liquid","14":"product_tag-eliquid","15":"product_tag-kokosnuss","16":"product_tag-liquidsalz","17":"product_tag-nicsalt","18":"product_tag-nicsalz","19":"product_tag-nikotinsalz","20":"product_tag-salt","21":"product_tag-verdampfer","22":"product_shipping_class-standard","23":"pa_ageverification-ja","24":"pa_country_of_manufacture-de","25":"pa_faq-product_liquid_faq","26":"pa_filling_quantity-10ml","27":"pa_flasche-a8-tropferflaschemitsicherhei","28":"pa_generate_meta-nein","29":"pa_herkunftsland-16-unsererohstoffebeziehenwir","30":"pa_info1-49-product_liquid_kurzbeschre","31":"pa_info2-product_liquid_beschreibung","32":"pa_ingredients-a7-1_2_propandiol_propylengly","33":"pa_insi-product_liquid_insi","34":"pa_is_product_configurable-ja","35":"pa_manufacturer-my_eliquid","36":"pa_mindesthaltbarkeit-24monate","37":"pa_mixture_ratio-pg50_vg50","38":"pa_nicotin-10mg","39":"pa_nicotin-20mg","40":"pa_product_suggestion-nein","41":"pa_product_type-2_eliquid_eigenprodukt","42":"pa_product_weight-4218","43":"pa_special_products-neu","45":"first","46":"instock","47":"taxable","48":"shipping-taxable","49":"purchasable","50":"product-type-variable"},"acf":[],"_links":{"self":[{"href":"https:\/\/my-eliquid.de\/es\/wp-json\/wp\/v2\/product\/159539","targetHints":{"allow":["GET"]}}],"collection":[{"href":"https:\/\/my-eliquid.de\/es\/wp-json\/wp\/v2\/product"}],"about":[{"href":"https:\/\/my-eliquid.de\/es\/wp-json\/wp\/v2\/types\/product"}],"replies":[{"embeddable":true,"href":"https:\/\/my-eliquid.de\/es\/wp-json\/wp\/v2\/comments?post=159539"}],"wp:featuredmedia":[{"embeddable":true,"href":"https:\/\/my-eliquid.de\/es\/wp-json\/wp\/v2\/media\/319305"}],"wp:attachment":[{"href":"https:\/\/my-eliquid.de\/es\/wp-json\/wp\/v2\/media?parent=159539"}],"wp:term":[{"taxonomy":"product_brand","embeddable":true,"href":"https:\/\/my-eliquid.de\/es\/wp-json\/wp\/v2\/product_brand?post=159539"},{"taxonomy":"product_cat","embeddable":true,"href":"https:\/\/my-eliquid.de\/es\/wp-json\/wp\/v2\/product_cat?post=159539"},{"taxonomy":"product_tag","embeddable":true,"href":"https:\/\/my-eliquid.de\/es\/wp-json\/wp\/v2\/product_tag?post=159539"}],"curies":[{"name":"wp","href":"https:\/\/api.w.org\/{rel}","templated":true}]}}