{"id":159567,"date":"2023-07-19T00:00:00","date_gmt":"2023-07-18T22:00:00","guid":{"rendered":"https:\/\/melvx.my-eliquid.de\/shop\/my-eliquid-sortiment\/liquids\/frucht-liquids-e-zigarette\/cherry-cola-nicsalz-liquid\/"},"modified":"2025-12-15T08:36:22","modified_gmt":"2025-12-15T07:36:22","slug":"cherry-cola-nicsalz-liquid","status":"publish","type":"product","link":"https:\/\/my-eliquid.de\/es\/shop\/cherry-cola-nicsalz-liquid\/","title":{"rendered":"L\u00edquido de sales de nicotina Cherry Cola"},"content":{"rendered":"<p><span>Sum\u00e9rjase en el delicioso mundo de nuestro <strong>Cola de cereza<\/strong> para <strong>eCigarrillos<\/strong>. Este e-l\u00edquido premium con sal de nicotina ofrece el inconfundible sabor de la refrescante cola, perfectamente redondeado con el dulce aroma de las cerezas maduras. Cada calada es una invitaci\u00f3n a sentarse y disfrutar del sabor dulce y \u00e1cido, que recuerda a los calurosos d\u00edas de verano y las noches frescas.<\/span><\/p>\n<p><span>Nuestro Cherry Cola es m\u00e1s que un e-l\u00edquido, es una experiencia de sabor. La dulzura de la cereza y el hormigueo de la cola se mezclan en una armon\u00eda perfecta que deleita tus papilas gustativas con cada calada. Enriquecido con sal de nicotina, este e-l\u00edquido ofrece una liberaci\u00f3n de nicotina satisfactoria y un suave golpe de garganta que es adecuado tanto para principiantes como para vapeadores experimentados.<\/span><\/p>\n<p><span>Si eres un fan de la fruta dulce o de los sabores cl\u00e1sicos de bebidas, nuestra Cherry Cola para cigarrillos electr\u00f3nicos es la elecci\u00f3n perfecta. Disfrute ahora del sabor que le recuerda a su limonada favorita en su dispositivo vaping. Pru\u00e9belo hoy y d\u00e9jese encantar por esta experiencia de sabor \u00fanica.<\/span><\/p>\n<p><strong>Contenido del e-l\u00edquido - \u201cCherry Cola\u201c:<\/strong>\u00a0\u00a0 \u00a0Propilenglicol (<strong>PG<\/strong>) E1520 (Ph. Eur.), <strong>Glicerina vegetal pura<\/strong> (VG) E422 (<strong>DAB<\/strong>), aromas, tambi\u00e9n bajo pedido si se desea. <strong>con sal de nicotina<\/strong> en diferentes <strong>Puntos fuertes<\/strong>.<\/p>\n<p><strong><span>E-l\u00edquidos con sal de nicotina para rellenar cigarrillos electr\u00f3nicos. Las sales de nicotina son mucho m\u00e1s neutras y suaves al inhalarlas, por lo que no tienen el sabor amargo y picante habitual y casi no provocan tos.<\/span><\/strong><\/p>","protected":false},"excerpt":{"rendered":"<p><span>Disfrute de una explosi\u00f3n de sabor dulce con nuestra Cherry Cola para cigarrillos electr\u00f3nicos. La mezcla perfecta de cola cl\u00e1sica y cereza jugosa, enriquecida con sal de nicotina, ofrece una experiencia de vapeo incomparable.<\/span><\/p>","protected":false},"featured_media":319760,"comment_status":"open","ping_status":"closed","template":"","meta":{"_acf_changed":false,"_relevanssi_hide_post":"","_relevanssi_hide_content":"","_relevanssi_pin_for_all":"","_relevanssi_pin_keywords":"","_relevanssi_unpin_keywords":"","_relevanssi_related_keywords":"","_relevanssi_related_include_ids":"","_relevanssi_related_exclude_ids":"","_relevanssi_related_no_append":"","_relevanssi_related_not_related":"","_relevanssi_related_posts":"","_relevanssi_noindex_reason":""},"product_brand":[4564],"product_cat":[4731,4690,4880,4904,4791,4693],"product_tag":[4999,4919,4915,4914,5075,6508,6511,6509,6510,6512,6526,4920],"class_list":{"0":"post-159567","1":"product","2":"type-product","3":"status-publish","4":"has-post-thumbnail","6":"product_brand-my-eliquid","7":"product_cat-alle-liquids-fur-e-zigaretten","8":"product_cat-frucht-liquids-e-zigarette","9":"product_cat-liquids-ohne-sucralose","10":"product_cat-my-eliquid-nikotinsalz-liquid","11":"product_cat-neue-liquids","12":"product_cat-special-liquids-e-zigarette","13":"product_tag-cola","14":"product_tag-dampfer","15":"product_tag-e-liquid","16":"product_tag-eliquid","17":"product_tag-kirsche","18":"product_tag-liquidsalz","19":"product_tag-nicsalt","20":"product_tag-nicsalz","21":"product_tag-nikotinsalz","22":"product_tag-salt","23":"product_tag-sueskirsche","24":"product_tag-verdampfer","25":"product_shipping_class-standard","26":"pa_ageverification-ja","27":"pa_country_of_manufacture-de","28":"pa_faq-product_liquid_faq","29":"pa_filling_quantity-10ml","30":"pa_flasche-a8-tropferflaschemitsicherhei","31":"pa_flavour_art-frucht","32":"pa_generate_meta-nein","33":"pa_herkunftsland-16-unsererohstoffebeziehenwir","34":"pa_info1-49-product_liquid_kurzbeschre","35":"pa_info2-product_liquid_beschreibung","36":"pa_ingredients-a7-1_2_propandiol_propylengly","37":"pa_insi-product_liquid_insi","38":"pa_is_product_configurable-ja","39":"pa_manufacturer-my_eliquid","40":"pa_mindesthaltbarkeit-24monate","41":"pa_mixture_ratio-pg50_vg50","42":"pa_nicotin-10mg","43":"pa_nicotin-20mg","44":"pa_product_suggestion-nein","45":"pa_product_type-2_eliquid_eigenprodukt","46":"pa_product_weight-4218","47":"pa_special_products-neu","49":"first","50":"instock","51":"taxable","52":"shipping-taxable","53":"purchasable","54":"product-type-variable"},"acf":[],"_links":{"self":[{"href":"https:\/\/my-eliquid.de\/es\/wp-json\/wp\/v2\/product\/159567","targetHints":{"allow":["GET"]}}],"collection":[{"href":"https:\/\/my-eliquid.de\/es\/wp-json\/wp\/v2\/product"}],"about":[{"href":"https:\/\/my-eliquid.de\/es\/wp-json\/wp\/v2\/types\/product"}],"replies":[{"embeddable":true,"href":"https:\/\/my-eliquid.de\/es\/wp-json\/wp\/v2\/comments?post=159567"}],"wp:featuredmedia":[{"embeddable":true,"href":"https:\/\/my-eliquid.de\/es\/wp-json\/wp\/v2\/media\/319760"}],"wp:attachment":[{"href":"https:\/\/my-eliquid.de\/es\/wp-json\/wp\/v2\/media?parent=159567"}],"wp:term":[{"taxonomy":"product_brand","embeddable":true,"href":"https:\/\/my-eliquid.de\/es\/wp-json\/wp\/v2\/product_brand?post=159567"},{"taxonomy":"product_cat","embeddable":true,"href":"https:\/\/my-eliquid.de\/es\/wp-json\/wp\/v2\/product_cat?post=159567"},{"taxonomy":"product_tag","embeddable":true,"href":"https:\/\/my-eliquid.de\/es\/wp-json\/wp\/v2\/product_tag?post=159567"}],"curies":[{"name":"wp","href":"https:\/\/api.w.org\/{rel}","templated":true}]}}