{"id":159935,"date":"2024-10-17T00:00:00","date_gmt":"2024-10-16T22:00:00","guid":{"rendered":"https:\/\/melvx.my-eliquid.de\/shop\/my-eliquid-sortiment\/liquids\/frucht-liquids-e-zigarette\/traube-ice-nicsalz-liquid\/"},"modified":"2025-12-01T08:27:18","modified_gmt":"2025-12-01T07:27:18","slug":"traube-ice-nicsalz-liquid","status":"publish","type":"product","link":"https:\/\/my-eliquid.de\/es\/shop\/traube-ice-nicsalz-liquid\/","title":{"rendered":"L\u00edquido de sales de nicotina Grape Ice"},"content":{"rendered":"<p>Das Nikotin Liquid Salz <strong>Uva Ice<\/strong> bietet ein erfrischendes und intensives Dampferlebnis f\u00fcr Liebhaber von fruchtigen und k\u00fchlen Aromen. Die Kombination aus saftiger, s\u00fc\u00dfer <strong>Uva<\/strong> und einem belebenden Hauch von Ice-K\u00fchle sorgt f\u00fcr einen perfekten Ausgleich zwischen Frische und S\u00fc\u00dfe.<\/p>\n<p><strong>Inhalt der e-Liquid Geschmacksrichtung &#8211; &#8220;Traube Ice&#8221;:<\/strong>\u00a0\u00a0 \u00a0Propilenglicol (<strong>PG<\/strong>) E1520 (Ph. Eur.), <strong>Glicerina vegetal pura<\/strong> (VG) E422 (<strong>DAB<\/strong>), aromas, tambi\u00e9n bajo pedido si se desea. <strong>mit Nikotin<\/strong> en diferentes <strong>Puntos fuertes<\/strong>.<\/p>\n<p>En <strong>\u00fcberraschend aromatische\u00a0<\/strong>Traube Liquidsalz mit erfrischendem <strong>Cooling-Kick.<\/strong><\/p>\n<p><strong><span>E-l\u00edquidos con sal de nicotina para rellenar cigarrillos electr\u00f3nicos. Las sales de nicotina son mucho m\u00e1s neutras y suaves al inhalarlas, por lo que no tienen el sabor amargo y picante habitual y casi no provocan tos.<\/span><\/strong><\/p>","protected":false},"excerpt":{"rendered":"<p><span>En <strong>Uva Ice<\/strong> El l\u00edquido con sal de nicotina es la opci\u00f3n ideal para todos aquellos que disfrutan de los sabores afrutados. <strong>Frescura<\/strong> y la concentraci\u00f3n de nicotina en un l\u00edquido.<\/span><\/p>","protected":false},"featured_media":319180,"comment_status":"open","ping_status":"closed","template":"","meta":{"_acf_changed":false,"_relevanssi_hide_post":"","_relevanssi_hide_content":"","_relevanssi_pin_for_all":"","_relevanssi_pin_keywords":"","_relevanssi_unpin_keywords":"","_relevanssi_related_keywords":"","_relevanssi_related_include_ids":"","_relevanssi_related_exclude_ids":"","_relevanssi_related_no_append":"","_relevanssi_related_not_related":"","_relevanssi_related_posts":"","_relevanssi_noindex_reason":""},"product_brand":[4564],"product_cat":[4731,4690,4689,4880,4904],"product_tag":[4919,4915,4914,6608,6607,6508,6511,6509,6510,6512,6606,4920],"class_list":{"0":"post-159935","1":"product","2":"type-product","3":"status-publish","4":"has-post-thumbnail","6":"product_brand-my-eliquid","7":"product_cat-alle-liquids-fur-e-zigaretten","8":"product_cat-frucht-liquids-e-zigarette","9":"product_cat-eliquids","10":"product_cat-liquids-ohne-sucralose","11":"product_cat-my-eliquid-nikotinsalz-liquid","12":"product_tag-dampfer","13":"product_tag-e-liquid","14":"product_tag-eliquid","15":"product_tag-grape","16":"product_tag-ice","17":"product_tag-liquidsalz","18":"product_tag-nicsalt","19":"product_tag-nicsalz","20":"product_tag-nikotinsalz","21":"product_tag-salt","22":"product_tag-traube","23":"product_tag-verdampfer","24":"product_shipping_class-standard","25":"pa_ageverification-ja","26":"pa_country_of_manufacture-de","27":"pa_faq-product_liquid_faq","28":"pa_filling_quantity-10ml","29":"pa_flasche-a8-tropferflaschemitsicherhei","30":"pa_generate_meta-nein","31":"pa_herkunftsland-16-unsererohstoffebeziehenwir","32":"pa_info1-49-product_liquid_kurzbeschre","33":"pa_info2-product_liquid_beschreibung","34":"pa_ingredients-a7-1_2_propandiol_propylengly","35":"pa_insi-product_liquid_insi","36":"pa_is_product_configurable-ja","37":"pa_manufacturer-my_eliquid","38":"pa_mindesthaltbarkeit-24monate","39":"pa_mixture_ratio-pg50_vg50","40":"pa_nicotin-10mg","41":"pa_nicotin-20mg","42":"pa_product_suggestion-nein","43":"pa_product_type-2_eliquid_eigenprodukt","44":"pa_product_weight-4218","45":"pa_special_products-neu","47":"first","48":"outofstock","49":"taxable","50":"shipping-taxable","51":"purchasable","52":"product-type-variable"},"acf":[],"_links":{"self":[{"href":"https:\/\/my-eliquid.de\/es\/wp-json\/wp\/v2\/product\/159935","targetHints":{"allow":["GET"]}}],"collection":[{"href":"https:\/\/my-eliquid.de\/es\/wp-json\/wp\/v2\/product"}],"about":[{"href":"https:\/\/my-eliquid.de\/es\/wp-json\/wp\/v2\/types\/product"}],"replies":[{"embeddable":true,"href":"https:\/\/my-eliquid.de\/es\/wp-json\/wp\/v2\/comments?post=159935"}],"wp:featuredmedia":[{"embeddable":true,"href":"https:\/\/my-eliquid.de\/es\/wp-json\/wp\/v2\/media\/319180"}],"wp:attachment":[{"href":"https:\/\/my-eliquid.de\/es\/wp-json\/wp\/v2\/media?parent=159935"}],"wp:term":[{"taxonomy":"product_brand","embeddable":true,"href":"https:\/\/my-eliquid.de\/es\/wp-json\/wp\/v2\/product_brand?post=159935"},{"taxonomy":"product_cat","embeddable":true,"href":"https:\/\/my-eliquid.de\/es\/wp-json\/wp\/v2\/product_cat?post=159935"},{"taxonomy":"product_tag","embeddable":true,"href":"https:\/\/my-eliquid.de\/es\/wp-json\/wp\/v2\/product_tag?post=159935"}],"curies":[{"name":"wp","href":"https:\/\/api.w.org\/{rel}","templated":true}]}}