{"id":159943,"date":"2024-10-18T00:00:00","date_gmt":"2024-10-17T22:00:00","guid":{"rendered":"https:\/\/melvx.my-eliquid.de\/shop\/my-eliquid-sortiment\/liquids\/frucht-liquids-e-zigarette\/lemon-tea-nicsalz-liquid\/"},"modified":"2025-11-25T13:50:54","modified_gmt":"2025-11-25T12:50:54","slug":"lemon-tea-nicsalz-liquid","status":"publish","type":"product","link":"https:\/\/my-eliquid.de\/es\/shop\/lemon-tea-nicsalz-liquid\/","title":{"rendered":"L\u00edquido de sales de nicotina Lemon Tea"},"content":{"rendered":"<p>Entdecken Sie unser Nikotin Liquid Salz mit dem erfrischenden Geschmack von <strong>Lemon Tea<\/strong>. Diese spezielle Formel bietet ein authentisches Dampferlebnis, das den perfekten Ausgleich zwischen fruchtiger <strong>Lim\u00f3n<\/strong> und sanftem <strong>Teearoma<\/strong> schafft. Das Nikotinsalz sorgt f\u00fcr ein sanfteres Gef\u00fchl im Hals und erm\u00f6glicht eine schnelle Nikotinaufnahme ohne das typische Kratzen herk\u00f6mmlicher Nikotinliquids. Perfekt f\u00fcr Vaper, die ein angenehmes und intensives Geschmackserlebnis suchen.<\/p>\n<p><strong>Inhalt der e-Liquid Geschmacksrichtung &#8211; &#8220;Lemon Tea&#8221;:<\/strong>\u00a0\u00a0 \u00a0Propilenglicol (<strong>PG<\/strong>) E1520 (Ph. Eur.), <strong>Glicerina vegetal pura<\/strong> (VG) E422 (<strong>DAB<\/strong>), aromas, tambi\u00e9n bajo pedido si se desea. <strong>mit Nikotin<\/strong> en diferentes <strong>Puntos fuertes<\/strong>.<\/p>\n<p>En <strong>\u00fcberraschend aromatische\u00a0<\/strong>Zitrone Liquidsalz mit erfrischendem <strong>Tea-Kick.<\/strong><\/p>\n<p><strong><span>E-l\u00edquidos con sal de nicotina para rellenar cigarrillos electr\u00f3nicos. Las sales de nicotina son mucho m\u00e1s neutras y suaves al inhalarlas, por lo que no tienen el sabor amargo y picante habitual y casi no provocan tos.<\/span><\/strong><\/p>","protected":false},"excerpt":{"rendered":"<p>Notas refrescantes de lim\u00f3n combinadas con un delicado aroma a t\u00e9.<\/p>","protected":false},"featured_media":319673,"comment_status":"open","ping_status":"closed","template":"","meta":{"_acf_changed":false,"_relevanssi_hide_post":"","_relevanssi_hide_content":"","_relevanssi_pin_for_all":"","_relevanssi_pin_keywords":"","_relevanssi_unpin_keywords":"","_relevanssi_related_keywords":"","_relevanssi_related_include_ids":"","_relevanssi_related_exclude_ids":"","_relevanssi_related_no_append":"","_relevanssi_related_not_related":"","_relevanssi_related_posts":"","_relevanssi_noindex_reason":""},"product_brand":[4564],"product_cat":[4731,4690,4689,4880,4904,4791],"product_tag":[4919,4915,4914,7237,4923,7238,6508,6511,6509,6510,6512,6612,5162,4920,5073,6611],"class_list":{"0":"post-159943","1":"product","2":"type-product","3":"status-publish","4":"has-post-thumbnail","6":"product_brand-my-eliquid","7":"product_cat-alle-liquids-fur-e-zigaretten","8":"product_cat-frucht-liquids-e-zigarette","9":"product_cat-eliquids","10":"product_cat-liquids-ohne-sucralose","11":"product_cat-my-eliquid-nikotinsalz-liquid","12":"product_cat-neue-liquids","13":"product_tag-dampfer","14":"product_tag-e-liquid","15":"product_tag-eliquid","16":"product_tag-lemmon","17":"product_tag-lemon","18":"product_tag-lemons","19":"product_tag-liquidsalz","20":"product_tag-nicsalt","21":"product_tag-nicsalz","22":"product_tag-nikotinsalz","23":"product_tag-salt","24":"product_tag-tea","25":"product_tag-tee","26":"product_tag-verdampfer","27":"product_tag-zitrone","28":"product_tag-zitronen","29":"product_shipping_class-standard","30":"pa_ageverification-ja","31":"pa_country_of_manufacture-de","32":"pa_faq-product_liquid_faq","33":"pa_filling_quantity-10ml","34":"pa_flasche-a8-tropferflaschemitsicherhei","35":"pa_generate_meta-nein","36":"pa_ghs_hsatz-52-euh210_sicherheitsdatenbla","37":"pa_herkunftsland-16-unsererohstoffebeziehenwir","38":"pa_info1-49-product_liquid_kurzbeschre","39":"pa_info2-product_liquid_beschreibung","40":"pa_ingredients-a7-1_2_propandiol_propylengly","41":"pa_insi-product_liquid_insi","42":"pa_is_product_configurable-ja","43":"pa_manufacturer-my_eliquid","44":"pa_mindesthaltbarkeit-24monate","45":"pa_mixture_ratio-pg50_vg50","46":"pa_nicotin-10mg","47":"pa_nicotin-20mg","48":"pa_product_suggestion-nein","49":"pa_product_type-2_eliquid_eigenprodukt","50":"pa_product_weight-4218","51":"pa_special_products-neu","53":"first","54":"instock","55":"taxable","56":"shipping-taxable","57":"purchasable","58":"product-type-variable"},"acf":[],"_links":{"self":[{"href":"https:\/\/my-eliquid.de\/es\/wp-json\/wp\/v2\/product\/159943","targetHints":{"allow":["GET"]}}],"collection":[{"href":"https:\/\/my-eliquid.de\/es\/wp-json\/wp\/v2\/product"}],"about":[{"href":"https:\/\/my-eliquid.de\/es\/wp-json\/wp\/v2\/types\/product"}],"replies":[{"embeddable":true,"href":"https:\/\/my-eliquid.de\/es\/wp-json\/wp\/v2\/comments?post=159943"}],"wp:featuredmedia":[{"embeddable":true,"href":"https:\/\/my-eliquid.de\/es\/wp-json\/wp\/v2\/media\/319673"}],"wp:attachment":[{"href":"https:\/\/my-eliquid.de\/es\/wp-json\/wp\/v2\/media?parent=159943"}],"wp:term":[{"taxonomy":"product_brand","embeddable":true,"href":"https:\/\/my-eliquid.de\/es\/wp-json\/wp\/v2\/product_brand?post=159943"},{"taxonomy":"product_cat","embeddable":true,"href":"https:\/\/my-eliquid.de\/es\/wp-json\/wp\/v2\/product_cat?post=159943"},{"taxonomy":"product_tag","embeddable":true,"href":"https:\/\/my-eliquid.de\/es\/wp-json\/wp\/v2\/product_tag?post=159943"}],"curies":[{"name":"wp","href":"https:\/\/api.w.org\/{rel}","templated":true}]}}