{"id":300300,"date":"2024-11-15T13:19:56","date_gmt":"2024-11-15T12:19:56","guid":{"rendered":"https:\/\/my-eliquid.de\/shop\/teslacigs-invader-4x\/"},"modified":"2025-11-25T13:53:14","modified_gmt":"2025-11-25T12:53:14","slug":"teslacigs-invader-4x","status":"publish","type":"product","link":"https:\/\/my-eliquid.de\/es\/shop\/teslacigs-invader-4x\/","title":{"rendered":"Teslacigs - Invader 4X"},"content":{"rendered":"<h2>Teslacigs Invader 4X<\/h2>\n<p>Con el <strong>Teslacigs Invader 4X<\/strong> obtendr\u00e1 un mod que combina a la perfecci\u00f3n rendimiento, robustez y facilidad de uso. Este mod ofrece hasta <strong>280 vatios<\/strong> Rendimiento y est\u00e1 fabricado con materiales ligeros de alta calidad, lo que lo hace ideal para el uso diario. Su ajuste preciso de la tensi\u00f3n y su f\u00e1cil manejo lo convierten en el compa\u00f1ero perfecto para los vapeadores experimentados.<\/p>\n<h3>Caracter\u00edsticas principales:<\/h3>\n<ul>\n<li><strong>Potente:<\/strong> Hasta 280 vatios de potencia de salida para configuraciones de vapor exigentes.<\/li>\n<li><strong>Regulaci\u00f3n de tensi\u00f3n:<\/strong> F\u00e1cil ajuste gracias al potenci\u00f3metro de precisi\u00f3n.<\/li>\n<li><strong>Dise\u00f1o ergon\u00f3mico:<\/strong> Carcasa robusta y ligera para una comodidad m\u00e1xima.<\/li>\n<li><strong>Acabado de alta calidad:<\/strong> Duradero y fiable para un uso intensivo.<\/li>\n<li><strong>Compatible con bater\u00edas duales 18650:<\/strong> Para disponer de energ\u00eda suficiente incluso a alto rendimiento.<\/li>\n<\/ul>\n<p>El Invader 4X es ideal para vapeadores que buscan un dispositivo potente y duradero. Gracias a su dise\u00f1o minimalista y su versatilidad, se integra perfectamente en cualquier configuraci\u00f3n.<\/p>\n<h3>Datos t\u00e9cnicos:<\/h3>\n<ul>\n<li>Potencia: hasta 280 vatios<\/li>\n<li>Material: policarbonato<\/li>\n<li>Bater\u00eda: doble 18650 (no incluida)<\/li>\n<li>Regulaci\u00f3n de tensi\u00f3n: potenci\u00f3metro<\/li>\n<li>Conexi\u00f3n: 510<\/li>\n<li>Funciones de seguridad: protecci\u00f3n contra cortocircuitos, protecci\u00f3n contra sobrecalentamiento, protecci\u00f3n contra baja tensi\u00f3n.<\/li>\n<\/ul>\n<h3>Volumen de suministro:<\/h3>\n<ul>\n<li>1x Teslacigs Invader 4X<\/li>\n<li>1 cable USB<\/li>\n<li>1x manual de instrucciones<\/li>\n<\/ul>\n<p><strong>Atenci\u00f3n:<\/strong> Esta oferta est\u00e1 dirigida exclusivamente a personas mayores de edad. La ley de protecci\u00f3n de menores proh\u00edbe la oferta y la venta de este art\u00edculo a ni\u00f1os y adolescentes. El contrato de compraventa solo se perfeccionar\u00e1 tras la verificaci\u00f3n satisfactoria de la edad. Adem\u00e1s, el cartero realizar\u00e1 una comprobaci\u00f3n al entregar el paquete.<\/p>","protected":false},"excerpt":{"rendered":"<p><strong>Teslacigs Invader 4X<\/strong><\/p>\n<p>El Teslacigs Invader 4X es un potente mod con una potencia de salida de hasta 280 vatios y un dise\u00f1o robusto y ligero. Perfecto para vapeadores experimentados que valoran la potencia, la fiabilidad y el dise\u00f1o minimalista.<\/p>\n<p><strong>Atenci\u00f3n:<\/strong> Esta oferta est\u00e1 dirigida exclusivamente a personas mayores de edad. La ley de protecci\u00f3n de menores proh\u00edbe la oferta y la venta de este art\u00edculo a ni\u00f1os y adolescentes. El contrato de compraventa solo se perfeccionar\u00e1 tras la verificaci\u00f3n satisfactoria de la edad. Adem\u00e1s, el cartero realizar\u00e1 una comprobaci\u00f3n al entregar el paquete.<\/p>","protected":false},"featured_media":319141,"comment_status":"open","ping_status":"closed","template":"","meta":{"_acf_changed":false,"_relevanssi_hide_post":"","_relevanssi_hide_content":"","_relevanssi_pin_for_all":"","_relevanssi_pin_keywords":"","_relevanssi_unpin_keywords":"","_relevanssi_related_keywords":"","_relevanssi_related_include_ids":"","_relevanssi_related_exclude_ids":"","_relevanssi_related_no_append":"","_relevanssi_related_not_related":"","_relevanssi_related_posts":"","_relevanssi_noindex_reason":""},"product_brand":[],"product_cat":[4886],"product_tag":[],"class_list":{"0":"post-300300","1":"product","2":"type-product","3":"status-publish","4":"has-post-thumbnail","6":"product_cat-lagerverkauf-hardware-sale","7":"product_shipping_class-standard","9":"first","10":"outofstock","11":"taxable","12":"shipping-taxable","13":"purchasable","14":"product-type-variable"},"acf":[],"_links":{"self":[{"href":"https:\/\/my-eliquid.de\/es\/wp-json\/wp\/v2\/product\/300300","targetHints":{"allow":["GET"]}}],"collection":[{"href":"https:\/\/my-eliquid.de\/es\/wp-json\/wp\/v2\/product"}],"about":[{"href":"https:\/\/my-eliquid.de\/es\/wp-json\/wp\/v2\/types\/product"}],"replies":[{"embeddable":true,"href":"https:\/\/my-eliquid.de\/es\/wp-json\/wp\/v2\/comments?post=300300"}],"wp:featuredmedia":[{"embeddable":true,"href":"https:\/\/my-eliquid.de\/es\/wp-json\/wp\/v2\/media\/319141"}],"wp:attachment":[{"href":"https:\/\/my-eliquid.de\/es\/wp-json\/wp\/v2\/media?parent=300300"}],"wp:term":[{"taxonomy":"product_brand","embeddable":true,"href":"https:\/\/my-eliquid.de\/es\/wp-json\/wp\/v2\/product_brand?post=300300"},{"taxonomy":"product_cat","embeddable":true,"href":"https:\/\/my-eliquid.de\/es\/wp-json\/wp\/v2\/product_cat?post=300300"},{"taxonomy":"product_tag","embeddable":true,"href":"https:\/\/my-eliquid.de\/es\/wp-json\/wp\/v2\/product_tag?post=300300"}],"curies":[{"name":"wp","href":"https:\/\/api.w.org\/{rel}","templated":true}]}}