{"id":302462,"date":"2011-12-25T00:00:00","date_gmt":"2011-12-24T23:00:00","guid":{"rendered":"https:\/\/my-eliquid.de\/shop\/melone-aroma\/"},"modified":"2026-04-14T08:37:34","modified_gmt":"2026-04-14T06:37:34","slug":"melone-aroma","status":"publish","type":"product","link":"https:\/\/my-eliquid.de\/es\/shop\/melone-aroma\/","title":{"rendered":"Sabor mel\u00f3n"},"content":{"rendered":"<p>Nuestra <strong>Sabor mel\u00f3n<\/strong> punktet mit seinem k\u00f6stlich-s\u00fc\u00dfen und fruchtig-saftigen <strong>sabor a mel\u00f3n<\/strong> y procede de la l\u00ednea de <strong>Aromas de frutas<\/strong>. Sonnengereifte <strong>Melones<\/strong> und ihr k\u00f6stlich-vollmundiger Geschmack \u2013 ein wahrer <strong>Sabor<\/strong>-Traum! Das <strong>Sabor mel\u00f3n<\/strong> es adecuado para aromatizar y <strong>Produzca sus propios l\u00edquidos<\/strong> y puede combinarse con otros <strong>Mezcla de sabores<\/strong> convertirse. De este modo, podr\u00e1 crear nuevos dise\u00f1os individualizados una y otra vez. <strong>L\u00edquidos<\/strong>\u00a1! Los aromatizantes no deben utilizarse sin diluir y deben someterse siempre a una <strong>Base<\/strong> puede a\u00f1adirse.<\/p>","protected":false},"excerpt":{"rendered":"<p>Un aut\u00e9ntico placer tanto en verano como en invierno: nuestro <strong>Delicioso aroma a mel\u00f3n.<\/strong> y su \u00fanico y seductor <strong>sabor a mel\u00f3n<\/strong>: \u00a1Dulce, delicioso y afrutado!<\/p>","protected":false},"featured_media":319166,"comment_status":"open","ping_status":"closed","template":"","meta":{"_acf_changed":false,"_relevanssi_hide_post":"","_relevanssi_hide_content":"","_relevanssi_pin_for_all":"","_relevanssi_pin_keywords":"","_relevanssi_unpin_keywords":"","_relevanssi_related_keywords":"","_relevanssi_related_include_ids":"","_relevanssi_related_exclude_ids":"","_relevanssi_related_no_append":"","_relevanssi_related_not_related":"","_relevanssi_related_posts":"","_relevanssi_noindex_reason":""},"product_brand":[],"product_cat":[4733,4882,4701,4705,4881],"product_tag":[6790,4915,4914,4942,6789,5037,5004],"class_list":{"0":"post-302462","1":"product","2":"type-product","3":"status-publish","4":"has-post-thumbnail","6":"product_cat-alle-aromen","7":"product_cat-aromen-ohne-sucralose","8":"product_cat-aromen","9":"product_cat-frucht-aromen-liquid-e-zigarette","10":"product_cat-my-eliquid-aromen","11":"product_tag-cantaloupe","12":"product_tag-e-liquid","13":"product_tag-eliquid","14":"product_tag-frucht","15":"product_tag-melon","16":"product_tag-melone","17":"product_tag-nachfuellfluessigkeit","18":"product_shipping_class-standard","20":"first","21":"instock","22":"taxable","23":"shipping-taxable","24":"purchasable","25":"product-type-variable"},"acf":[],"_links":{"self":[{"href":"https:\/\/my-eliquid.de\/es\/wp-json\/wp\/v2\/product\/302462","targetHints":{"allow":["GET"]}}],"collection":[{"href":"https:\/\/my-eliquid.de\/es\/wp-json\/wp\/v2\/product"}],"about":[{"href":"https:\/\/my-eliquid.de\/es\/wp-json\/wp\/v2\/types\/product"}],"replies":[{"embeddable":true,"href":"https:\/\/my-eliquid.de\/es\/wp-json\/wp\/v2\/comments?post=302462"}],"wp:featuredmedia":[{"embeddable":true,"href":"https:\/\/my-eliquid.de\/es\/wp-json\/wp\/v2\/media\/319166"}],"wp:attachment":[{"href":"https:\/\/my-eliquid.de\/es\/wp-json\/wp\/v2\/media?parent=302462"}],"wp:term":[{"taxonomy":"product_brand","embeddable":true,"href":"https:\/\/my-eliquid.de\/es\/wp-json\/wp\/v2\/product_brand?post=302462"},{"taxonomy":"product_cat","embeddable":true,"href":"https:\/\/my-eliquid.de\/es\/wp-json\/wp\/v2\/product_cat?post=302462"},{"taxonomy":"product_tag","embeddable":true,"href":"https:\/\/my-eliquid.de\/es\/wp-json\/wp\/v2\/product_tag?post=302462"}],"curies":[{"name":"wp","href":"https:\/\/api.w.org\/{rel}","templated":true}]}}