{"id":302532,"date":"2012-02-21T00:00:00","date_gmt":"2012-02-20T23:00:00","guid":{"rendered":"https:\/\/my-eliquid.de\/shop\/kaffee-aroma\/"},"modified":"2026-01-13T10:32:32","modified_gmt":"2026-01-13T09:32:32","slug":"kaffee-aroma","status":"publish","type":"product","link":"https:\/\/my-eliquid.de\/es\/shop\/kaffee-aroma\/","title":{"rendered":"Sabor a caf\u00e9"},"content":{"rendered":"<p>Nuestra <strong>Sabor a caf\u00e9<\/strong> mit seinem frisch-duftenden, w\u00fcrzig-kr\u00e4ftigen <strong>Kaffeegeschmack<\/strong> procede de la l\u00ednea de <strong>Sabores de bebidas<\/strong>. Das unwiderstehliche <strong>Kaffee-Vergn\u00fcgen<\/strong>, das keine W\u00fcnsche offen l\u00e4sst! Das <strong>Sabor a caf\u00e9<\/strong> es adecuado para aromatizar y <strong>Produzca sus propios l\u00edquidos<\/strong> y puede combinarse con otros <strong>los sabores se mezclan<\/strong>. Esto le permite crear nuevos l\u00edquidos individualizados una y otra vez. <strong>Sabores<\/strong> no debe utilizarse sin diluir y debe someterse siempre a una <strong>Base<\/strong> puede a\u00f1adirse.<\/p>","protected":false},"excerpt":{"rendered":"<p>Picante, fuerte, \u00a1delicioso! \u00bfQu\u00e9 ser\u00eda de nuestra vida cotidiana sin <strong>caf\u00e9 fresco y arom\u00e1tico<\/strong>? Con nuestro <strong>Sabor a caf\u00e9<\/strong> podr\u00e1 disfrutar de todo su sabor en cualquier momento.<\/p>","protected":false},"featured_media":319438,"comment_status":"open","ping_status":"closed","template":"","meta":{"_acf_changed":false,"_relevanssi_hide_post":"","_relevanssi_hide_content":"","_relevanssi_pin_for_all":"","_relevanssi_pin_keywords":"","_relevanssi_unpin_keywords":"","_relevanssi_related_keywords":"","_relevanssi_related_include_ids":"","_relevanssi_related_exclude_ids":"","_relevanssi_related_no_append":"","_relevanssi_related_not_related":"","_relevanssi_related_posts":"","_relevanssi_noindex_reason":""},"product_brand":[],"product_cat":[4733,4882,4701,4702,4881],"product_tag":[1399,5083,4919,4915,5166,4917,4914,4918,5082,5004,4920],"class_list":{"0":"post-302532","1":"product","2":"type-product","3":"status-publish","4":"has-post-thumbnail","6":"product_cat-alle-aromen","7":"product_cat-aromen-ohne-sucralose","8":"product_cat-aromen","9":"product_cat-drinks-aromen-liquid-e-zigarette","10":"product_cat-my-eliquid-aromen","11":"product_tag-aroma","12":"product_tag-coffee","13":"product_tag-dampfer","14":"product_tag-e-liquid","15":"product_tag-e-zigarette","16":"product_tag-e-zigi","17":"product_tag-eliquid","18":"product_tag-ezigarette","19":"product_tag-kaffee","20":"product_tag-nachfuellfluessigkeit","21":"product_tag-verdampfer","22":"product_shipping_class-standard","24":"first","25":"outofstock","26":"taxable","27":"shipping-taxable","28":"purchasable","29":"product-type-variable"},"acf":[],"_links":{"self":[{"href":"https:\/\/my-eliquid.de\/es\/wp-json\/wp\/v2\/product\/302532","targetHints":{"allow":["GET"]}}],"collection":[{"href":"https:\/\/my-eliquid.de\/es\/wp-json\/wp\/v2\/product"}],"about":[{"href":"https:\/\/my-eliquid.de\/es\/wp-json\/wp\/v2\/types\/product"}],"replies":[{"embeddable":true,"href":"https:\/\/my-eliquid.de\/es\/wp-json\/wp\/v2\/comments?post=302532"}],"wp:featuredmedia":[{"embeddable":true,"href":"https:\/\/my-eliquid.de\/es\/wp-json\/wp\/v2\/media\/319438"}],"wp:attachment":[{"href":"https:\/\/my-eliquid.de\/es\/wp-json\/wp\/v2\/media?parent=302532"}],"wp:term":[{"taxonomy":"product_brand","embeddable":true,"href":"https:\/\/my-eliquid.de\/es\/wp-json\/wp\/v2\/product_brand?post=302532"},{"taxonomy":"product_cat","embeddable":true,"href":"https:\/\/my-eliquid.de\/es\/wp-json\/wp\/v2\/product_cat?post=302532"},{"taxonomy":"product_tag","embeddable":true,"href":"https:\/\/my-eliquid.de\/es\/wp-json\/wp\/v2\/product_tag?post=302532"}],"curies":[{"name":"wp","href":"https:\/\/api.w.org\/{rel}","templated":true}]}}