{"id":302538,"date":"2017-09-06T00:00:00","date_gmt":"2017-09-05T22:00:00","guid":{"rendered":"https:\/\/my-eliquid.de\/shop\/zitronenkuchen-aroma\/"},"modified":"2026-02-20T07:31:28","modified_gmt":"2026-02-20T06:31:28","slug":"zitronenkuchen-aroma","status":"publish","type":"product","link":"https:\/\/my-eliquid.de\/es\/shop\/zitronenkuchen-aroma\/","title":{"rendered":"Sabor a tarta de lim\u00f3n"},"content":{"rendered":"<p>Nuestra <strong>Sabor a tarta de lim\u00f3n<\/strong> mit seinem duftenden <strong>Kuchengeschmack<\/strong> procede de la l\u00ednea de <strong>sabores dulces<\/strong>. Die gelungene Kombination aus saurer Zitrone und saftig-s\u00fc\u00dfem Kuchenteig beschert wahre Gaumenfreuden. Das <strong>Sabor a tarta de lim\u00f3n<\/strong> es adecuado para aromatizar y <strong>Produzca sus propios l\u00edquidos<\/strong> y pueden mezclarse con otros sabores. De este modo, podr\u00e1 crear una y otra vez nuevos l\u00edquidos personalizados. <strong>Sabores<\/strong> no debe utilizarse sin diluir y debe someterse siempre a una <strong>Base<\/strong> puede a\u00f1adirse.<\/p>","protected":false},"excerpt":{"rendered":"<p>Nuestro perfume \u00fanico <strong>Sabor a tarta de lim\u00f3n<\/strong> sabe a reci\u00e9n salido del horno y har\u00e1 las delicias de todos aquellos a los que les guste el sabor dulce y picante a la vez. <strong>vapor refrescante<\/strong>.<\/p>","protected":false},"featured_media":319449,"comment_status":"open","ping_status":"closed","template":"","meta":{"_acf_changed":false,"_relevanssi_hide_post":"","_relevanssi_hide_content":"","_relevanssi_pin_for_all":"","_relevanssi_pin_keywords":"","_relevanssi_unpin_keywords":"","_relevanssi_related_keywords":"","_relevanssi_related_include_ids":"","_relevanssi_related_exclude_ids":"","_relevanssi_related_no_append":"","_relevanssi_related_not_related":"","_relevanssi_related_posts":"","_relevanssi_noindex_reason":""},"product_brand":[],"product_cat":[4733,4882,4701,4705,4881,4707],"product_tag":[6716,1399,6847,6730,4942,6712,5805,5792,6584,6863],"class_list":{"0":"post-302538","1":"product","2":"type-product","3":"status-publish","4":"has-post-thumbnail","6":"product_cat-alle-aromen","7":"product_cat-aromen-ohne-sucralose","8":"product_cat-aromen","9":"product_cat-frucht-aromen-liquid-e-zigarette","10":"product_cat-my-eliquid-aromen","11":"product_cat-suesse-aromen-liquid-e-zigarette","12":"product_tag-alle","13":"product_tag-aroma","14":"product_tag-aromen","15":"product_tag-eliquids","16":"product_tag-frucht","17":"product_tag-fuer","18":"product_tag-liquid","19":"product_tag-liquids","20":"product_tag-suesse","21":"product_tag-zitronenkuchen","22":"product_shipping_class-standard","24":"first","25":"outofstock","26":"taxable","27":"shipping-taxable","28":"purchasable","29":"product-type-variable"},"acf":[],"_links":{"self":[{"href":"https:\/\/my-eliquid.de\/es\/wp-json\/wp\/v2\/product\/302538","targetHints":{"allow":["GET"]}}],"collection":[{"href":"https:\/\/my-eliquid.de\/es\/wp-json\/wp\/v2\/product"}],"about":[{"href":"https:\/\/my-eliquid.de\/es\/wp-json\/wp\/v2\/types\/product"}],"replies":[{"embeddable":true,"href":"https:\/\/my-eliquid.de\/es\/wp-json\/wp\/v2\/comments?post=302538"}],"wp:featuredmedia":[{"embeddable":true,"href":"https:\/\/my-eliquid.de\/es\/wp-json\/wp\/v2\/media\/319449"}],"wp:attachment":[{"href":"https:\/\/my-eliquid.de\/es\/wp-json\/wp\/v2\/media?parent=302538"}],"wp:term":[{"taxonomy":"product_brand","embeddable":true,"href":"https:\/\/my-eliquid.de\/es\/wp-json\/wp\/v2\/product_brand?post=302538"},{"taxonomy":"product_cat","embeddable":true,"href":"https:\/\/my-eliquid.de\/es\/wp-json\/wp\/v2\/product_cat?post=302538"},{"taxonomy":"product_tag","embeddable":true,"href":"https:\/\/my-eliquid.de\/es\/wp-json\/wp\/v2\/product_tag?post=302538"}],"curies":[{"name":"wp","href":"https:\/\/api.w.org\/{rel}","templated":true}]}}