{"id":302546,"date":"2017-09-06T00:00:00","date_gmt":"2017-09-05T22:00:00","guid":{"rendered":"https:\/\/my-eliquid.de\/shop\/sweet-strawberry-aroma\/"},"modified":"2025-11-25T13:53:13","modified_gmt":"2025-11-25T12:53:13","slug":"sweet-strawberry-aroma","status":"publish","type":"product","link":"https:\/\/my-eliquid.de\/es\/shop\/sweet-strawberry-aroma\/","title":{"rendered":"Sabor Fresa dulce (Fresa 2)"},"content":{"rendered":"<p style=\"line-height: 19px;\">Nuestra\u00a0<strong>Aroma de fresa dulce<\/strong>\u00a0con su dulce\u00a0<strong>Sabor a bayas<\/strong>\u00a0procede de la l\u00ednea de\u00a0<strong>Aromas de frutas<\/strong>.<\/p>\n<p style=\"line-height: 19px;\">Esta variedad tiene un sabor m\u00e1s dulce que la fresa natural y ofrece una carga completa de potencia frutal.<\/p>\n<p style=\"line-height: 19px;\">En\u00a0<strong style=\"line-height: 19px;\">Aroma de fresa dulce<\/strong>\u00a0es adecuado para aromatizar y\u00a0<strong>Produzca sus propios l\u00edquidos\u00a0<\/strong>y puede mezclarse con otros sabores.<\/p>\n<p style=\"line-height: 19px;\">Esto le permite crear nuevos l\u00edquidos individualizados una y otra vez.<\/p>\n<p style=\"line-height: 19px;\"><strong>Sabores<\/strong>\u00a0no debe utilizarse sin diluir y debe someterse siempre a una\u00a0<strong>Base<\/strong>\u00a0puede a\u00f1adirse.<\/p>","protected":false},"excerpt":{"rendered":"<p>\u00a1Nadie se cansa de las fresas! Y por eso tenemos otro <strong>Aroma de fresa dulce<\/strong> Creado, a\u00fan m\u00e1s afrutado y m\u00e1s dulce: como un batido.<\/p>","protected":false},"featured_media":319493,"comment_status":"open","ping_status":"closed","template":"","meta":{"_acf_changed":false,"_relevanssi_hide_post":"","_relevanssi_hide_content":"","_relevanssi_pin_for_all":"","_relevanssi_pin_keywords":"","_relevanssi_unpin_keywords":"","_relevanssi_related_keywords":"","_relevanssi_related_include_ids":"","_relevanssi_related_exclude_ids":"","_relevanssi_related_no_append":"","_relevanssi_related_not_related":"","_relevanssi_related_posts":"","_relevanssi_noindex_reason":""},"product_brand":[],"product_cat":[4733,4882,4701,4705,4881],"product_tag":[6900,6716,1399,6847,6730,5803,4942,6712,5805,5792],"class_list":{"0":"post-302546","1":"product","2":"type-product","3":"status-publish","4":"has-post-thumbnail","6":"product_cat-alle-aromen","7":"product_cat-aromen-ohne-sucralose","8":"product_cat-aromen","9":"product_cat-frucht-aromen-liquid-e-zigarette","10":"product_cat-my-eliquid-aromen","11":"product_tag-6900","12":"product_tag-alle","13":"product_tag-aroma","14":"product_tag-aromen","15":"product_tag-eliquids","16":"product_tag-erdbeere","17":"product_tag-frucht","18":"product_tag-fuer","19":"product_tag-liquid","20":"product_tag-liquids","21":"product_shipping_class-standard","23":"first","24":"outofstock","25":"taxable","26":"shipping-taxable","27":"purchasable","28":"product-type-variable"},"acf":[],"_links":{"self":[{"href":"https:\/\/my-eliquid.de\/es\/wp-json\/wp\/v2\/product\/302546","targetHints":{"allow":["GET"]}}],"collection":[{"href":"https:\/\/my-eliquid.de\/es\/wp-json\/wp\/v2\/product"}],"about":[{"href":"https:\/\/my-eliquid.de\/es\/wp-json\/wp\/v2\/types\/product"}],"replies":[{"embeddable":true,"href":"https:\/\/my-eliquid.de\/es\/wp-json\/wp\/v2\/comments?post=302546"}],"wp:featuredmedia":[{"embeddable":true,"href":"https:\/\/my-eliquid.de\/es\/wp-json\/wp\/v2\/media\/319493"}],"wp:attachment":[{"href":"https:\/\/my-eliquid.de\/es\/wp-json\/wp\/v2\/media?parent=302546"}],"wp:term":[{"taxonomy":"product_brand","embeddable":true,"href":"https:\/\/my-eliquid.de\/es\/wp-json\/wp\/v2\/product_brand?post=302546"},{"taxonomy":"product_cat","embeddable":true,"href":"https:\/\/my-eliquid.de\/es\/wp-json\/wp\/v2\/product_cat?post=302546"},{"taxonomy":"product_tag","embeddable":true,"href":"https:\/\/my-eliquid.de\/es\/wp-json\/wp\/v2\/product_tag?post=302546"}],"curies":[{"name":"wp","href":"https:\/\/api.w.org\/{rel}","templated":true}]}}