{"id":302549,"date":"2011-12-01T00:00:00","date_gmt":"2011-11-30T23:00:00","guid":{"rendered":"https:\/\/my-eliquid.de\/shop\/pfirsich-aroma\/"},"modified":"2026-04-13T09:24:31","modified_gmt":"2026-04-13T07:24:31","slug":"pfirsich-aroma","status":"publish","type":"product","link":"https:\/\/my-eliquid.de\/es\/shop\/pfirsich-aroma\/","title":{"rendered":"Sabor a melocot\u00f3n"},"content":{"rendered":"<p>Nuestra <strong>Sabor a melocot\u00f3n<\/strong> \u00fcberzeugt mit seinem sehr fruchtigen, s\u00fc\u00df-k\u00f6stlichen <strong>Pfirsichgeschmack<\/strong> y procede de la l\u00ednea de <strong>Aromas de frutas<\/strong>. Ein fruchtiger Traum: Sommerliches <strong>Pfirsicharoma<\/strong>, das Laune macht! Das <strong>Sabor a melocot\u00f3n<\/strong> es adecuado para aromatizar y <strong>Produzca sus propios l\u00edquidos<\/strong> y puede combinarse con otros <strong>Mezcla de sabores<\/strong> convertirse. De este modo, podr\u00e1 crear nuevos dise\u00f1os individualizados una y otra vez. <strong>L\u00edquidos<\/strong>\u00a1! Los aromatizantes no deben utilizarse sin diluir y deben someterse siempre a una <strong>Base<\/strong> puede a\u00f1adirse.<\/p>","protected":false},"excerpt":{"rendered":"<p>El sabor fresco de la deliciosa fruta madurada al sol <strong>melocotones<\/strong> se presentar\u00e1 en nuestro <strong>Sabor a melocot\u00f3n<\/strong> una delicia incre\u00edble: \u00a1dulce, afrutado y muy jugoso!<\/p>","protected":false},"featured_media":319513,"comment_status":"open","ping_status":"closed","template":"","meta":{"_acf_changed":false,"_relevanssi_hide_post":"","_relevanssi_hide_content":"","_relevanssi_pin_for_all":"","_relevanssi_pin_keywords":"","_relevanssi_unpin_keywords":"","_relevanssi_related_keywords":"","_relevanssi_related_include_ids":"","_relevanssi_related_exclude_ids":"","_relevanssi_related_no_append":"","_relevanssi_related_not_related":"","_relevanssi_related_posts":"","_relevanssi_noindex_reason":""},"product_brand":[],"product_cat":[4733,4882,4701,4705,4881],"product_tag":[4919,4915,5166,4917,4914,4918,5004,4993,4920],"class_list":{"0":"post-302549","1":"product","2":"type-product","3":"status-publish","4":"has-post-thumbnail","6":"product_cat-alle-aromen","7":"product_cat-aromen-ohne-sucralose","8":"product_cat-aromen","9":"product_cat-frucht-aromen-liquid-e-zigarette","10":"product_cat-my-eliquid-aromen","11":"product_tag-dampfer","12":"product_tag-e-liquid","13":"product_tag-e-zigarette","14":"product_tag-e-zigi","15":"product_tag-eliquid","16":"product_tag-ezigarette","17":"product_tag-nachfuellfluessigkeit","18":"product_tag-pfirsich","19":"product_tag-verdampfer","20":"product_shipping_class-standard","22":"first","23":"instock","24":"taxable","25":"shipping-taxable","26":"purchasable","27":"product-type-variable"},"acf":[],"_links":{"self":[{"href":"https:\/\/my-eliquid.de\/es\/wp-json\/wp\/v2\/product\/302549","targetHints":{"allow":["GET"]}}],"collection":[{"href":"https:\/\/my-eliquid.de\/es\/wp-json\/wp\/v2\/product"}],"about":[{"href":"https:\/\/my-eliquid.de\/es\/wp-json\/wp\/v2\/types\/product"}],"replies":[{"embeddable":true,"href":"https:\/\/my-eliquid.de\/es\/wp-json\/wp\/v2\/comments?post=302549"}],"wp:featuredmedia":[{"embeddable":true,"href":"https:\/\/my-eliquid.de\/es\/wp-json\/wp\/v2\/media\/319513"}],"wp:attachment":[{"href":"https:\/\/my-eliquid.de\/es\/wp-json\/wp\/v2\/media?parent=302549"}],"wp:term":[{"taxonomy":"product_brand","embeddable":true,"href":"https:\/\/my-eliquid.de\/es\/wp-json\/wp\/v2\/product_brand?post=302549"},{"taxonomy":"product_cat","embeddable":true,"href":"https:\/\/my-eliquid.de\/es\/wp-json\/wp\/v2\/product_cat?post=302549"},{"taxonomy":"product_tag","embeddable":true,"href":"https:\/\/my-eliquid.de\/es\/wp-json\/wp\/v2\/product_tag?post=302549"}],"curies":[{"name":"wp","href":"https:\/\/api.w.org\/{rel}","templated":true}]}}