{"id":302575,"date":"2013-05-07T00:00:00","date_gmt":"2013-05-06T22:00:00","guid":{"rendered":"https:\/\/my-eliquid.de\/shop\/maxxblend-aroma\/"},"modified":"2026-04-28T08:52:47","modified_gmt":"2026-04-28T06:52:47","slug":"maxxblend-aroma","status":"publish","type":"product","link":"https:\/\/my-eliquid.de\/es\/shop\/maxxblend-aroma\/","title":{"rendered":"Sabor a tabaco Max Blend"},"content":{"rendered":"<p>Nuestra <strong>Sabor Max Blend<\/strong> mit seinem <strong>aromatisch-w\u00fcrzigen Tabakgeschmack<\/strong> procede de la l\u00ednea de <strong>Aromas de tabaco<\/strong>. Die einmalige Mischung von w\u00fcrzigem Geschmack und vollem <strong>Sabor<\/strong>! Das <strong>Sabor Max Blend<\/strong> es adecuado para aromatizar y <strong>Produzca sus propios l\u00edquidos<\/strong> y puede combinarse con otros <strong>Mezcla de sabores<\/strong> convertirse. De este modo, podr\u00e1 crear nuevos dise\u00f1os individualizados una y otra vez. <strong>L\u00edquidos<\/strong>! <strong>Sabores<\/strong> no debe utilizarse sin diluir y debe someterse siempre a una <strong>Base<\/strong> puede a\u00f1adirse.<\/p>","protected":false},"excerpt":{"rendered":"<p>Ahora se vuelve maravillosamente picante, agradablemente arom\u00e1tico y simplemente incre\u00edblemente bueno: nuestro <strong>Sabor Max Blend<\/strong> y su \u00fanico <strong>Sabor a tabaco<\/strong> \u00a1Un aut\u00e9ntico placer!<\/p>","protected":false},"featured_media":319602,"comment_status":"open","ping_status":"closed","template":"","meta":{"_acf_changed":false,"_relevanssi_hide_post":"","_relevanssi_hide_content":"","_relevanssi_pin_for_all":"","_relevanssi_pin_keywords":"","_relevanssi_unpin_keywords":"","_relevanssi_related_keywords":"","_relevanssi_related_include_ids":"","_relevanssi_related_exclude_ids":"","_relevanssi_related_no_append":"","_relevanssi_related_not_related":"","_relevanssi_related_posts":"","_relevanssi_noindex_reason":""},"product_brand":[],"product_cat":[4733,4882,4701,4881,4703],"product_tag":[6981,4919,4915,5166,4917,4914,4918,6980,5192,5004,4920],"class_list":{"0":"post-302575","1":"product","2":"type-product","3":"status-publish","4":"has-post-thumbnail","6":"product_cat-alle-aromen","7":"product_cat-aromen-ohne-sucralose","8":"product_cat-aromen","9":"product_cat-my-eliquid-aromen","10":"product_cat-tabak-aromen-liquid-e-zigarette","11":"product_tag-blend","12":"product_tag-dampfer","13":"product_tag-e-liquid","14":"product_tag-e-zigarette","15":"product_tag-e-zigi","16":"product_tag-eliquid","17":"product_tag-ezigarette","18":"product_tag-max","19":"product_tag-maxxblend","20":"product_tag-nachfuellfluessigkeit","21":"product_tag-verdampfer","22":"product_shipping_class-standard","24":"first","25":"instock","26":"taxable","27":"shipping-taxable","28":"purchasable","29":"product-type-variable"},"acf":[],"_links":{"self":[{"href":"https:\/\/my-eliquid.de\/es\/wp-json\/wp\/v2\/product\/302575","targetHints":{"allow":["GET"]}}],"collection":[{"href":"https:\/\/my-eliquid.de\/es\/wp-json\/wp\/v2\/product"}],"about":[{"href":"https:\/\/my-eliquid.de\/es\/wp-json\/wp\/v2\/types\/product"}],"replies":[{"embeddable":true,"href":"https:\/\/my-eliquid.de\/es\/wp-json\/wp\/v2\/comments?post=302575"}],"wp:featuredmedia":[{"embeddable":true,"href":"https:\/\/my-eliquid.de\/es\/wp-json\/wp\/v2\/media\/319602"}],"wp:attachment":[{"href":"https:\/\/my-eliquid.de\/es\/wp-json\/wp\/v2\/media?parent=302575"}],"wp:term":[{"taxonomy":"product_brand","embeddable":true,"href":"https:\/\/my-eliquid.de\/es\/wp-json\/wp\/v2\/product_brand?post=302575"},{"taxonomy":"product_cat","embeddable":true,"href":"https:\/\/my-eliquid.de\/es\/wp-json\/wp\/v2\/product_cat?post=302575"},{"taxonomy":"product_tag","embeddable":true,"href":"https:\/\/my-eliquid.de\/es\/wp-json\/wp\/v2\/product_tag?post=302575"}],"curies":[{"name":"wp","href":"https:\/\/api.w.org\/{rel}","templated":true}]}}