{"id":302584,"date":"2012-10-21T00:00:00","date_gmt":"2012-10-20T22:00:00","guid":{"rendered":"https:\/\/my-eliquid.de\/shop\/eierpunsch-aroma\/"},"modified":"2025-12-23T12:55:40","modified_gmt":"2025-12-23T11:55:40","slug":"eierpunsch-aroma","status":"publish","type":"product","link":"https:\/\/my-eliquid.de\/es\/shop\/eierpunsch-aroma\/","title":{"rendered":"Sabor ponche de huevo"},"content":{"rendered":"<p>Nuestra <strong>Sabor ponche de huevo<\/strong> mit seinem cremigen, wunderbar s\u00fc\u00dfen <strong>Eierpunschgeschmack<\/strong> procede de la l\u00ednea de <strong>Sabores especiales<\/strong>. Das cremig-weihnachtliche Naschvergn\u00fcgen \u2013 Schmeckt im Sommer und Winter! Das <strong>Sabor ponche de huevo<\/strong> es adecuado para <strong>Aromatizar y producir sus propios l\u00edquidos<\/strong> y puede <strong>Mezclado con otros sabores<\/strong> se pueden personalizar. De este modo, podr\u00e1 crear nuevos l\u00edquidos individualizados una y otra vez. <strong>Sabores<\/strong> no debe utilizarse sin diluir y debe someterse siempre a una <strong>Base<\/strong> puede a\u00f1adirse.<\/p>","protected":false},"excerpt":{"rendered":"<p>Si le gustan los dulces y la \u00e9poca navide\u00f1a, no querr\u00e1 perderse nuestro <strong>Sabor ponche de huevo<\/strong> La tentaci\u00f3n cremosa y dulce con una suave y arom\u00e1tica nota de alcohol.<\/p>","protected":false},"featured_media":319652,"comment_status":"open","ping_status":"closed","template":"","meta":{"_acf_changed":false,"_relevanssi_hide_post":"","_relevanssi_hide_content":"","_relevanssi_pin_for_all":"","_relevanssi_pin_keywords":"","_relevanssi_unpin_keywords":"","_relevanssi_related_keywords":"","_relevanssi_related_include_ids":"","_relevanssi_related_exclude_ids":"","_relevanssi_related_no_append":"","_relevanssi_related_not_related":"","_relevanssi_related_posts":"","_relevanssi_noindex_reason":""},"product_brand":[],"product_cat":[4733,4882,4701,4881,4712],"product_tag":[4919,4915,5166,4917,5147,5146,6818,4918,5004,4920,6819],"class_list":{"0":"post-302584","1":"product","2":"type-product","3":"status-publish","4":"has-post-thumbnail","6":"product_cat-alle-aromen","7":"product_cat-aromen-ohne-sucralose","8":"product_cat-aromen","9":"product_cat-my-eliquid-aromen","10":"product_cat-special-aromen-liquid-e-zigarette","11":"product_tag-dampfer","12":"product_tag-e-liquid","13":"product_tag-e-zigarette","14":"product_tag-e-zigi","15":"product_tag-eierlikoer","16":"product_tag-eierpunsch","17":"product_tag-elektrische","18":"product_tag-ezigarette","19":"product_tag-nachfuellfluessigkeit","20":"product_tag-verdampfer","21":"product_tag-zigarette","22":"product_shipping_class-standard","24":"first","25":"instock","26":"taxable","27":"shipping-taxable","28":"purchasable","29":"product-type-variable"},"acf":[],"_links":{"self":[{"href":"https:\/\/my-eliquid.de\/es\/wp-json\/wp\/v2\/product\/302584","targetHints":{"allow":["GET"]}}],"collection":[{"href":"https:\/\/my-eliquid.de\/es\/wp-json\/wp\/v2\/product"}],"about":[{"href":"https:\/\/my-eliquid.de\/es\/wp-json\/wp\/v2\/types\/product"}],"replies":[{"embeddable":true,"href":"https:\/\/my-eliquid.de\/es\/wp-json\/wp\/v2\/comments?post=302584"}],"wp:featuredmedia":[{"embeddable":true,"href":"https:\/\/my-eliquid.de\/es\/wp-json\/wp\/v2\/media\/319652"}],"wp:attachment":[{"href":"https:\/\/my-eliquid.de\/es\/wp-json\/wp\/v2\/media?parent=302584"}],"wp:term":[{"taxonomy":"product_brand","embeddable":true,"href":"https:\/\/my-eliquid.de\/es\/wp-json\/wp\/v2\/product_brand?post=302584"},{"taxonomy":"product_cat","embeddable":true,"href":"https:\/\/my-eliquid.de\/es\/wp-json\/wp\/v2\/product_cat?post=302584"},{"taxonomy":"product_tag","embeddable":true,"href":"https:\/\/my-eliquid.de\/es\/wp-json\/wp\/v2\/product_tag?post=302584"}],"curies":[{"name":"wp","href":"https:\/\/api.w.org\/{rel}","templated":true}]}}