{"id":302623,"date":"2013-05-07T00:00:00","date_gmt":"2013-05-06T22:00:00","guid":{"rendered":"https:\/\/my-eliquid.de\/?post_type=product&#038;p=302623"},"modified":"2026-04-08T09:43:28","modified_gmt":"2026-04-08T07:43:28","slug":"old-holborn-aroma","status":"publish","type":"product","link":"https:\/\/my-eliquid.de\/es\/shop\/old-holborn-aroma\/","title":{"rendered":"Aroma de tabaco Old Holborn"},"content":{"rendered":"<p>Nuestra <strong>Aroma Old Holborn<\/strong> mit seinem intensiven, \u00e4u\u00dferst herben <strong>sabor a tabaco<\/strong> procede de la l\u00ednea de <strong>Aromas de tabaco<\/strong>. Das Beste vom Besten: Der herb-aromatische <strong>Tabaco Old Holborn<\/strong>. Das <strong>Aroma Old Holborn<\/strong> es adecuado para aromatizar y <strong>Produzca sus propios l\u00edquidos<\/strong> y puede combinarse con otros <strong>Mezcla de sabores<\/strong> convertirse. De este modo, podr\u00e1 crear nuevos dise\u00f1os individualizados una y otra vez. <strong>L\u00edquidos<\/strong>! <strong>Sabores<\/strong> no debe utilizarse sin diluir y debe someterse siempre a una <strong>Base<\/strong> puede a\u00f1adirse.<\/p>","protected":false},"excerpt":{"rendered":"<p>Desde las extensas plantaciones de Virginia directamente a su mesa: nuestro <strong>Aroma Old Holborn<\/strong> le ofrece el delicioso sabor amargo del exquisito <strong>Tabacos Old Holborn<\/strong>!<\/p>","protected":false},"featured_media":319909,"comment_status":"open","ping_status":"closed","template":"","meta":{"_acf_changed":false,"_relevanssi_hide_post":"","_relevanssi_hide_content":"","_relevanssi_pin_for_all":"","_relevanssi_pin_keywords":"","_relevanssi_unpin_keywords":"","_relevanssi_related_keywords":"","_relevanssi_related_include_ids":"","_relevanssi_related_exclude_ids":"","_relevanssi_related_no_append":"","_relevanssi_related_not_related":"","_relevanssi_related_posts":"","_relevanssi_noindex_reason":""},"product_brand":[],"product_cat":[4733,4882,4701,4881,4703],"product_tag":[4919,4915,5166,4917,4914,4918,7049,5004,7048,4920],"class_list":{"0":"post-302623","1":"product","2":"type-product","3":"status-publish","4":"has-post-thumbnail","6":"product_cat-alle-aromen","7":"product_cat-aromen-ohne-sucralose","8":"product_cat-aromen","9":"product_cat-my-eliquid-aromen","10":"product_cat-tabak-aromen-liquid-e-zigarette","11":"product_tag-dampfer","12":"product_tag-e-liquid","13":"product_tag-e-zigarette","14":"product_tag-e-zigi","15":"product_tag-eliquid","16":"product_tag-ezigarette","17":"product_tag-holborn","18":"product_tag-nachfuellfluessigkeit","19":"product_tag-old","20":"product_tag-verdampfer","21":"product_shipping_class-standard","23":"first","24":"instock","25":"taxable","26":"shipping-taxable","27":"purchasable","28":"product-type-variable"},"acf":[],"_links":{"self":[{"href":"https:\/\/my-eliquid.de\/es\/wp-json\/wp\/v2\/product\/302623","targetHints":{"allow":["GET"]}}],"collection":[{"href":"https:\/\/my-eliquid.de\/es\/wp-json\/wp\/v2\/product"}],"about":[{"href":"https:\/\/my-eliquid.de\/es\/wp-json\/wp\/v2\/types\/product"}],"replies":[{"embeddable":true,"href":"https:\/\/my-eliquid.de\/es\/wp-json\/wp\/v2\/comments?post=302623"}],"wp:featuredmedia":[{"embeddable":true,"href":"https:\/\/my-eliquid.de\/es\/wp-json\/wp\/v2\/media\/319909"}],"wp:attachment":[{"href":"https:\/\/my-eliquid.de\/es\/wp-json\/wp\/v2\/media?parent=302623"}],"wp:term":[{"taxonomy":"product_brand","embeddable":true,"href":"https:\/\/my-eliquid.de\/es\/wp-json\/wp\/v2\/product_brand?post=302623"},{"taxonomy":"product_cat","embeddable":true,"href":"https:\/\/my-eliquid.de\/es\/wp-json\/wp\/v2\/product_cat?post=302623"},{"taxonomy":"product_tag","embeddable":true,"href":"https:\/\/my-eliquid.de\/es\/wp-json\/wp\/v2\/product_tag?post=302623"}],"curies":[{"name":"wp","href":"https:\/\/api.w.org\/{rel}","templated":true}]}}