{"id":303149,"date":"2011-10-18T00:00:00","date_gmt":"2011-10-17T22:00:00","guid":{"rendered":"https:\/\/my-eliquid.de\/shop\/apfel-menthol-liquid\/"},"modified":"2026-02-24T15:58:37","modified_gmt":"2026-02-24T14:58:37","slug":"apfel-menthol-liquid","status":"publish","type":"product","link":"https:\/\/my-eliquid.de\/es\/shop\/apfel-menthol-liquid\/","title":{"rendered":"L\u00edquido mentolado de manzana"},"content":{"rendered":"<p>Nuestra <strong>L\u00edquido mentolado de manzana<\/strong> mezclado <strong>aut\u00e9ntico sabor a manzana<\/strong> con un refrescante sabor a mentol y procede de la l\u00ednea de <strong>L\u00edquidos mentolados<\/strong>. Genial <strong>Nota mentolada<\/strong> se encuentra con el sabor \u00e1cido y delicioso de la manzana: \u00a1frescor que sabe bien! Todos nuestros l\u00edquidos se producen in situ y cumplen las normas de seguridad m\u00e1s estrictas. En <strong>L\u00edquido mentolado de manzana<\/strong> no contiene nicotina y est\u00e1 disponible en <strong>Potencias de nicotina<\/strong> disponible. Para un desarrollo duradero del sabor, recomendamos utilizar el <strong>e-l\u00edquido<\/strong> Almacenar al abrigo de la luz y en un lugar seco.<\/p>","protected":false},"excerpt":{"rendered":"<p>Con cuerpo, amargo <strong>aroma de manzana<\/strong> y la deliciosa y fresca brisa <strong>Mentol<\/strong>Nuestra <strong>L\u00edquido mentolado de manzana<\/strong> combina un sabor afrutado y helado <strong>Frescor mentolado<\/strong>.<\/p>","protected":false},"featured_media":319428,"comment_status":"open","ping_status":"closed","template":"","meta":{"_acf_changed":false,"_relevanssi_hide_post":"","_relevanssi_hide_content":"","_relevanssi_pin_for_all":"","_relevanssi_pin_keywords":"","_relevanssi_unpin_keywords":"","_relevanssi_related_keywords":"","_relevanssi_related_include_ids":"","_relevanssi_related_exclude_ids":"","_relevanssi_related_no_append":"","_relevanssi_related_not_related":"","_relevanssi_related_posts":"","_relevanssi_noindex_reason":""},"product_brand":[],"product_cat":[4731,4880,4694,4842],"product_tag":[4955,4914,4956,4925],"class_list":{"0":"post-303149","1":"product","2":"type-product","3":"status-publish","4":"has-post-thumbnail","6":"product_cat-alle-liquids-fur-e-zigaretten","7":"product_cat-liquids-ohne-sucralose","8":"product_cat-menthol-liquids-e-zigarette","9":"product_cat-my-eliquid-liquids","10":"product_tag-apfel","11":"product_tag-eliquid","12":"product_tag-menthol","13":"product_tag-minze","14":"product_shipping_class-standard","16":"first","17":"instock","18":"taxable","19":"shipping-taxable","20":"purchasable","21":"product-type-variable"},"acf":[],"_links":{"self":[{"href":"https:\/\/my-eliquid.de\/es\/wp-json\/wp\/v2\/product\/303149","targetHints":{"allow":["GET"]}}],"collection":[{"href":"https:\/\/my-eliquid.de\/es\/wp-json\/wp\/v2\/product"}],"about":[{"href":"https:\/\/my-eliquid.de\/es\/wp-json\/wp\/v2\/types\/product"}],"replies":[{"embeddable":true,"href":"https:\/\/my-eliquid.de\/es\/wp-json\/wp\/v2\/comments?post=303149"}],"wp:featuredmedia":[{"embeddable":true,"href":"https:\/\/my-eliquid.de\/es\/wp-json\/wp\/v2\/media\/319428"}],"wp:attachment":[{"href":"https:\/\/my-eliquid.de\/es\/wp-json\/wp\/v2\/media?parent=303149"}],"wp:term":[{"taxonomy":"product_brand","embeddable":true,"href":"https:\/\/my-eliquid.de\/es\/wp-json\/wp\/v2\/product_brand?post=303149"},{"taxonomy":"product_cat","embeddable":true,"href":"https:\/\/my-eliquid.de\/es\/wp-json\/wp\/v2\/product_cat?post=303149"},{"taxonomy":"product_tag","embeddable":true,"href":"https:\/\/my-eliquid.de\/es\/wp-json\/wp\/v2\/product_tag?post=303149"}],"curies":[{"name":"wp","href":"https:\/\/api.w.org\/{rel}","templated":true}]}}