{"id":303160,"date":"2017-09-05T00:00:00","date_gmt":"2017-09-04T22:00:00","guid":{"rendered":"https:\/\/my-eliquid.de\/shop\/honeymoon-liquid\/"},"modified":"2025-11-25T13:49:58","modified_gmt":"2025-11-25T12:49:58","slug":"honeymoon-liquid","status":"publish","type":"product","link":"https:\/\/my-eliquid.de\/es\/shop\/honeymoon-liquid\/","title":{"rendered":"L\u00edquido Luna de miel"},"content":{"rendered":"<p>Nuestra <strong>L\u00edquido Luna de miel<\/strong> mit seinem anziehenden <strong>Honigmelonengeschmack<\/strong> procede de la l\u00ednea de <strong>L\u00edquidos de frutas<\/strong>. Sehr intensiv und erfrischend-fruchtig &#8211; so garantiert diese Sorte ein geschmacksintensives <strong>Vaping<\/strong>. Todos nuestros l\u00edquidos se producen in situ y cumplen las normas de seguridad m\u00e1s estrictas. El sitio <strong>L\u00edquido Luna de miel<\/strong> no contiene nicotina y est\u00e1 disponible en diferentes niveles de nicotina. Para un desarrollo duradero del sabor, recomendamos utilizar el <strong>e-l\u00edquido<\/strong> Almacenar al abrigo de la luz y en un lugar seco.<\/p>","protected":false},"excerpt":{"rendered":"<p>\u00a1Aqu\u00ed se respira erotismo puro! Aromas selectos de la <strong>Mel\u00f3n dulce<\/strong> fluyen en nuestro intenso sabor <strong>L\u00edquido Luna de miel<\/strong> y dejan un aroma \u00fanico.<\/p>","protected":false},"featured_media":319447,"comment_status":"open","ping_status":"closed","template":"","meta":{"_acf_changed":false,"_relevanssi_hide_post":"","_relevanssi_hide_content":"","_relevanssi_pin_for_all":"","_relevanssi_pin_keywords":"","_relevanssi_unpin_keywords":"","_relevanssi_related_keywords":"","_relevanssi_related_include_ids":"","_relevanssi_related_exclude_ids":"","_relevanssi_related_no_append":"","_relevanssi_related_not_related":"","_relevanssi_related_posts":"","_relevanssi_noindex_reason":""},"product_brand":[],"product_cat":[4731,4690,4689,4880,4842],"product_tag":[6868,5805],"class_list":{"0":"post-303160","1":"product","2":"type-product","3":"status-publish","4":"has-post-thumbnail","6":"product_cat-alle-liquids-fur-e-zigaretten","7":"product_cat-frucht-liquids-e-zigarette","8":"product_cat-eliquids","9":"product_cat-liquids-ohne-sucralose","10":"product_cat-my-eliquid-liquids","11":"product_tag-honeymoon","12":"product_tag-liquid","13":"product_shipping_class-standard","15":"first","16":"instock","17":"taxable","18":"shipping-taxable","19":"purchasable","20":"product-type-variable"},"acf":[],"_links":{"self":[{"href":"https:\/\/my-eliquid.de\/es\/wp-json\/wp\/v2\/product\/303160","targetHints":{"allow":["GET"]}}],"collection":[{"href":"https:\/\/my-eliquid.de\/es\/wp-json\/wp\/v2\/product"}],"about":[{"href":"https:\/\/my-eliquid.de\/es\/wp-json\/wp\/v2\/types\/product"}],"replies":[{"embeddable":true,"href":"https:\/\/my-eliquid.de\/es\/wp-json\/wp\/v2\/comments?post=303160"}],"wp:featuredmedia":[{"embeddable":true,"href":"https:\/\/my-eliquid.de\/es\/wp-json\/wp\/v2\/media\/319447"}],"wp:attachment":[{"href":"https:\/\/my-eliquid.de\/es\/wp-json\/wp\/v2\/media?parent=303160"}],"wp:term":[{"taxonomy":"product_brand","embeddable":true,"href":"https:\/\/my-eliquid.de\/es\/wp-json\/wp\/v2\/product_brand?post=303160"},{"taxonomy":"product_cat","embeddable":true,"href":"https:\/\/my-eliquid.de\/es\/wp-json\/wp\/v2\/product_cat?post=303160"},{"taxonomy":"product_tag","embeddable":true,"href":"https:\/\/my-eliquid.de\/es\/wp-json\/wp\/v2\/product_tag?post=303160"}],"curies":[{"name":"wp","href":"https:\/\/api.w.org\/{rel}","templated":true}]}}