{"id":303181,"date":"2012-10-22T00:00:00","date_gmt":"2012-10-21T22:00:00","guid":{"rendered":"https:\/\/my-eliquid.de\/shop\/zimt-liquid\/"},"modified":"2025-11-25T13:54:50","modified_gmt":"2025-11-25T12:54:50","slug":"zimt-liquid","status":"publish","type":"product","link":"https:\/\/my-eliquid.de\/es\/shop\/zimt-liquid\/","title":{"rendered":"Canela l\u00edquida"},"content":{"rendered":"<p>Nuestra <strong>Canela l\u00edquida<\/strong> cautiva con su sabor \u00fanico, dulce y delicioso. <strong>Sabor canela<\/strong> y procede de la l\u00ednea de <strong>L\u00edquidos especiales<\/strong>. Disfrute al cien por cien de la exquisita canela en rama: \u00a1el golpe arom\u00e1tico e intenso! Todos nuestros <strong>L\u00edquidos<\/strong> se fabrican in situ y cumplen las normas de seguridad m\u00e1s estrictas. El sitio <strong>Canela l\u00edquida<\/strong> es <strong>sin nicotina<\/strong> y en diferentes <strong>Potencias de nicotina<\/strong> disponible. Para un desarrollo duradero del sabor, recomendamos utilizar el <strong>e-l\u00edquido<\/strong> Almacenar al abrigo de la luz y en un lugar seco.<\/p>","protected":false},"excerpt":{"rendered":"<p>Arom\u00e1tico, deliciosamente dulce e incre\u00edblemente delicado: nuestro <strong>Canela l\u00edquida<\/strong> Saca el m\u00e1ximo partido a esta deliciosa especia de color marr\u00f3n claro, \u00a1casi demasiado bonita para ser verdad!<\/p>","protected":false},"featured_media":319519,"comment_status":"open","ping_status":"closed","template":"","meta":{"_acf_changed":false,"_relevanssi_hide_post":"","_relevanssi_hide_content":"","_relevanssi_pin_for_all":"","_relevanssi_pin_keywords":"","_relevanssi_unpin_keywords":"","_relevanssi_related_keywords":"","_relevanssi_related_include_ids":"","_relevanssi_related_exclude_ids":"","_relevanssi_related_no_append":"","_relevanssi_related_not_related":"","_relevanssi_related_posts":"","_relevanssi_noindex_reason":""},"product_brand":[],"product_cat":[4731,4689,4880,4842,4693],"product_tag":[5156,5151,4919,4915,5166,4917,6818,4918,5004,4920,6819,5150],"class_list":{"0":"post-303181","1":"product","2":"type-product","3":"status-publish","4":"has-post-thumbnail","6":"product_cat-alle-liquids-fur-e-zigaretten","7":"product_cat-eliquids","8":"product_cat-liquids-ohne-sucralose","9":"product_cat-my-eliquid-liquids","10":"product_cat-special-liquids-e-zigarette","11":"product_tag-cannelle","12":"product_tag-cinnamomum","13":"product_tag-dampfer","14":"product_tag-e-liquid","15":"product_tag-e-zigarette","16":"product_tag-e-zigi","17":"product_tag-elektrische","18":"product_tag-ezigarette","19":"product_tag-nachfuellfluessigkeit","20":"product_tag-verdampfer","21":"product_tag-zigarette","22":"product_tag-zimt","23":"product_shipping_class-standard","25":"first","26":"instock","27":"taxable","28":"shipping-taxable","29":"purchasable","30":"product-type-variable"},"acf":[],"_links":{"self":[{"href":"https:\/\/my-eliquid.de\/es\/wp-json\/wp\/v2\/product\/303181","targetHints":{"allow":["GET"]}}],"collection":[{"href":"https:\/\/my-eliquid.de\/es\/wp-json\/wp\/v2\/product"}],"about":[{"href":"https:\/\/my-eliquid.de\/es\/wp-json\/wp\/v2\/types\/product"}],"replies":[{"embeddable":true,"href":"https:\/\/my-eliquid.de\/es\/wp-json\/wp\/v2\/comments?post=303181"}],"wp:featuredmedia":[{"embeddable":true,"href":"https:\/\/my-eliquid.de\/es\/wp-json\/wp\/v2\/media\/319519"}],"wp:attachment":[{"href":"https:\/\/my-eliquid.de\/es\/wp-json\/wp\/v2\/media?parent=303181"}],"wp:term":[{"taxonomy":"product_brand","embeddable":true,"href":"https:\/\/my-eliquid.de\/es\/wp-json\/wp\/v2\/product_brand?post=303181"},{"taxonomy":"product_cat","embeddable":true,"href":"https:\/\/my-eliquid.de\/es\/wp-json\/wp\/v2\/product_cat?post=303181"},{"taxonomy":"product_tag","embeddable":true,"href":"https:\/\/my-eliquid.de\/es\/wp-json\/wp\/v2\/product_tag?post=303181"}],"curies":[{"name":"wp","href":"https:\/\/api.w.org\/{rel}","templated":true}]}}