{"id":303190,"date":"2013-09-04T00:00:00","date_gmt":"2013-09-03T22:00:00","guid":{"rendered":"https:\/\/my-eliquid.de\/shop\/summersplash-liquid\/"},"modified":"2025-11-25T13:53:09","modified_gmt":"2025-11-25T12:53:09","slug":"summersplash-liquid","status":"publish","type":"product","link":"https:\/\/my-eliquid.de\/es\/shop\/summersplash-liquid\/","title":{"rendered":"L\u00edquido Summersplash"},"content":{"rendered":"<p>Nuestra <strong>L\u00edquido Summersplash<\/strong> kombiniert die <strong>Sabores<\/strong> von vollmundig-s\u00fc\u00dfer <strong>grosella \u00e1cida<\/strong> und saftig-spritziger <strong>Lim\u00f3n<\/strong> y procede de la l\u00ednea de <strong>L\u00edquidos especiales<\/strong>. Das sommerlich-frisce Zitronen-Kirsch-Vergn\u00fcgen! All unsere <strong>L\u00edquidos<\/strong> se fabrican in situ y cumplen las normas de seguridad m\u00e1s estrictas. El sitio <strong>L\u00edquido Summersplash<\/strong> es <strong>sin nicotina<\/strong> y en diferentes <strong>Potencias de nicotina<\/strong> disponible. Para un desarrollo duradero del sabor, recomendamos utilizar el <strong>e-l\u00edquido<\/strong> Almacenar al abrigo de la luz y en un lugar seco.<\/p>","protected":false},"excerpt":{"rendered":"<p>Das Aroma von fruchtiger, s\u00fc\u00dfer <strong>grosella \u00e1cida<\/strong> umh\u00fcllt vom Geschmack spritziger, frischer <strong>Lim\u00f3n<\/strong> \u2013 Klingt wie ein Traum? Ist es auch: Unser <strong>L\u00edquido Summersplash<\/strong>!<\/p>","protected":false},"featured_media":319560,"comment_status":"open","ping_status":"closed","template":"","meta":{"_acf_changed":false,"_relevanssi_hide_post":"","_relevanssi_hide_content":"","_relevanssi_pin_for_all":"","_relevanssi_pin_keywords":"","_relevanssi_unpin_keywords":"","_relevanssi_related_keywords":"","_relevanssi_related_include_ids":"","_relevanssi_related_exclude_ids":"","_relevanssi_related_no_append":"","_relevanssi_related_not_related":"","_relevanssi_related_posts":"","_relevanssi_noindex_reason":""},"product_brand":[],"product_cat":[4731,4689,4880,4842,4693],"product_tag":[4919,4915,5166,4917,4914,4918,5004,5200,4920],"class_list":{"0":"post-303190","1":"product","2":"type-product","3":"status-publish","4":"has-post-thumbnail","6":"product_cat-alle-liquids-fur-e-zigaretten","7":"product_cat-eliquids","8":"product_cat-liquids-ohne-sucralose","9":"product_cat-my-eliquid-liquids","10":"product_cat-special-liquids-e-zigarette","11":"product_tag-dampfer","12":"product_tag-e-liquid","13":"product_tag-e-zigarette","14":"product_tag-e-zigi","15":"product_tag-eliquid","16":"product_tag-ezigarette","17":"product_tag-nachfuellfluessigkeit","18":"product_tag-summersplash","19":"product_tag-verdampfer","20":"product_shipping_class-standard","22":"first","23":"outofstock","24":"taxable","25":"shipping-taxable","26":"purchasable","27":"product-type-variable"},"acf":[],"_links":{"self":[{"href":"https:\/\/my-eliquid.de\/es\/wp-json\/wp\/v2\/product\/303190","targetHints":{"allow":["GET"]}}],"collection":[{"href":"https:\/\/my-eliquid.de\/es\/wp-json\/wp\/v2\/product"}],"about":[{"href":"https:\/\/my-eliquid.de\/es\/wp-json\/wp\/v2\/types\/product"}],"replies":[{"embeddable":true,"href":"https:\/\/my-eliquid.de\/es\/wp-json\/wp\/v2\/comments?post=303190"}],"wp:featuredmedia":[{"embeddable":true,"href":"https:\/\/my-eliquid.de\/es\/wp-json\/wp\/v2\/media\/319560"}],"wp:attachment":[{"href":"https:\/\/my-eliquid.de\/es\/wp-json\/wp\/v2\/media?parent=303190"}],"wp:term":[{"taxonomy":"product_brand","embeddable":true,"href":"https:\/\/my-eliquid.de\/es\/wp-json\/wp\/v2\/product_brand?post=303190"},{"taxonomy":"product_cat","embeddable":true,"href":"https:\/\/my-eliquid.de\/es\/wp-json\/wp\/v2\/product_cat?post=303190"},{"taxonomy":"product_tag","embeddable":true,"href":"https:\/\/my-eliquid.de\/es\/wp-json\/wp\/v2\/product_tag?post=303190"}],"curies":[{"name":"wp","href":"https:\/\/api.w.org\/{rel}","templated":true}]}}