{"id":303191,"date":"2011-10-01T00:00:00","date_gmt":"2011-09-30T22:00:00","guid":{"rendered":"https:\/\/my-eliquid.de\/shop\/minze-liquid\/"},"modified":"2026-04-08T09:43:28","modified_gmt":"2026-04-08T07:43:28","slug":"minze-liquid","status":"publish","type":"product","link":"https:\/\/my-eliquid.de\/es\/shop\/minze-liquid\/","title":{"rendered":"Menta l\u00edquida"},"content":{"rendered":"<p>Nuestra <strong>Menta l\u00edquida<\/strong> \u00fcberzeugt durch seinen intensiven, aber dennoch milden Pfefferminzgeschmack und stammt aus der Linie der <strong>L\u00edquidos mentolados<\/strong>. Erfrischt und schmeckt zugleich! All unsere Fl\u00fcssigkeiten werden bei uns vor Ort produziert und entsprechen h\u00f6chsten Sicherheitsstandards. Das <strong>Menta l\u00edquida<\/strong> no contiene nicotina y est\u00e1 disponible en <strong>Potencias de nicotina<\/strong> disponible. Para un desarrollo duradero del sabor, recomendamos utilizar el <strong>e-l\u00edquido<\/strong> Almacenar al abrigo de la luz y en un lugar seco.<\/p>","protected":false},"excerpt":{"rendered":"<p>La intensa frescura del suave aroma a menta es la clave de nuestro <strong>L\u00edquidos de menta<\/strong>. \u00a1Sabor agradable, como el de una hoja de menta del propio jard\u00edn!<\/p>","protected":false},"featured_media":319563,"comment_status":"open","ping_status":"closed","template":"","meta":{"_acf_changed":false,"_relevanssi_hide_post":"","_relevanssi_hide_content":"","_relevanssi_pin_for_all":"","_relevanssi_pin_keywords":"","_relevanssi_unpin_keywords":"","_relevanssi_related_keywords":"","_relevanssi_related_include_ids":"","_relevanssi_related_exclude_ids":"","_relevanssi_related_no_append":"","_relevanssi_related_not_related":"","_relevanssi_related_posts":"","_relevanssi_noindex_reason":""},"product_brand":[],"product_cat":[4731,4880,4694,4842],"product_tag":[4919,4915,5166,4917,4914,4918,4956,4925,5004,4920],"class_list":{"0":"post-303191","1":"product","2":"type-product","3":"status-publish","4":"has-post-thumbnail","6":"product_cat-alle-liquids-fur-e-zigaretten","7":"product_cat-liquids-ohne-sucralose","8":"product_cat-menthol-liquids-e-zigarette","9":"product_cat-my-eliquid-liquids","10":"product_tag-dampfer","11":"product_tag-e-liquid","12":"product_tag-e-zigarette","13":"product_tag-e-zigi","14":"product_tag-eliquid","15":"product_tag-ezigarette","16":"product_tag-menthol","17":"product_tag-minze","18":"product_tag-nachfuellfluessigkeit","19":"product_tag-verdampfer","20":"product_shipping_class-standard","22":"first","23":"instock","24":"taxable","25":"shipping-taxable","26":"purchasable","27":"product-type-variable"},"acf":[],"_links":{"self":[{"href":"https:\/\/my-eliquid.de\/es\/wp-json\/wp\/v2\/product\/303191","targetHints":{"allow":["GET"]}}],"collection":[{"href":"https:\/\/my-eliquid.de\/es\/wp-json\/wp\/v2\/product"}],"about":[{"href":"https:\/\/my-eliquid.de\/es\/wp-json\/wp\/v2\/types\/product"}],"replies":[{"embeddable":true,"href":"https:\/\/my-eliquid.de\/es\/wp-json\/wp\/v2\/comments?post=303191"}],"wp:featuredmedia":[{"embeddable":true,"href":"https:\/\/my-eliquid.de\/es\/wp-json\/wp\/v2\/media\/319563"}],"wp:attachment":[{"href":"https:\/\/my-eliquid.de\/es\/wp-json\/wp\/v2\/media?parent=303191"}],"wp:term":[{"taxonomy":"product_brand","embeddable":true,"href":"https:\/\/my-eliquid.de\/es\/wp-json\/wp\/v2\/product_brand?post=303191"},{"taxonomy":"product_cat","embeddable":true,"href":"https:\/\/my-eliquid.de\/es\/wp-json\/wp\/v2\/product_cat?post=303191"},{"taxonomy":"product_tag","embeddable":true,"href":"https:\/\/my-eliquid.de\/es\/wp-json\/wp\/v2\/product_tag?post=303191"}],"curies":[{"name":"wp","href":"https:\/\/api.w.org\/{rel}","templated":true}]}}