{"id":303215,"date":"2015-01-21T00:00:00","date_gmt":"2015-01-20T23:00:00","guid":{"rendered":"https:\/\/my-eliquid.de\/shop\/my-vanille-liquid\/"},"modified":"2026-04-08T09:43:33","modified_gmt":"2026-04-08T07:43:33","slug":"my-vanille-liquid","status":"publish","type":"product","link":"https:\/\/my-eliquid.de\/es\/shop\/my-vanille-liquid\/","title":{"rendered":"mi-L\u00edquido de vainilla"},"content":{"rendered":"<p>Nuestra <strong>mi-L\u00edquido de vainilla<\/strong> vereint die Aromen von feinster <strong>Vainilla<\/strong> und leckerem <strong>caramelo<\/strong> y procede de la l\u00ednea de <strong>L\u00edquidos dulces<\/strong>. Das einzigartige Geschmackserlebnis: Vanille verschmilzt mit Karamell! All unsere Fl\u00fcssigkeiten werden bei uns vor Ort produziert und entsprechen h\u00f6chsten Sicherheitsstandards. Das <strong>mi-L\u00edquido de vainilla<\/strong> no contiene nicotina y est\u00e1 disponible en <strong>Potencias de nicotina<\/strong> disponible. Para un desarrollo duradero del sabor, recomendamos utilizar el <strong>e-l\u00edquido<\/strong> Almacenar al abrigo de la luz y en un lugar seco.<\/p>","protected":false},"excerpt":{"rendered":"<p>Un tentempi\u00e9 sin calor\u00edas: En nuestro <strong>mi-L\u00edquido de vainilla<\/strong> se une a la dulzura cremosa <strong>Sabor vainilla<\/strong> en deliciosamente cremoso <strong>Sabor caramelo<\/strong> - Nuestra deliciosa mezcla<\/p>","protected":false},"featured_media":319684,"comment_status":"open","ping_status":"closed","template":"","meta":{"_acf_changed":false,"_relevanssi_hide_post":"","_relevanssi_hide_content":"","_relevanssi_pin_for_all":"","_relevanssi_pin_keywords":"","_relevanssi_unpin_keywords":"","_relevanssi_related_keywords":"","_relevanssi_related_include_ids":"","_relevanssi_related_exclude_ids":"","_relevanssi_related_no_append":"","_relevanssi_related_not_related":"","_relevanssi_related_posts":"","_relevanssi_noindex_reason":""},"product_brand":[],"product_cat":[4731,4690,4689,4880,4694,4842,4706],"product_tag":[4919,4915,5166,4917,4914,4918,6691,5004,4920],"class_list":{"0":"post-303215","1":"product","2":"type-product","3":"status-publish","4":"has-post-thumbnail","6":"product_cat-alle-liquids-fur-e-zigaretten","7":"product_cat-frucht-liquids-e-zigarette","8":"product_cat-eliquids","9":"product_cat-liquids-ohne-sucralose","10":"product_cat-menthol-liquids-e-zigarette","11":"product_cat-my-eliquid-liquids","12":"product_cat-suesse-liquids-e-zigarette","13":"product_tag-dampfer","14":"product_tag-e-liquid","15":"product_tag-e-zigarette","16":"product_tag-e-zigi","17":"product_tag-eliquid","18":"product_tag-ezigarette","19":"product_tag-my-vanille","20":"product_tag-nachfuellfluessigkeit","21":"product_tag-verdampfer","22":"product_shipping_class-standard","24":"first","25":"instock","26":"taxable","27":"shipping-taxable","28":"purchasable","29":"product-type-variable"},"acf":[],"_links":{"self":[{"href":"https:\/\/my-eliquid.de\/es\/wp-json\/wp\/v2\/product\/303215","targetHints":{"allow":["GET"]}}],"collection":[{"href":"https:\/\/my-eliquid.de\/es\/wp-json\/wp\/v2\/product"}],"about":[{"href":"https:\/\/my-eliquid.de\/es\/wp-json\/wp\/v2\/types\/product"}],"replies":[{"embeddable":true,"href":"https:\/\/my-eliquid.de\/es\/wp-json\/wp\/v2\/comments?post=303215"}],"wp:featuredmedia":[{"embeddable":true,"href":"https:\/\/my-eliquid.de\/es\/wp-json\/wp\/v2\/media\/319684"}],"wp:attachment":[{"href":"https:\/\/my-eliquid.de\/es\/wp-json\/wp\/v2\/media?parent=303215"}],"wp:term":[{"taxonomy":"product_brand","embeddable":true,"href":"https:\/\/my-eliquid.de\/es\/wp-json\/wp\/v2\/product_brand?post=303215"},{"taxonomy":"product_cat","embeddable":true,"href":"https:\/\/my-eliquid.de\/es\/wp-json\/wp\/v2\/product_cat?post=303215"},{"taxonomy":"product_tag","embeddable":true,"href":"https:\/\/my-eliquid.de\/es\/wp-json\/wp\/v2\/product_tag?post=303215"}],"curies":[{"name":"wp","href":"https:\/\/api.w.org\/{rel}","templated":true}]}}