{"id":303256,"date":"2025-03-27T00:00:00","date_gmt":"2025-03-26T23:00:00","guid":{"rendered":"https:\/\/my-eliquid.de\/shop\/sahne-liquid-disabled\/"},"modified":"2025-12-04T09:04:26","modified_gmt":"2025-12-04T08:04:26","slug":"sahne-liquid-disabled","status":"publish","type":"product","link":"https:\/\/my-eliquid.de\/es\/shop\/sahne-liquid-disabled\/","title":{"rendered":"Nata l\u00edquida"},"content":{"rendered":"<p>Nuestra <strong>Nata l\u00edquida<\/strong> und sein luftig s\u00fc\u00dfes Aroma von frisch geschlagener <strong>Crema<\/strong> proceden de la l\u00ednea de <strong>L\u00edquidos dulces<\/strong>. Der samtige Sahnegenuss: 100% Geschmack \u2013 <strong>0% Fett<\/strong>\u00a1! Todos nuestros l\u00edquidos se producen in situ y cumplen las normas de seguridad m\u00e1s estrictas. El <strong>Nata l\u00edquida<\/strong> no contiene nicotina y est\u00e1 disponible en <strong>Potencias de nicotina<\/strong> disponible. Para un desarrollo duradero del sabor, recomendamos utilizar el <strong>e-l\u00edquido<\/strong> Almacenar al abrigo de la luz y en un lugar seco.<\/p>","protected":false},"excerpt":{"rendered":"<p>El placer cremoso y dulce: con nuestro <strong>Nata l\u00edquida<\/strong> \u00a1Te garantizamos que te sentir\u00e1s en la gloria gracias al agradable sabor aterciopelado de la nata reci\u00e9n batida!<\/p>","protected":false},"featured_media":319907,"comment_status":"open","ping_status":"closed","template":"","meta":{"_acf_changed":false,"_relevanssi_hide_post":"","_relevanssi_hide_content":"","_relevanssi_pin_for_all":"","_relevanssi_pin_keywords":"","_relevanssi_unpin_keywords":"","_relevanssi_related_keywords":"","_relevanssi_related_include_ids":"","_relevanssi_related_exclude_ids":"","_relevanssi_related_no_append":"","_relevanssi_related_not_related":"","_relevanssi_related_posts":"","_relevanssi_noindex_reason":""},"product_brand":[],"product_cat":[4731,4689,4880,4842,4706],"product_tag":[4919,4915,5166,4917,4914,4918,5004,5081,4920],"class_list":{"0":"post-303256","1":"product","2":"type-product","3":"status-publish","4":"has-post-thumbnail","6":"product_cat-alle-liquids-fur-e-zigaretten","7":"product_cat-eliquids","8":"product_cat-liquids-ohne-sucralose","9":"product_cat-my-eliquid-liquids","10":"product_cat-suesse-liquids-e-zigarette","11":"product_tag-dampfer","12":"product_tag-e-liquid","13":"product_tag-e-zigarette","14":"product_tag-e-zigi","15":"product_tag-eliquid","16":"product_tag-ezigarette","17":"product_tag-nachfuellfluessigkeit","18":"product_tag-sahne","19":"product_tag-verdampfer","20":"product_shipping_class-standard","22":"first","23":"instock","24":"taxable","25":"shipping-taxable","26":"purchasable","27":"product-type-variable"},"acf":[],"_links":{"self":[{"href":"https:\/\/my-eliquid.de\/es\/wp-json\/wp\/v2\/product\/303256","targetHints":{"allow":["GET"]}}],"collection":[{"href":"https:\/\/my-eliquid.de\/es\/wp-json\/wp\/v2\/product"}],"about":[{"href":"https:\/\/my-eliquid.de\/es\/wp-json\/wp\/v2\/types\/product"}],"replies":[{"embeddable":true,"href":"https:\/\/my-eliquid.de\/es\/wp-json\/wp\/v2\/comments?post=303256"}],"wp:featuredmedia":[{"embeddable":true,"href":"https:\/\/my-eliquid.de\/es\/wp-json\/wp\/v2\/media\/319907"}],"wp:attachment":[{"href":"https:\/\/my-eliquid.de\/es\/wp-json\/wp\/v2\/media?parent=303256"}],"wp:term":[{"taxonomy":"product_brand","embeddable":true,"href":"https:\/\/my-eliquid.de\/es\/wp-json\/wp\/v2\/product_brand?post=303256"},{"taxonomy":"product_cat","embeddable":true,"href":"https:\/\/my-eliquid.de\/es\/wp-json\/wp\/v2\/product_cat?post=303256"},{"taxonomy":"product_tag","embeddable":true,"href":"https:\/\/my-eliquid.de\/es\/wp-json\/wp\/v2\/product_tag?post=303256"}],"curies":[{"name":"wp","href":"https:\/\/api.w.org\/{rel}","templated":true}]}}