{"id":303285,"date":"2015-09-17T00:00:00","date_gmt":"2015-09-16T22:00:00","guid":{"rendered":"https:\/\/my-eliquid.de\/shop\/lebkuchen-liquid\/"},"modified":"2025-11-25T13:50:53","modified_gmt":"2025-11-25T12:50:53","slug":"lebkuchen-liquid","status":"publish","type":"product","link":"https:\/\/my-eliquid.de\/es\/shop\/lebkuchen-liquid\/","title":{"rendered":"L\u00edquido de pan de especias"},"content":{"rendered":"<p>Nuestra <strong>L\u00edquido de pan de especias<\/strong> cautiva con su sabor \u00e1cido y picante <strong>Sabor pan de especias<\/strong> y procede de la l\u00ednea de <strong>L\u00edquidos dulces<\/strong>. Un capricho navide\u00f1o, sea cual sea la \u00e9poca del a\u00f1o. Todos nuestros l\u00edquidos se producen in situ y cumplen las normas de seguridad m\u00e1s estrictas. En <strong>L\u00edquido de pan de especias<\/strong> no contiene nicotina y est\u00e1 disponible en <strong>Potencias de nicotina<\/strong> disponible. Para un desarrollo duradero del sabor, recomendamos utilizar el <strong>e-l\u00edquido<\/strong> Almacenar al abrigo de la luz y en un lugar seco.<\/p>","protected":false},"excerpt":{"rendered":"<p><strong>Pan de jengibre<\/strong> \u00bfs\u00f3lo disponible en Navidad? Pues no. Porque nuestro <strong>L\u00edquido de pan de especias<\/strong> Sabe bien en cualquier \u00e9poca del a\u00f1o: picante y \u00e1cido <strong>Sabor pan de especias<\/strong> \u00a1como del mercado de Navidad!<\/p>","protected":false},"featured_media":319209,"comment_status":"open","ping_status":"closed","template":"","meta":{"_acf_changed":false,"_relevanssi_hide_post":"","_relevanssi_hide_content":"","_relevanssi_pin_for_all":"","_relevanssi_pin_keywords":"","_relevanssi_unpin_keywords":"","_relevanssi_related_keywords":"","_relevanssi_related_include_ids":"","_relevanssi_related_exclude_ids":"","_relevanssi_related_no_append":"","_relevanssi_related_not_related":"","_relevanssi_related_posts":"","_relevanssi_noindex_reason":""},"product_brand":[],"product_cat":[4731,4880,4842,4706],"product_tag":[4914,6839,6838,5248,5904],"class_list":{"0":"post-303285","1":"product","2":"type-product","3":"status-publish","4":"has-post-thumbnail","6":"product_cat-alle-liquids-fur-e-zigaretten","7":"product_cat-liquids-ohne-sucralose","8":"product_cat-my-eliquid-liquids","9":"product_cat-suesse-liquids-e-zigarette","10":"product_tag-eliquid","11":"product_tag-kraeftig","12":"product_tag-lebkuchen","13":"product_tag-nussig","14":"product_tag-suess","15":"product_shipping_class-standard","17":"first","18":"outofstock","19":"taxable","20":"shipping-taxable","21":"purchasable","22":"product-type-variable"},"acf":[],"_links":{"self":[{"href":"https:\/\/my-eliquid.de\/es\/wp-json\/wp\/v2\/product\/303285","targetHints":{"allow":["GET"]}}],"collection":[{"href":"https:\/\/my-eliquid.de\/es\/wp-json\/wp\/v2\/product"}],"about":[{"href":"https:\/\/my-eliquid.de\/es\/wp-json\/wp\/v2\/types\/product"}],"replies":[{"embeddable":true,"href":"https:\/\/my-eliquid.de\/es\/wp-json\/wp\/v2\/comments?post=303285"}],"wp:featuredmedia":[{"embeddable":true,"href":"https:\/\/my-eliquid.de\/es\/wp-json\/wp\/v2\/media\/319209"}],"wp:attachment":[{"href":"https:\/\/my-eliquid.de\/es\/wp-json\/wp\/v2\/media?parent=303285"}],"wp:term":[{"taxonomy":"product_brand","embeddable":true,"href":"https:\/\/my-eliquid.de\/es\/wp-json\/wp\/v2\/product_brand?post=303285"},{"taxonomy":"product_cat","embeddable":true,"href":"https:\/\/my-eliquid.de\/es\/wp-json\/wp\/v2\/product_cat?post=303285"},{"taxonomy":"product_tag","embeddable":true,"href":"https:\/\/my-eliquid.de\/es\/wp-json\/wp\/v2\/product_tag?post=303285"}],"curies":[{"name":"wp","href":"https:\/\/api.w.org\/{rel}","templated":true}]}}