{"id":303289,"date":"2017-09-05T00:00:00","date_gmt":"2017-09-04T22:00:00","guid":{"rendered":"https:\/\/my-eliquid.de\/shop\/pink-poison-liquid\/"},"modified":"2025-11-25T13:52:10","modified_gmt":"2025-11-25T12:52:10","slug":"pink-poison-liquid","status":"publish","type":"product","link":"https:\/\/my-eliquid.de\/es\/shop\/pink-poison-liquid\/","title":{"rendered":"L\u00edquido venenoso rosa"},"content":{"rendered":"<p>Nuestra <strong>L\u00edquido venenoso rosa<\/strong> mit seinem aufregenden Fruchtgeschmack stammt aus der Linie der <strong>L\u00edquidos de frutas<\/strong>. Hier steckt volle Fruchtpower drin! Diese intensive, s\u00fc\u00dfliche Sorte begeistert <strong>Vaporera<\/strong>, die nach au\u00dfergew\u00f6hnlichen Geschm\u00e4ckern suchen. All unsere Fl\u00fcssigkeiten werden bei uns vor Ort produziert und entsprechen h\u00f6chsten Sicherheitsstandards. Das <strong>L\u00edquido venenoso rosa<\/strong> no contiene nicotina y est\u00e1 disponible en diferentes niveles de nicotina. Para un desarrollo duradero del sabor, recomendamos utilizar el <strong>e-l\u00edquido<\/strong> Almacenar al abrigo de la luz y en un lugar seco.<\/p>","protected":false},"excerpt":{"rendered":"<p>Este <strong>L\u00edquido<\/strong> sabe a una impresionante combinaci\u00f3n de muchas frutas rosas. Nuestro l\u00edquido Pink Poison crea un sabor muy armonioso. <strong>Sabor a fruta<\/strong>.<\/p>","protected":false},"featured_media":319213,"comment_status":"open","ping_status":"closed","template":"","meta":{"_acf_changed":false,"_relevanssi_hide_post":"","_relevanssi_hide_content":"","_relevanssi_pin_for_all":"","_relevanssi_pin_keywords":"","_relevanssi_unpin_keywords":"","_relevanssi_related_keywords":"","_relevanssi_related_include_ids":"","_relevanssi_related_exclude_ids":"","_relevanssi_related_no_append":"","_relevanssi_related_not_related":"","_relevanssi_related_posts":"","_relevanssi_noindex_reason":""},"product_brand":[],"product_cat":[4731,4689,4880,4842,4693],"product_tag":[6716,5411,6712,5805,5792,6845,6846,5226],"class_list":{"0":"post-303289","1":"product","2":"type-product","3":"status-publish","4":"has-post-thumbnail","6":"product_cat-alle-liquids-fur-e-zigaretten","7":"product_cat-eliquids","8":"product_cat-liquids-ohne-sucralose","9":"product_cat-my-eliquid-liquids","10":"product_cat-special-liquids-e-zigarette","11":"product_tag-alle","12":"product_tag-e-zigaretten","13":"product_tag-fuer","14":"product_tag-liquid","15":"product_tag-liquids","16":"product_tag-pink","17":"product_tag-poison","18":"product_tag-special","19":"product_shipping_class-standard","21":"first","22":"outofstock","23":"taxable","24":"shipping-taxable","25":"purchasable","26":"product-type-variable"},"acf":[],"_links":{"self":[{"href":"https:\/\/my-eliquid.de\/es\/wp-json\/wp\/v2\/product\/303289","targetHints":{"allow":["GET"]}}],"collection":[{"href":"https:\/\/my-eliquid.de\/es\/wp-json\/wp\/v2\/product"}],"about":[{"href":"https:\/\/my-eliquid.de\/es\/wp-json\/wp\/v2\/types\/product"}],"replies":[{"embeddable":true,"href":"https:\/\/my-eliquid.de\/es\/wp-json\/wp\/v2\/comments?post=303289"}],"wp:featuredmedia":[{"embeddable":true,"href":"https:\/\/my-eliquid.de\/es\/wp-json\/wp\/v2\/media\/319213"}],"wp:attachment":[{"href":"https:\/\/my-eliquid.de\/es\/wp-json\/wp\/v2\/media?parent=303289"}],"wp:term":[{"taxonomy":"product_brand","embeddable":true,"href":"https:\/\/my-eliquid.de\/es\/wp-json\/wp\/v2\/product_brand?post=303289"},{"taxonomy":"product_cat","embeddable":true,"href":"https:\/\/my-eliquid.de\/es\/wp-json\/wp\/v2\/product_cat?post=303289"},{"taxonomy":"product_tag","embeddable":true,"href":"https:\/\/my-eliquid.de\/es\/wp-json\/wp\/v2\/product_tag?post=303289"}],"curies":[{"name":"wp","href":"https:\/\/api.w.org\/{rel}","templated":true}]}}