{"id":303292,"date":"2012-10-22T00:00:00","date_gmt":"2012-10-21T22:00:00","guid":{"rendered":"https:\/\/my-eliquid.de\/shop\/winterpunsch-liquid\/"},"modified":"2025-11-25T13:54:43","modified_gmt":"2025-11-25T12:54:43","slug":"winterpunsch-liquid","status":"publish","type":"product","link":"https:\/\/my-eliquid.de\/es\/shop\/winterpunsch-liquid\/","title":{"rendered":"Ponche l\u00edquido de invierno"},"content":{"rendered":"<p>Nuestra <strong>Ponche l\u00edquido de invierno<\/strong> besticht dank seines w\u00e4rmenden Geschmacks von k\u00f6stlichem, ayurvedischem Kr\u00e4utertee und stammt aus der Linie der <strong>L\u00edquidos especiales<\/strong>. Winterliches Punschvergn\u00fcgen zu jeder <strong>Jahreszeit<\/strong>! All unsere <strong>L\u00edquidos<\/strong> se fabrican in situ y cumplen las normas de seguridad m\u00e1s estrictas. El sitio <strong>Ponche l\u00edquido de invierno<\/strong> es <strong>sin nicotina<\/strong> y en diferentes <strong>Potencias de nicotina<\/strong> disponible. Para un desarrollo duradero del sabor, recomendamos utilizar el <strong>e-l\u00edquido<\/strong> Almacenar al abrigo de la luz y en un lugar seco.<\/p>","protected":false},"excerpt":{"rendered":"<p>\u00bfQu\u00e9 ser\u00eda del invierno sin el sabor del ponche caliente? Nuestro <strong>Ponche l\u00edquido de invierno<\/strong> te trae el sabor invernal de una comida deliciosa, <strong>tisana ayurv\u00e9dica<\/strong>!<\/p>","protected":false},"featured_media":319219,"comment_status":"open","ping_status":"closed","template":"","meta":{"_acf_changed":false,"_relevanssi_hide_post":"","_relevanssi_hide_content":"","_relevanssi_pin_for_all":"","_relevanssi_pin_keywords":"","_relevanssi_unpin_keywords":"","_relevanssi_related_keywords":"","_relevanssi_related_include_ids":"","_relevanssi_related_exclude_ids":"","_relevanssi_related_no_append":"","_relevanssi_related_not_related":"","_relevanssi_related_posts":"","_relevanssi_noindex_reason":""},"product_brand":[],"product_cat":[4731,4689,4880,4842,4693],"product_tag":[4919,4915,5166,4917,6818,4914,4918,5004,4920,5155,6819],"class_list":{"0":"post-303292","1":"product","2":"type-product","3":"status-publish","4":"has-post-thumbnail","6":"product_cat-alle-liquids-fur-e-zigaretten","7":"product_cat-eliquids","8":"product_cat-liquids-ohne-sucralose","9":"product_cat-my-eliquid-liquids","10":"product_cat-special-liquids-e-zigarette","11":"product_tag-dampfer","12":"product_tag-e-liquid","13":"product_tag-e-zigarette","14":"product_tag-e-zigi","15":"product_tag-elektrische","16":"product_tag-eliquid","17":"product_tag-ezigarette","18":"product_tag-nachfuellfluessigkeit","19":"product_tag-verdampfer","20":"product_tag-winterpunsch","21":"product_tag-zigarette","22":"product_shipping_class-standard","24":"first","25":"outofstock","26":"taxable","27":"shipping-taxable","28":"purchasable","29":"product-type-variable"},"acf":[],"_links":{"self":[{"href":"https:\/\/my-eliquid.de\/es\/wp-json\/wp\/v2\/product\/303292","targetHints":{"allow":["GET"]}}],"collection":[{"href":"https:\/\/my-eliquid.de\/es\/wp-json\/wp\/v2\/product"}],"about":[{"href":"https:\/\/my-eliquid.de\/es\/wp-json\/wp\/v2\/types\/product"}],"replies":[{"embeddable":true,"href":"https:\/\/my-eliquid.de\/es\/wp-json\/wp\/v2\/comments?post=303292"}],"wp:featuredmedia":[{"embeddable":true,"href":"https:\/\/my-eliquid.de\/es\/wp-json\/wp\/v2\/media\/319219"}],"wp:attachment":[{"href":"https:\/\/my-eliquid.de\/es\/wp-json\/wp\/v2\/media?parent=303292"}],"wp:term":[{"taxonomy":"product_brand","embeddable":true,"href":"https:\/\/my-eliquid.de\/es\/wp-json\/wp\/v2\/product_brand?post=303292"},{"taxonomy":"product_cat","embeddable":true,"href":"https:\/\/my-eliquid.de\/es\/wp-json\/wp\/v2\/product_cat?post=303292"},{"taxonomy":"product_tag","embeddable":true,"href":"https:\/\/my-eliquid.de\/es\/wp-json\/wp\/v2\/product_tag?post=303292"}],"curies":[{"name":"wp","href":"https:\/\/api.w.org\/{rel}","templated":true}]}}