{"id":303294,"date":"2013-08-27T00:00:00","date_gmt":"2013-08-26T22:00:00","guid":{"rendered":"https:\/\/my-eliquid.de\/shop\/magic-purge-liquid\/"},"modified":"2025-11-27T08:47:18","modified_gmt":"2025-11-27T07:47:18","slug":"magic-purge-liquid","status":"publish","type":"product","link":"https:\/\/my-eliquid.de\/es\/shop\/magic-purge-liquid\/","title":{"rendered":"L\u00edquido Magic Purge"},"content":{"rendered":"<p>Nuestra <strong>L\u00edquido Magic Purge<\/strong> mischt die k\u00f6stlichen Aromen von <strong>leckerer Erdbeere, saftiger Blaubeere<\/strong> und dem frischen Hauch <strong>Mentol<\/strong> y procede de la l\u00ednea de <strong>L\u00edquidos especiales<\/strong>. Kein Hokuspokus, sondern magischer Geschmack, der sofort verzaubert! All unsere <strong>L\u00edquidos<\/strong> se fabrican in situ y cumplen las normas de seguridad m\u00e1s estrictas. El sitio <strong>L\u00edquido Magic Purge<\/strong> es <strong>sin nicotina<\/strong> y en diferentes <strong>Potencias de nicotina<\/strong> disponible. Para un desarrollo duradero del sabor, recomendamos utilizar el <strong>e-l\u00edquido<\/strong> Almacenar al abrigo de la luz y en un lugar seco.<\/p>","protected":false},"excerpt":{"rendered":"<p>El nombre lo dice todo: nuestro <strong>L\u00edquido Magic Purge<\/strong> le encantar\u00e1 con su mezcla m\u00e1gica de <strong>Frutal de fresa, dulce de ar\u00e1ndano y fresca nota de mentol.<\/strong>!<\/p>","protected":false},"featured_media":319222,"comment_status":"open","ping_status":"closed","template":"","meta":{"_acf_changed":false,"_relevanssi_hide_post":"","_relevanssi_hide_content":"","_relevanssi_pin_for_all":"","_relevanssi_pin_keywords":"","_relevanssi_unpin_keywords":"","_relevanssi_related_keywords":"","_relevanssi_related_include_ids":"","_relevanssi_related_exclude_ids":"","_relevanssi_related_no_append":"","_relevanssi_related_not_related":"","_relevanssi_related_posts":"","_relevanssi_noindex_reason":""},"product_brand":[],"product_cat":[4731,4689,4880,4842,4693],"product_tag":[4919,4915,5166,4917,4914,4918,6855,5004,6856,4920],"class_list":{"0":"post-303294","1":"product","2":"type-product","3":"status-publish","4":"has-post-thumbnail","6":"product_cat-alle-liquids-fur-e-zigaretten","7":"product_cat-eliquids","8":"product_cat-liquids-ohne-sucralose","9":"product_cat-my-eliquid-liquids","10":"product_cat-special-liquids-e-zigarette","11":"product_tag-dampfer","12":"product_tag-e-liquid","13":"product_tag-e-zigarette","14":"product_tag-e-zigi","15":"product_tag-eliquid","16":"product_tag-ezigarette","17":"product_tag-magic","18":"product_tag-nachfuellfluessigkeit","19":"product_tag-time","20":"product_tag-verdampfer","21":"product_shipping_class-standard","23":"first","24":"instock","25":"taxable","26":"shipping-taxable","27":"purchasable","28":"product-type-variable"},"acf":[],"_links":{"self":[{"href":"https:\/\/my-eliquid.de\/es\/wp-json\/wp\/v2\/product\/303294","targetHints":{"allow":["GET"]}}],"collection":[{"href":"https:\/\/my-eliquid.de\/es\/wp-json\/wp\/v2\/product"}],"about":[{"href":"https:\/\/my-eliquid.de\/es\/wp-json\/wp\/v2\/types\/product"}],"replies":[{"embeddable":true,"href":"https:\/\/my-eliquid.de\/es\/wp-json\/wp\/v2\/comments?post=303294"}],"wp:featuredmedia":[{"embeddable":true,"href":"https:\/\/my-eliquid.de\/es\/wp-json\/wp\/v2\/media\/319222"}],"wp:attachment":[{"href":"https:\/\/my-eliquid.de\/es\/wp-json\/wp\/v2\/media?parent=303294"}],"wp:term":[{"taxonomy":"product_brand","embeddable":true,"href":"https:\/\/my-eliquid.de\/es\/wp-json\/wp\/v2\/product_brand?post=303294"},{"taxonomy":"product_cat","embeddable":true,"href":"https:\/\/my-eliquid.de\/es\/wp-json\/wp\/v2\/product_cat?post=303294"},{"taxonomy":"product_tag","embeddable":true,"href":"https:\/\/my-eliquid.de\/es\/wp-json\/wp\/v2\/product_tag?post=303294"}],"curies":[{"name":"wp","href":"https:\/\/api.w.org\/{rel}","templated":true}]}}