{"id":303313,"date":"2017-09-05T00:00:00","date_gmt":"2017-09-04T22:00:00","guid":{"rendered":"https:\/\/my-eliquid.de\/shop\/mei-strudl-liquid\/"},"modified":"2026-02-24T09:01:45","modified_gmt":"2026-02-24T08:01:45","slug":"mei-strudl-liquid","status":"publish","type":"product","link":"https:\/\/my-eliquid.de\/es\/shop\/mei-strudl-liquid\/","title":{"rendered":"L\u00edquido Mei Strud'l"},"content":{"rendered":"<p>Nuestra <strong>L\u00edquido de strudel de manzana<\/strong> con su ingenioso sabor tradicional procede de la l\u00ednea de <strong>l\u00edquidos dulces<\/strong>. El strudel de manzana es un plato al que nadie puede resistirse, por eso este cl\u00e1sico est\u00e1 ahora disponible en forma cocida al vapor. Todos nuestros l\u00edquidos se producen in situ y cumplen las normas de seguridad m\u00e1s estrictas. En <strong>L\u00edquido Mei Strud'l<\/strong> no contiene nicotina y est\u00e1 disponible en diferentes niveles de nicotina. Para un desarrollo duradero del sabor, recomendamos utilizar el <strong>e-l\u00edquido<\/strong> Almacenar al abrigo de la luz y en un lugar seco.<\/p>","protected":false},"excerpt":{"rendered":"<p>\u00a1Aqu\u00ed llega una nueva sensaci\u00f3n gustativa! Manzanas dulces, pasas, masa de strudel, canela y un poco de nata montada se combinan para crear nuestro sustancioso <strong>L\u00edquido de strudel de manzana<\/strong>.<\/p>","protected":false},"featured_media":319283,"comment_status":"open","ping_status":"closed","template":"","meta":{"_acf_changed":false,"_relevanssi_hide_post":"","_relevanssi_hide_content":"","_relevanssi_pin_for_all":"","_relevanssi_pin_keywords":"","_relevanssi_unpin_keywords":"","_relevanssi_related_keywords":"","_relevanssi_related_include_ids":"","_relevanssi_related_exclude_ids":"","_relevanssi_related_no_append":"","_relevanssi_related_not_related":"","_relevanssi_related_posts":"","_relevanssi_noindex_reason":""},"product_brand":[],"product_cat":[4731,4689,4880,4842,4693,4706],"product_tag":[6716,5411,6712,5805,5792,6864,5226,6865,6584],"class_list":{"0":"post-303313","1":"product","2":"type-product","3":"status-publish","4":"has-post-thumbnail","6":"product_cat-alle-liquids-fur-e-zigaretten","7":"product_cat-eliquids","8":"product_cat-liquids-ohne-sucralose","9":"product_cat-my-eliquid-liquids","10":"product_cat-special-liquids-e-zigarette","11":"product_cat-suesse-liquids-e-zigarette","12":"product_tag-alle","13":"product_tag-e-zigaretten","14":"product_tag-fuer","15":"product_tag-liquid","16":"product_tag-liquids","17":"product_tag-mei","18":"product_tag-special","19":"product_tag-strudl","20":"product_tag-suesse","21":"product_shipping_class-standard","23":"first","24":"instock","25":"taxable","26":"shipping-taxable","27":"purchasable","28":"product-type-variable"},"acf":[],"_links":{"self":[{"href":"https:\/\/my-eliquid.de\/es\/wp-json\/wp\/v2\/product\/303313","targetHints":{"allow":["GET"]}}],"collection":[{"href":"https:\/\/my-eliquid.de\/es\/wp-json\/wp\/v2\/product"}],"about":[{"href":"https:\/\/my-eliquid.de\/es\/wp-json\/wp\/v2\/types\/product"}],"replies":[{"embeddable":true,"href":"https:\/\/my-eliquid.de\/es\/wp-json\/wp\/v2\/comments?post=303313"}],"wp:featuredmedia":[{"embeddable":true,"href":"https:\/\/my-eliquid.de\/es\/wp-json\/wp\/v2\/media\/319283"}],"wp:attachment":[{"href":"https:\/\/my-eliquid.de\/es\/wp-json\/wp\/v2\/media?parent=303313"}],"wp:term":[{"taxonomy":"product_brand","embeddable":true,"href":"https:\/\/my-eliquid.de\/es\/wp-json\/wp\/v2\/product_brand?post=303313"},{"taxonomy":"product_cat","embeddable":true,"href":"https:\/\/my-eliquid.de\/es\/wp-json\/wp\/v2\/product_cat?post=303313"},{"taxonomy":"product_tag","embeddable":true,"href":"https:\/\/my-eliquid.de\/es\/wp-json\/wp\/v2\/product_tag?post=303313"}],"curies":[{"name":"wp","href":"https:\/\/api.w.org\/{rel}","templated":true}]}}