{"id":303314,"date":"2017-09-05T00:00:00","date_gmt":"2017-09-04T22:00:00","guid":{"rendered":"https:\/\/my-eliquid.de\/shop\/tropical-heart-liquid\/"},"modified":"2025-11-25T13:54:00","modified_gmt":"2025-11-25T12:54:00","slug":"tropical-heart-liquid","status":"publish","type":"product","link":"https:\/\/my-eliquid.de\/es\/shop\/tropical-heart-liquid\/","title":{"rendered":"L\u00edquido Coraz\u00f3n Tropical"},"content":{"rendered":"<p>Nuestra <strong>L\u00edquido Coraz\u00f3n Tropical<\/strong> mit seinem vollmundigen <strong>Sabor a ron<\/strong> procede de la l\u00ednea de <strong>Bebidas L\u00edquidos<\/strong>. In dieser Sorte lebt die Leichtigkeit der Karibik. Das Getr\u00e4nk aus Zuckerrohr erfreut den Gaumen. All unsere Fl\u00fcssigkeiten werden bei uns vor Ort produziert und entsprechen h\u00f6chsten Sicherheitsstandards. Das <strong>Ron l\u00edquido<\/strong> no contiene nicotina y est\u00e1 disponible en diferentes niveles de nicotina. Para un desarrollo duradero del sabor, recomendamos utilizar el <strong>e-l\u00edquido<\/strong> Almacenar al abrigo de la luz y en un lugar seco.<\/p>","protected":false},"excerpt":{"rendered":"<p>\u00a1Aqu\u00ed late el coraz\u00f3n del Caribe! Ex\u00f3tico <strong>Sabor a ron<\/strong> Con una buena dosis de alegr\u00eda de vivir, nuestro codiciado Tropical Heart garantiza <strong>Ron l\u00edquido<\/strong>.<\/p>","protected":false},"featured_media":319284,"comment_status":"open","ping_status":"closed","template":"","meta":{"_acf_changed":false,"_relevanssi_hide_post":"","_relevanssi_hide_content":"","_relevanssi_pin_for_all":"","_relevanssi_pin_keywords":"","_relevanssi_unpin_keywords":"","_relevanssi_related_keywords":"","_relevanssi_related_include_ids":"","_relevanssi_related_exclude_ids":"","_relevanssi_related_no_append":"","_relevanssi_related_not_related":"","_relevanssi_related_posts":"","_relevanssi_noindex_reason":""},"product_brand":[],"product_cat":[4731,4692,4689,4880,4842],"product_tag":[6716,5253,5411,6712,6929,5805,5792,6928],"class_list":{"0":"post-303314","1":"product","2":"type-product","3":"status-publish","4":"has-post-thumbnail","6":"product_cat-alle-liquids-fur-e-zigaretten","7":"product_cat-drinks-liquids-e-zigarette","8":"product_cat-eliquids","9":"product_cat-liquids-ohne-sucralose","10":"product_cat-my-eliquid-liquids","11":"product_tag-alle","12":"product_tag-drinks","13":"product_tag-e-zigaretten","14":"product_tag-fuer","15":"product_tag-heart","16":"product_tag-liquid","17":"product_tag-liquids","18":"product_tag-tropical","19":"product_shipping_class-standard","21":"first","22":"outofstock","23":"taxable","24":"shipping-taxable","25":"purchasable","26":"product-type-variable"},"acf":[],"_links":{"self":[{"href":"https:\/\/my-eliquid.de\/es\/wp-json\/wp\/v2\/product\/303314","targetHints":{"allow":["GET"]}}],"collection":[{"href":"https:\/\/my-eliquid.de\/es\/wp-json\/wp\/v2\/product"}],"about":[{"href":"https:\/\/my-eliquid.de\/es\/wp-json\/wp\/v2\/types\/product"}],"replies":[{"embeddable":true,"href":"https:\/\/my-eliquid.de\/es\/wp-json\/wp\/v2\/comments?post=303314"}],"wp:featuredmedia":[{"embeddable":true,"href":"https:\/\/my-eliquid.de\/es\/wp-json\/wp\/v2\/media\/319284"}],"wp:attachment":[{"href":"https:\/\/my-eliquid.de\/es\/wp-json\/wp\/v2\/media?parent=303314"}],"wp:term":[{"taxonomy":"product_brand","embeddable":true,"href":"https:\/\/my-eliquid.de\/es\/wp-json\/wp\/v2\/product_brand?post=303314"},{"taxonomy":"product_cat","embeddable":true,"href":"https:\/\/my-eliquid.de\/es\/wp-json\/wp\/v2\/product_cat?post=303314"},{"taxonomy":"product_tag","embeddable":true,"href":"https:\/\/my-eliquid.de\/es\/wp-json\/wp\/v2\/product_tag?post=303314"}],"curies":[{"name":"wp","href":"https:\/\/api.w.org\/{rel}","templated":true}]}}