{"id":303322,"date":"2011-12-26T00:00:00","date_gmt":"2011-12-25T23:00:00","guid":{"rendered":"https:\/\/my-eliquid.de\/shop\/wassermelone-menthol-liquid\/"},"modified":"2026-04-08T09:43:34","modified_gmt":"2026-04-08T07:43:34","slug":"wassermelone-menthol-liquid","status":"publish","type":"product","link":"https:\/\/my-eliquid.de\/es\/shop\/wassermelone-menthol-liquid\/","title":{"rendered":"L\u00edquido de sand\u00eda y mentol"},"content":{"rendered":"<p>Nuestra <strong>L\u00edquido de sand\u00eda y mentol<\/strong> ist mit seiner k\u00fchl k\u00f6stlichen Kombination von <strong>Wassermelone und Menthol<\/strong> ein wahrer Hochgenuss und stammt aus der Linie der <strong>L\u00edquidos mentolados<\/strong>. Vollmundiges Wassermelonen Aroma und die eisige Frische von Menthol \u2013 Das einmalige Geschmackserlebnis! All unsere Fl\u00fcssigkeiten werden bei uns vor Ort produziert und entsprechen h\u00f6chsten Sicherheitsstandards. Das <strong>L\u00edquido de sand\u00eda y mentol<\/strong> no contiene nicotina y est\u00e1 disponible en <strong>Potencias de nicotina<\/strong> disponible. Para un desarrollo duradero del sabor, recomendamos utilizar el <strong>e-l\u00edquido<\/strong> Almacenar al abrigo de la luz y en un lugar seco.<\/p>","protected":false},"excerpt":{"rendered":"<p>Un \u00e9xito en cualquier \u00e9poca del a\u00f1o: nuestro <strong>L\u00edquido de sand\u00eda y mentol<\/strong> proporciona jugosidad <strong>Aroma de sand\u00eda<\/strong> y el toque <strong>Mentol<\/strong> Para disfrutar de un placer afrutado y fresco.<\/p>","protected":false},"featured_media":319321,"comment_status":"open","ping_status":"closed","template":"","meta":{"_acf_changed":false,"_relevanssi_hide_post":"","_relevanssi_hide_content":"","_relevanssi_pin_for_all":"","_relevanssi_pin_keywords":"","_relevanssi_unpin_keywords":"","_relevanssi_related_keywords":"","_relevanssi_related_include_ids":"","_relevanssi_related_exclude_ids":"","_relevanssi_related_no_append":"","_relevanssi_related_not_related":"","_relevanssi_related_posts":"","_relevanssi_noindex_reason":""},"product_brand":[],"product_cat":[4731,4880,4694,4842],"product_tag":[4919,4915,5166,4917,4914,4918,5004,4920,5032,5033],"class_list":{"0":"post-303322","1":"product","2":"type-product","3":"status-publish","4":"has-post-thumbnail","6":"product_cat-alle-liquids-fur-e-zigaretten","7":"product_cat-liquids-ohne-sucralose","8":"product_cat-menthol-liquids-e-zigarette","9":"product_cat-my-eliquid-liquids","10":"product_tag-dampfer","11":"product_tag-e-liquid","12":"product_tag-e-zigarette","13":"product_tag-e-zigi","14":"product_tag-eliquid","15":"product_tag-ezigarette","16":"product_tag-nachfuellfluessigkeit","17":"product_tag-verdampfer","18":"product_tag-wassermelone","19":"product_tag-watermelon","20":"product_shipping_class-standard","22":"first","23":"instock","24":"taxable","25":"shipping-taxable","26":"purchasable","27":"product-type-variable"},"acf":[],"_links":{"self":[{"href":"https:\/\/my-eliquid.de\/es\/wp-json\/wp\/v2\/product\/303322","targetHints":{"allow":["GET"]}}],"collection":[{"href":"https:\/\/my-eliquid.de\/es\/wp-json\/wp\/v2\/product"}],"about":[{"href":"https:\/\/my-eliquid.de\/es\/wp-json\/wp\/v2\/types\/product"}],"replies":[{"embeddable":true,"href":"https:\/\/my-eliquid.de\/es\/wp-json\/wp\/v2\/comments?post=303322"}],"wp:featuredmedia":[{"embeddable":true,"href":"https:\/\/my-eliquid.de\/es\/wp-json\/wp\/v2\/media\/319321"}],"wp:attachment":[{"href":"https:\/\/my-eliquid.de\/es\/wp-json\/wp\/v2\/media?parent=303322"}],"wp:term":[{"taxonomy":"product_brand","embeddable":true,"href":"https:\/\/my-eliquid.de\/es\/wp-json\/wp\/v2\/product_brand?post=303322"},{"taxonomy":"product_cat","embeddable":true,"href":"https:\/\/my-eliquid.de\/es\/wp-json\/wp\/v2\/product_cat?post=303322"},{"taxonomy":"product_tag","embeddable":true,"href":"https:\/\/my-eliquid.de\/es\/wp-json\/wp\/v2\/product_tag?post=303322"}],"curies":[{"name":"wp","href":"https:\/\/api.w.org\/{rel}","templated":true}]}}