{"id":304812,"date":"2011-10-28T00:00:00","date_gmt":"2011-10-27T22:00:00","guid":{"rendered":"https:\/\/my-eliquid.de\/shop\/polyethylenglycol-peg400-liquid-base-ohne-nikotin-0mg\/"},"modified":"2026-02-04T10:17:54","modified_gmt":"2026-02-04T09:17:54","slug":"polyethylenglycol-peg400-liquid-base-ohne-nikotin-0mg","status":"publish","type":"product","link":"https:\/\/my-eliquid.de\/es\/shop\/polyethylenglycol-peg400-liquid-base-ohne-nikotin-0mg\/","title":{"rendered":"Polietilenglicol 400 (PEG 400) base l\u00edquida pura sin nicotina 0mg"},"content":{"rendered":"<p>Es wird nur der Umgang durch erfahrene und ge\u00fcbte Personen empfohlen.<br \/>\nDiese Artikel werden f\u00fcr <strong>Mischungen<\/strong> oder, um diese zu verd\u00fcnnen angeboten, nicht f\u00fcr den unmittelbaren Verbrauch.<\/p>\n<p><span style=\"color: #ff0000;\">Achtung !!! F\u00fcr Kindern unzug\u00e4nglich aufbewahren !!!<\/span><\/p>\n<p>Rechtliche Hinweise zur Verwendung<br \/>\nBei diesen Artikeln handelt es sich rechtlich um Chemikalien. Diese Chemikalien werden zur Herstellung von<strong> Nachf\u00fcllfl\u00fcssigkeiten bzw. eLiquids<\/strong> verwendet. Nur f\u00fcr diesen Verwendungszweck werden diese Chemikalien f\u00fcr sachkundige K\u00e4ufer angeboten und an diese verkauft. Die sachgem\u00e4\u00dfe Verwendung liegt in der Verantwortung des K\u00e4ufers.<\/p>\n<p>Diese Chemikalien sind keine Arznei- oder Lebensmittel und sind in der von uns angebotenen Form noch nicht f\u00fcr die Einnahme durch einen Endverbraucher bestimmt. Wir geben auch keine verbindliche Zubereitungs- oder<strong> Dosierungsanleitung<\/strong>. Die Verwendung und Einnahme erfolgt auf Ihr eigenes Risiko.<\/p>\n<p>my-eLiquid haftet nicht f\u00fcr Gesundheitssch\u00e4den, z.B. durch eine unsachgem\u00e4\u00dfe Verwendung.<\/p>\n<p>Diese Artikel d\u00fcrfen nur bestellt werden, wenn der K\u00e4ufer \u00fcber die n\u00f6tige <strong>Erfahrung<\/strong> im Umgang mit diesen Chemikalien und Rohstoffen verf\u00fcgt.<\/p>","protected":false},"excerpt":{"rendered":"<p>Su my-eLiquid <strong>Base de polietilenglicol 400 (PEG 400)<\/strong> para la fabricaci\u00f3n de productos propios <strong>eLiquids<\/strong>. Tambi\u00e9n es adecuado para diluir l\u00edquidos existentes o incluso para el <strong>Contenido de nicotina<\/strong> modificar individualmente. Su base se encuentra en una <span style=\"color: #339966\"><strong>Botella marr\u00f3n de PET<\/strong><\/span> entregado.<\/p>","protected":false},"featured_media":319843,"comment_status":"open","ping_status":"closed","template":"","meta":{"_acf_changed":false,"_relevanssi_hide_post":"","_relevanssi_hide_content":"","_relevanssi_pin_for_all":"","_relevanssi_pin_keywords":"","_relevanssi_unpin_keywords":"","_relevanssi_related_keywords":"","_relevanssi_related_include_ids":"","_relevanssi_related_exclude_ids":"","_relevanssi_related_no_append":"","_relevanssi_related_not_related":"","_relevanssi_related_posts":"","_relevanssi_noindex_reason":""},"product_brand":[],"product_cat":[4732,4695,4698],"product_tag":[7413,4973,4919,4915,5166,4917,4914,7123,4918,4974,5004,1396,7122,7414,4920],"class_list":{"0":"post-304812","1":"product","2":"type-product","3":"status-publish","4":"has-post-thumbnail","6":"product_cat-alle-basen-fur-liquids","7":"product_cat-diy-liquid-basen","8":"product_cat-polyethylenglycol400-peg400-basis","9":"product_tag-7413","10":"product_tag-dab","11":"product_tag-dampfer","12":"product_tag-e-liquid","13":"product_tag-e-zigarette","14":"product_tag-e-zigi","15":"product_tag-eliquid","16":"product_tag-eur","17":"product_tag-ezigarette","18":"product_tag-hersteller","19":"product_tag-nachfuellfluessigkeit","20":"product_tag-peg","21":"product_tag-ph","22":"product_tag-polyethylenglycol","23":"product_tag-verdampfer","24":"product_shipping_class-standard","26":"first","27":"outofstock","28":"taxable","29":"shipping-taxable","30":"purchasable","31":"product-type-variable"},"acf":[],"_links":{"self":[{"href":"https:\/\/my-eliquid.de\/es\/wp-json\/wp\/v2\/product\/304812","targetHints":{"allow":["GET"]}}],"collection":[{"href":"https:\/\/my-eliquid.de\/es\/wp-json\/wp\/v2\/product"}],"about":[{"href":"https:\/\/my-eliquid.de\/es\/wp-json\/wp\/v2\/types\/product"}],"replies":[{"embeddable":true,"href":"https:\/\/my-eliquid.de\/es\/wp-json\/wp\/v2\/comments?post=304812"}],"wp:featuredmedia":[{"embeddable":true,"href":"https:\/\/my-eliquid.de\/es\/wp-json\/wp\/v2\/media\/319843"}],"wp:attachment":[{"href":"https:\/\/my-eliquid.de\/es\/wp-json\/wp\/v2\/media?parent=304812"}],"wp:term":[{"taxonomy":"product_brand","embeddable":true,"href":"https:\/\/my-eliquid.de\/es\/wp-json\/wp\/v2\/product_brand?post=304812"},{"taxonomy":"product_cat","embeddable":true,"href":"https:\/\/my-eliquid.de\/es\/wp-json\/wp\/v2\/product_cat?post=304812"},{"taxonomy":"product_tag","embeddable":true,"href":"https:\/\/my-eliquid.de\/es\/wp-json\/wp\/v2\/product_tag?post=304812"}],"curies":[{"name":"wp","href":"https:\/\/api.w.org\/{rel}","templated":true}]}}