{"id":304919,"date":"2024-06-26T00:00:00","date_gmt":"2024-06-25T22:00:00","guid":{"rendered":"https:\/\/my-eliquid.de\/shop\/elfbar-elfliq-nic-salz-liquid-10mg\/"},"modified":"2026-04-08T09:43:30","modified_gmt":"2026-04-08T07:43:30","slug":"elfbar-elfliq-nic-salz-liquid-10mg","status":"publish","type":"product","link":"https:\/\/my-eliquid.de\/es\/shop\/elfbar-elfliq-nic-salz-liquid-10mg\/","title":{"rendered":"ELFBAR Elfliq sal de nicotina l\u00edquida 10mg"},"content":{"rendered":"<p><strong>Elfliq \u2013 L\u00edquido NicSalt<\/strong><\/p>\n<p>Disfrute de una experiencia de vapeo extraordinaria con el l\u00edquido Elfliq NicSalt, con una proporci\u00f3n ideal de 50 VG\/50 PG que garantiza un equilibrio perfecto entre una producci\u00f3n de vapor intensa y un sabor intenso. Disponible en concentraciones de nicotina de 10 mg y 20 mg.<\/p>\n<p>Con Elfliq, descubrir\u00e1 el sabor \u00fanico que recuerda al famoso Elf Bar y, al mismo tiempo, se beneficiar\u00e1 de una alternativa de alta calidad y respetuosa con el medio ambiente a los dispositivos desechables cl\u00e1sicos. Nuestros l\u00edquidos convencen por sus excelentes aromas y su elegante dise\u00f1o, que se integra perfectamente en su moderna presencia en la web.<\/p>\n<p><strong>Indicaciones y advertencias importantes:<\/strong><br \/> \u2022 Contiene nicotina, un ingrediente potente y adictivo. Este producto est\u00e1 destinado exclusivamente al uso por parte de personas mayores de 18 a\u00f1os.<br \/> \u2022 Mantener fuera del alcance de los ni\u00f1os y adolescentes.<br \/> \u2022 No apto para ingesti\u00f3n ni uso oral. En caso de ingesti\u00f3n accidental o sobredosis, consulte inmediatamente a un m\u00e9dico.<br \/> \u2022 Utilizar \u00fanicamente para el uso previsto en los vaporizadores correspondientes. El l\u00edquido no debe entrar en contacto directo con llamas abiertas ni altas temperaturas bajo ning\u00fan concepto.<br \/> \u2022 Respete todas las dem\u00e1s disposiciones legales y directrices de eliminaci\u00f3n de residuos. Los envases vac\u00edos y los l\u00edquidos que ya no se puedan utilizar deben eliminarse de forma respetuosa con el medio ambiente.<\/p>\n<p>Sum\u00e9rjase en el mundo de Elfliq Liquids y disfrute de una experiencia de vapeo de primera clase: elegante, profesional y repleta de intensos aromas. \u00a1Haga su pedido ahora y compruebe por s\u00ed mismo la calidad y la experiencia de sabor \u00fanica!<\/p>","protected":false},"excerpt":{"rendered":"<p>Elfliq Liquids se enorgullece de presentar una selecci\u00f3n de los sabores m\u00e1s vendidos inspirados en los populares dispositivos desechables Elf Bar<\/p>","protected":false},"featured_media":319889,"comment_status":"open","ping_status":"closed","template":"","meta":{"_acf_changed":false,"_relevanssi_hide_post":"","_relevanssi_hide_content":"","_relevanssi_pin_for_all":"","_relevanssi_pin_keywords":"","_relevanssi_unpin_keywords":"","_relevanssi_related_keywords":"","_relevanssi_related_include_ids":"","_relevanssi_related_exclude_ids":"","_relevanssi_related_no_append":"","_relevanssi_related_not_related":"","_relevanssi_related_posts":"","_relevanssi_noindex_reason":""},"product_brand":[],"product_cat":[4731,4692,4709,4906,4851,4690,4694,4791,4708,4693,4706],"product_tag":[4919,4915,6813,6591,7859,4914,6508,6511,6509,6510,6512,4920],"class_list":{"0":"post-304919","1":"product","2":"type-product","3":"status-publish","4":"has-post-thumbnail","6":"product_cat-alle-liquids-fur-e-zigaretten","7":"product_cat-drinks-liquids-e-zigarette","8":"product_cat-eisbonbon-liquids-e-zigarette","9":"product_cat-elfbar","10":"product_cat-fremdprodukte","11":"product_cat-frucht-liquids-e-zigarette","12":"product_cat-menthol-liquids-e-zigarette","13":"product_cat-neue-liquids","14":"product_cat-nussige-liquids-e-zigarette","15":"product_cat-special-liquids-e-zigarette","16":"product_cat-suesse-liquids-e-zigarette","17":"product_tag-dampfer","18":"product_tag-e-liquid","19":"product_tag-elfa","20":"product_tag-elfbar","21":"product_tag-elfliq","22":"product_tag-eliquid","23":"product_tag-liquidsalz","24":"product_tag-nicsalt","25":"product_tag-nicsalz","26":"product_tag-nikotinsalz","27":"product_tag-salt","28":"product_tag-verdampfer","29":"product_shipping_class-standard","30":"pa_geschmack-apple-peach","31":"pa_geschmack-blackberry-lemon","32":"pa_geschmack-blackcurrant-aniseed","33":"pa_geschmack-blue-razz-lemonade","34":"pa_geschmack-blueberry","35":"pa_geschmack-blueberry-sour-raspberry","36":"pa_geschmack-cherry","37":"pa_geschmack-cherry-cola","38":"pa_geschmack-cola","39":"pa_geschmack-cotton-candy-ice","40":"pa_geschmack-elfstrom-ice","41":"pa_geschmack-grape","42":"pa_geschmack-kiwi-passion-fruit-guava","43":"pa_geschmack-mango","44":"pa_geschmack-menthol","45":"pa_geschmack-mix-berries","46":"pa_geschmack-peach-ice","47":"pa_geschmack-peach-passion-fruit","48":"pa_geschmack-pineapple-mango-orange","49":"pa_geschmack-pink-grapefruit","50":"pa_geschmack-pink-lemonade","51":"pa_geschmack-sour-apple","52":"pa_geschmack-spearmint","53":"pa_geschmack-strawberry-ice","54":"pa_geschmack-strawberry-ice-cream","55":"pa_geschmack-strawberry-kiwi","56":"pa_geschmack-strawberry-raspberry-cherry","57":"pa_geschmack-watermelon","59":"first","60":"instock","61":"taxable","62":"shipping-taxable","63":"purchasable","64":"product-type-variable"},"acf":[],"_links":{"self":[{"href":"https:\/\/my-eliquid.de\/es\/wp-json\/wp\/v2\/product\/304919","targetHints":{"allow":["GET"]}}],"collection":[{"href":"https:\/\/my-eliquid.de\/es\/wp-json\/wp\/v2\/product"}],"about":[{"href":"https:\/\/my-eliquid.de\/es\/wp-json\/wp\/v2\/types\/product"}],"replies":[{"embeddable":true,"href":"https:\/\/my-eliquid.de\/es\/wp-json\/wp\/v2\/comments?post=304919"}],"wp:featuredmedia":[{"embeddable":true,"href":"https:\/\/my-eliquid.de\/es\/wp-json\/wp\/v2\/media\/319889"}],"wp:attachment":[{"href":"https:\/\/my-eliquid.de\/es\/wp-json\/wp\/v2\/media?parent=304919"}],"wp:term":[{"taxonomy":"product_brand","embeddable":true,"href":"https:\/\/my-eliquid.de\/es\/wp-json\/wp\/v2\/product_brand?post=304919"},{"taxonomy":"product_cat","embeddable":true,"href":"https:\/\/my-eliquid.de\/es\/wp-json\/wp\/v2\/product_cat?post=304919"},{"taxonomy":"product_tag","embeddable":true,"href":"https:\/\/my-eliquid.de\/es\/wp-json\/wp\/v2\/product_tag?post=304919"}],"curies":[{"name":"wp","href":"https:\/\/api.w.org\/{rel}","templated":true}]}}