{"id":304977,"date":"2020-06-30T00:00:00","date_gmt":"2020-06-29T22:00:00","guid":{"rendered":"https:\/\/my-eliquid.de\/shop\/teslacigs-the-carrate-22mm-rta-silber\/"},"modified":"2026-04-10T09:10:17","modified_gmt":"2026-04-10T07:10:17","slug":"teslacigs-the-carrate-22mm-rta-silber","status":"publish","type":"product","link":"https:\/\/my-eliquid.de\/es\/shop\/teslacigs-the-carrate-22mm-rta-silber\/","title":{"rendered":"Teslacigs | The Carrate 22mm RTA | Self-Winder | Silver"},"content":{"rendered":"<h2>Teslacigs The Carrate 22mm RTA &#8211; Silber<\/h2>\n<p>En <strong>Tesla Carrate 22 RTA<\/strong> utiliza un \u00fanico <strong>Cubierta de sujeci\u00f3n<\/strong> similar a la <strong>Goon RDA<\/strong>que le permite gestionar proyectos m\u00e1s grandes y complicados <strong>Bobinas\/Cables<\/strong> f\u00e1cil de instalar.<\/p>\n<p>Sein einzigartiges <strong>Deck<\/strong> erzeugt auch einen st\u00e4rkeren Kontakt aufgrund der vergr\u00f6\u00dferten Oberfl\u00e4che, was zu einem maximalen Leistungspotential f\u00fchrt.<\/p>\n<p>Dank seiner kompakten Gr\u00f6\u00dfe ist er nicht nur sehr handlich, sondern aufgrund seiner kurzen Kammer auch wesentlich geschmackvoller als andere <strong>Selbstwickler Tank-Verdampfer<\/strong>.<\/p>\n<\/p>\n<p>Datos t\u00e9cnicos:<\/p>\n<div>\n<ul>\n<li>Durchmesser: 22mm<\/li>\n<li>F\u00fcllvolumen: 2mL Liquid<\/li>\n<li>Top Fill Design<\/li>\n<li>Top Airflow<\/li>\n<li>Pyrex Glass Tank<\/li>\n<li>Delrin Wide Bore Drip Tip<\/li>\n<li>510er versilbert<\/li>\n<li>Einzigartiges Klemmen-Deck<\/li>\n<li>PEEK Isulator<\/li>\n<\/ul>\n<\/div>","protected":false},"excerpt":{"rendered":"<p>En <strong>Tesla Carrate 22 RTA<\/strong> utiliza un \u00fanico <strong>Cubierta de sujeci\u00f3n<\/strong> similar a la <strong>Goon RDA<\/strong>que le permite gestionar proyectos m\u00e1s grandes y complicados <strong>Bobinas\/Cables<\/strong> f\u00e1cil de instalar.<\/p>","protected":false},"featured_media":319144,"comment_status":"open","ping_status":"closed","template":"","meta":{"_acf_changed":false,"_relevanssi_hide_post":"","_relevanssi_hide_content":"","_relevanssi_pin_for_all":"","_relevanssi_pin_keywords":"","_relevanssi_unpin_keywords":"","_relevanssi_related_keywords":"","_relevanssi_related_include_ids":"","_relevanssi_related_exclude_ids":"","_relevanssi_related_no_append":"","_relevanssi_related_not_related":"","_relevanssi_related_posts":"","_relevanssi_noindex_reason":""},"product_brand":[],"product_cat":[4713,4781,4886,4789,4894,4793,4774],"product_tag":[6944,1391,7510,5411,6357,6082,6916,5251,7511,7509,6917,6682,4920],"class_list":{"0":"post-304977","1":"product","2":"type-product","3":"status-publish","4":"has-post-thumbnail","6":"product_cat-e-zigaretten","7":"product_cat-e-zigaretten-hersteller","8":"product_cat-lagerverkauf-hardware-sale","9":"product_cat-selbstwickler-1","10":"product_cat-testlacigs","11":"product_cat-e-zigaretten-liquid-basen-aroma-vape-sale","12":"product_cat-verdampfer","13":"product_tag-22mm","14":"product_tag-bitte","15":"product_tag-carrate","16":"product_tag-e-zigaretten","17":"product_tag-hardware","18":"product_tag-rta","19":"product_tag-sale","20":"product_tag-selbstwickler","21":"product_tag-silber","22":"product_tag-teslacigs","23":"product_tag-the","24":"product_tag-vape","25":"product_tag-verdampfer","26":"product_shipping_class-standard","28":"first","29":"outofstock","30":"sale","31":"taxable","32":"shipping-taxable","33":"purchasable","34":"product-type-simple"},"acf":[],"_links":{"self":[{"href":"https:\/\/my-eliquid.de\/es\/wp-json\/wp\/v2\/product\/304977","targetHints":{"allow":["GET"]}}],"collection":[{"href":"https:\/\/my-eliquid.de\/es\/wp-json\/wp\/v2\/product"}],"about":[{"href":"https:\/\/my-eliquid.de\/es\/wp-json\/wp\/v2\/types\/product"}],"replies":[{"embeddable":true,"href":"https:\/\/my-eliquid.de\/es\/wp-json\/wp\/v2\/comments?post=304977"}],"wp:featuredmedia":[{"embeddable":true,"href":"https:\/\/my-eliquid.de\/es\/wp-json\/wp\/v2\/media\/319144"}],"wp:attachment":[{"href":"https:\/\/my-eliquid.de\/es\/wp-json\/wp\/v2\/media?parent=304977"}],"wp:term":[{"taxonomy":"product_brand","embeddable":true,"href":"https:\/\/my-eliquid.de\/es\/wp-json\/wp\/v2\/product_brand?post=304977"},{"taxonomy":"product_cat","embeddable":true,"href":"https:\/\/my-eliquid.de\/es\/wp-json\/wp\/v2\/product_cat?post=304977"},{"taxonomy":"product_tag","embeddable":true,"href":"https:\/\/my-eliquid.de\/es\/wp-json\/wp\/v2\/product_tag?post=304977"}],"curies":[{"name":"wp","href":"https:\/\/api.w.org\/{rel}","templated":true}]}}