{"id":304980,"date":"2020-05-28T00:00:00","date_gmt":"2020-05-27T22:00:00","guid":{"rendered":"https:\/\/my-eliquid.de\/shop\/dotmod-dotaio-rba-einheit\/"},"modified":"2026-03-25T09:05:57","modified_gmt":"2026-03-25T08:05:57","slug":"dotmod-dotaio-rba-einheit","status":"publish","type":"product","link":"https:\/\/my-eliquid.de\/es\/shop\/dotmod-dotaio-rba-einheit\/","title":{"rendered":"Unidad RBA DotMod | dotAIO"},"content":{"rendered":"<p>Unidad DotMod dotAIO RBA<\/p>\n<p>Con la unidad RBA, el kit DotMod dotAIO se puede utilizar como sistema de pods de bobina propia. La unidad de bobina propia cuenta con una plataforma sin postes para bobinas propias.\u00a0<span>La plataforma de bobinado est\u00e1 dise\u00f1ada para un bobinado (bobina simple). El flujo de aire tambi\u00e9n se puede ajustar mediante el control de flujo de aire de cuatro posiciones situado en la base del RBA.<\/span><\/p>\n<p><span>Con el adaptador 510 se puede utilizar cualquier herramienta de bobinado y soporte de bater\u00eda para recocer los cables y medir la resistencia de la bobina.\u00a0<\/span>Adem\u00e1s, se incluye un pod adicional con una capacidad de 2,7 ml.<\/p>\n<h3><span>Caracter\u00edsticas del DotMod dotAio RBA<\/span><\/h3>\n<ul>\n<li><span>Cubierta sin postes<\/span><\/li>\n<li><span>Bobina cantarina<\/span><\/li>\n<li>Control de flujo de aire ajustable<\/li>\n<li>Adaptador 510 para herramienta de bobinado\/portabater\u00edas<\/li>\n<li>Capacidad de llenado: 2,7 ml.<\/li>\n<\/ul>","protected":false},"excerpt":{"rendered":"<p>Unidad DotMod dotAIO RBA con vaina de 2,7 ml de volumen de llenado y un adaptador 510 para procesar las bobinas.<\/p>","protected":false},"featured_media":319355,"comment_status":"open","ping_status":"closed","template":"","meta":{"_acf_changed":false,"_relevanssi_hide_post":"","_relevanssi_hide_content":"","_relevanssi_pin_for_all":"","_relevanssi_pin_keywords":"","_relevanssi_unpin_keywords":"","_relevanssi_related_keywords":"","_relevanssi_related_include_ids":"","_relevanssi_related_exclude_ids":"","_relevanssi_related_no_append":"","_relevanssi_related_not_related":"","_relevanssi_related_posts":"","_relevanssi_noindex_reason":""},"product_brand":[],"product_cat":[4887,4713,4781,4780,4789,4719,4774],"product_tag":[6355,6353,5411,6108,7627,5251,4920,4982],"class_list":{"0":"post-304980","1":"product","2":"type-product","3":"status-publish","4":"has-post-thumbnail","6":"product_cat-dotmod","7":"product_cat-e-zigaretten","8":"product_cat-e-zigaretten-hersteller","9":"product_cat-ersatzteile","10":"product_cat-selbstwickler-1","11":"product_cat-selbstwickler-dampfer","12":"product_cat-verdampfer","13":"product_tag-dotaio","14":"product_tag-dotmod","15":"product_tag-e-zigaretten","16":"product_tag-ersatzteile","17":"product_tag-rba-einheit","18":"product_tag-selbstwickler","19":"product_tag-verdampfer","20":"product_tag-zubehoer","21":"product_shipping_class-standard","23":"first","24":"outofstock","25":"taxable","26":"shipping-taxable","27":"purchasable","28":"product-type-simple"},"acf":[],"_links":{"self":[{"href":"https:\/\/my-eliquid.de\/es\/wp-json\/wp\/v2\/product\/304980","targetHints":{"allow":["GET"]}}],"collection":[{"href":"https:\/\/my-eliquid.de\/es\/wp-json\/wp\/v2\/product"}],"about":[{"href":"https:\/\/my-eliquid.de\/es\/wp-json\/wp\/v2\/types\/product"}],"replies":[{"embeddable":true,"href":"https:\/\/my-eliquid.de\/es\/wp-json\/wp\/v2\/comments?post=304980"}],"wp:featuredmedia":[{"embeddable":true,"href":"https:\/\/my-eliquid.de\/es\/wp-json\/wp\/v2\/media\/319355"}],"wp:attachment":[{"href":"https:\/\/my-eliquid.de\/es\/wp-json\/wp\/v2\/media?parent=304980"}],"wp:term":[{"taxonomy":"product_brand","embeddable":true,"href":"https:\/\/my-eliquid.de\/es\/wp-json\/wp\/v2\/product_brand?post=304980"},{"taxonomy":"product_cat","embeddable":true,"href":"https:\/\/my-eliquid.de\/es\/wp-json\/wp\/v2\/product_cat?post=304980"},{"taxonomy":"product_tag","embeddable":true,"href":"https:\/\/my-eliquid.de\/es\/wp-json\/wp\/v2\/product_tag?post=304980"}],"curies":[{"name":"wp","href":"https:\/\/api.w.org\/{rel}","templated":true}]}}