{"id":304989,"date":"2016-02-12T00:00:00","date_gmt":"2016-02-11T23:00:00","guid":{"rendered":"https:\/\/my-eliquid.de\/shop\/compvape-double-vision-rda\/"},"modified":"2025-12-29T09:05:33","modified_gmt":"2025-12-29T08:05:33","slug":"compvape-double-vision-rda","status":"publish","type":"product","link":"https:\/\/my-eliquid.de\/es\/shop\/compvape-double-vision-rda\/","title":{"rendered":"Compvape Double Vision RDA"},"content":{"rendered":"<h4>compvape Double Vision RDA<\/h4>\n<p><span>Compvape ist einer der wenigen Hersteller, der den fast schon ges\u00e4ttigten RDA-Markt immer wieder aufmischt. Die bisherigen Meisterst\u00fccke von Compvape, der El Cabron, der\u00a013 Heavens 9 Hells und der Twisted Messes RDA\u00a0waren und sind alles leistungsstarke Tr\u00f6pfler, die sich auch optisch von der Konkurrenz absetzen. Nun folgt ein weiterer Tr\u00f6pfler: der Double Vision RDA!<\/span><\/p>\n<p><span>Das Herzst\u00fcck des Double Vision <strong>RDA<\/strong> bildet\u00a0das Deck im zwei Post Design. Die beiden m\u00e4chtigen Pole haben jeweils ein 3 x 4mm gro\u00dfe Bohrung. Durch die gewaltigen, ovalen \u00d6ffnungen lassen sich nahezu alle erdenklichen und exotischen Wicklungen problemlos befestigen. Das Platzieren der Wicklungen ist dabei denkbar einfach, auch die Watte findet ebenso leicht ihren Platz in der riesigen, 6mm tiefen Liquidwanne.<\/span><\/p>\n<p><span>Die Verdampferh\u00fclse wurde im Vergleich zu anderen Tr\u00f6pflern\u00a0von Compvape um 3mm gek\u00fcrzt. Durch die verkleinerte Verdampferkammer verspricht der Double Vision RDA noch mehr Geschmack und dichteren Dampf. Der Ring f\u00fcr die Lufzugregulierung\u00a0sorgt mit einem geschickten Design der \u00d6ffnungen f\u00fcr viel Luftverwirbelungen im Inneren. Mit dem Ring l\u00e4sst sich sowohl der Luftzug regulieren, wie auch zwischen Single- und Dual Coil Betrieb wechseln.<\/span><\/p>\n<p><span>Oben auf sitzt ein massives Delrin DripTip\u00a0mit einem Innendurchmesser von 12mm &#8211; <strong>Cloud Chasing<\/strong> y <strong>Open Draw<\/strong> Fans werden damit Ihre Freude haben!<\/span><\/p>\n<p><span>Im Lieferumfang ist neben den \u00fcblichen Ersatzteilen (Schrauben, O-Ringe..) ein komplettes zweites Deck enthalten. Auch ein zweiter AFC-Ring in schwarz ist inklusive.\u00a0<\/span><\/p>\n<p>\u00a0<\/p>\n<p><strong>Hier ein Paar Details:<\/strong><\/p>\n<ul>\n<li>2 post Design (2 Draht aufnahmen) mit jeweils 3,0 mm dicken L\u00f6chern.<\/li>\n<li>Das Geh\u00e4use und die Base besteht aus 304 Edelstahl.<\/li>\n<li>Verwendet wird ein aus Messing gefertigter und Silber beschichteter Doppel plus pol.\u00a0<\/li>\n<li>In der Base befindet sich ein 22 mm Durchmesser und 6 mm tiefer liquid Speicher zur Aufnahme von (je nach Watte Menge) bis zu 2ml .<\/li>\n<\/ul>\n<p>\u00a0<\/p>\n<div class=\"_3hi clearfix\">\n<div class=\"_1yr\"><strong>\u00a0Im Set des Compvape&#8217;s\u00a0Double Vision\u00a0Tr\u00f6pfler :<\/strong><\/div>\n<div class=\"_1yr\">\u00a0<\/div>\n<div class=\"_1yr\">\n<table class=\"flat-table\">\n<tbody>\n<tr>\n<td>1x<\/td>\n<td>Compvape&#8217;s\u00a0Double Vision RDA mit Delrin DripTip<\/td>\n<\/tr>\n<tr>\n<td>1x<\/td>\n<td>Luftzugregulierungsh\u00fclse in schwarz\u00a0zum Wechseln<\/td>\n<\/tr>\n<tr>\n<td>1x<\/td>\n<td>Ersatzteilt\u00fctchen (Schrauben, O-Ringe und Inbusschl\u00fcssel)<\/td>\n<\/tr>\n<tr>\n<td>1x<\/td>\n<td>Ersatz- bzw. Zweit-Deck<\/td>\n<\/tr>\n<\/tbody>\n<\/table>\n<\/div>\n<\/div>","protected":false},"excerpt":{"rendered":"<p>Compvape Double Vision RDA, anillo AFC con dos agujeros de 3.0 mm, fabricado en acero inoxidable 304 pin de contacto de lat\u00f3n plateado. RDA de 22 mm con dep\u00f3sito de l\u00edquido de 6 mm. Logo Compvape en el anillo AFC<\/p>","protected":false},"featured_media":319856,"comment_status":"open","ping_status":"closed","template":"","meta":{"_acf_changed":false,"_relevanssi_hide_post":"","_relevanssi_hide_content":"","_relevanssi_pin_for_all":"","_relevanssi_pin_keywords":"","_relevanssi_unpin_keywords":"","_relevanssi_related_keywords":"","_relevanssi_related_include_ids":"","_relevanssi_related_exclude_ids":"","_relevanssi_related_no_append":"","_relevanssi_related_not_related":"","_relevanssi_related_posts":"","_relevanssi_noindex_reason":""},"product_brand":[],"product_cat":[4713,4781,4886,4714,4793],"product_tag":[7304,7794,5411,6357,5310,6939,5251,7795],"class_list":{"0":"post-304989","1":"product","2":"type-product","3":"status-publish","4":"has-post-thumbnail","6":"product_cat-e-zigaretten","7":"product_cat-e-zigaretten-hersteller","8":"product_cat-lagerverkauf-hardware-sale","9":"product_cat-selbstwickler","10":"product_cat-e-zigaretten-liquid-basen-aroma-vape-sale","11":"product_tag-compvape","12":"product_tag-double","13":"product_tag-e-zigaretten","14":"product_tag-hardware","15":"product_tag-neuheiten","16":"product_tag-rda","17":"product_tag-selbstwickler","18":"product_tag-vision","19":"product_shipping_class-standard","21":"first","22":"instock","23":"sale","24":"taxable","25":"shipping-taxable","26":"purchasable","27":"product-type-simple"},"acf":[],"_links":{"self":[{"href":"https:\/\/my-eliquid.de\/es\/wp-json\/wp\/v2\/product\/304989","targetHints":{"allow":["GET"]}}],"collection":[{"href":"https:\/\/my-eliquid.de\/es\/wp-json\/wp\/v2\/product"}],"about":[{"href":"https:\/\/my-eliquid.de\/es\/wp-json\/wp\/v2\/types\/product"}],"replies":[{"embeddable":true,"href":"https:\/\/my-eliquid.de\/es\/wp-json\/wp\/v2\/comments?post=304989"}],"wp:featuredmedia":[{"embeddable":true,"href":"https:\/\/my-eliquid.de\/es\/wp-json\/wp\/v2\/media\/319856"}],"wp:attachment":[{"href":"https:\/\/my-eliquid.de\/es\/wp-json\/wp\/v2\/media?parent=304989"}],"wp:term":[{"taxonomy":"product_brand","embeddable":true,"href":"https:\/\/my-eliquid.de\/es\/wp-json\/wp\/v2\/product_brand?post=304989"},{"taxonomy":"product_cat","embeddable":true,"href":"https:\/\/my-eliquid.de\/es\/wp-json\/wp\/v2\/product_cat?post=304989"},{"taxonomy":"product_tag","embeddable":true,"href":"https:\/\/my-eliquid.de\/es\/wp-json\/wp\/v2\/product_tag?post=304989"}],"curies":[{"name":"wp","href":"https:\/\/api.w.org\/{rel}","templated":true}]}}