{"id":304999,"date":"2023-04-20T00:00:00","date_gmt":"2023-04-19T22:00:00","guid":{"rendered":"https:\/\/my-eliquid.de\/shop\/oxva-xlim-c-pod-kit\/"},"modified":"2025-11-25T13:52:01","modified_gmt":"2025-11-25T12:52:01","slug":"oxva-xlim-c-pod-kit","status":"publish","type":"product","link":"https:\/\/my-eliquid.de\/es\/shop\/oxva-xlim-c-pod-kit\/","title":{"rendered":"Oxva | Xlim C | 900 mAh | 2ml | Pod Kit"},"content":{"rendered":"<p>El nuevo Xlim C de OXVA - compacto, delgado y ligero, as\u00ed se presenta el Xlim C Pod System de Oxva en formato stick ergon\u00f3mico.<\/p>\n<p>Peque\u00f1o y diminuto<\/p>\n<p>El OXVA Xlim C Pod Kit ofrece unas dimensiones compactas de s\u00f3lo 114,5 mm x 24,0 mm x 14,0 mm, lo que corresponde a las dimensiones de un rotulador est\u00e1ndar - perfecto para el bolsillo del pantal\u00f3n. Fabricado en aleaci\u00f3n de aluminio de alta calidad y PCTG, el kit se adapta perfectamente a la mano y es f\u00e1cil y c\u00f3modo de usar.<\/p>\n<p>Fuerte y vers\u00e1til<\/p>\n<p>El sistema de vapeo OXVA Xlim C cuenta con una bater\u00eda integrada de 900 mAh que puede cargarse c\u00f3modamente con hasta 2 A a trav\u00e9s del puerto USB Type-C. Adem\u00e1s de la extracci\u00f3n autom\u00e1tica integrada, el Xlim C tambi\u00e9n cuenta con un bot\u00f3n de encendido ergon\u00f3mico con luz indicadora integrada, que hace que toda la configuraci\u00f3n sea agradablemente sencilla. El sistema se puede encender y apagar con 5 clics, con 3 clics se puede seleccionar uno de los tres niveles de potencia diferentes (bajo, medio, alto) en funci\u00f3n de la resistencia de la bobina. Con 2 clics se bloquea\/desbloquea el bot\u00f3n de disparo. El chip Photon ultramoderno garantiza el m\u00e1ximo rendimiento al vapear y lleva incorporados todos los circuitos de protecci\u00f3n importantes.<\/p>\n<p>Gracias al ajuste lateral del flujo de aire, la resistencia a la calada puede ajustarse perfectamente al usuario, entre una calada MTL estricta (vapor posterior) o una calada pulmonar restrictiva.<\/p>\n<p>Abierto o cl\u00e1sico<\/p>\n<p>Las vainas OXVA Xlim X tienen un volumen de llenado de 2 ml y cuentan con un c\u00f3modo llenado lateral con una tapa de silicona. Las vainas son compatibles con las bobinas intercambiables de sabor intenso OXVA C Meshed, de las que hay disponibles un total de tres variantes de bobina con resistencias de 0,6, 0,8 y 1,2 ohmios.<\/p>\n<p>Las bobinas de 0,6 ohmios y 0,8 ohmios ya est\u00e1n incluidas en el volumen de suministro. La bobina de 0,6 ohmios est\u00e1 dise\u00f1ada para vapear RDL en el rango de 18 - 25 vatios, mientras que la bobina de 0,8 ohmios admite tanto vapeo RDL como MTL a 12 - 17 vatios. La variante de 1,2 ohmios, por otro lado, est\u00e1 claramente dise\u00f1ada para vapear MTL cl\u00e1sico a 7 - 12 vatios.<\/p>\n<p><span><span>OXVA Xlim C Pod Tank<\/span><\/span><\/p>\n<ul>\n<li>Material: PCTG<\/li>\n<li>Conexi\u00f3n: Plug&amp;Play<\/li>\n<li>Volumen de llenado: 2 ml<\/li>\n<li>Llenado: Sistema de llenado lateral<\/li>\n<li>Bobinas: OXVA Xlim C Coil<\/li>\n<\/ul>\n<p><span><span>OXVA Xlim C Mod<\/span><\/span><\/p>\n<ul>\n<li>Dimensiones: 114,5 mm x 24,0 mm x 14,0 mm<\/li>\n<li>Material: aleaci\u00f3n de aluminio, PCTG<\/li>\n<li>Conexi\u00f3n: Plug&amp;Play<\/li>\n<li>Bater\u00eda: 900 mAh<\/li>\n<li>Modos de salida: VW<\/li>\n<li>Carga: USB Tipo-C 5V \/ 2A<\/li>\n<\/ul>","protected":false},"excerpt":{"rendered":"<p>OXVA Xlim C Pod Tank<\/p>","protected":false},"featured_media":319933,"comment_status":"open","ping_status":"closed","template":"","meta":{"_acf_changed":false,"_relevanssi_hide_post":"","_relevanssi_hide_content":"","_relevanssi_pin_for_all":"","_relevanssi_pin_keywords":"","_relevanssi_unpin_keywords":"","_relevanssi_related_keywords":"","_relevanssi_related_include_ids":"","_relevanssi_related_exclude_ids":"","_relevanssi_related_no_append":"","_relevanssi_related_not_related":"","_relevanssi_related_posts":"","_relevanssi_noindex_reason":""},"product_brand":[],"product_cat":[4713,4771,4781,4772,4886,4893,4722,4899,4793],"product_tag":[6811,7830,1391,6780,5411,6358,6712,6410,6999,6778,5859,6747,6779],"class_list":{"0":"post-304999","1":"product","2":"type-product","3":"status-publish","4":"has-post-thumbnail","6":"product_cat-e-zigaretten","7":"product_cat-e-zigaretten-fuer-einsteiger","8":"product_cat-e-zigaretten-hersteller","9":"product_cat-e-zigaretten-sets","10":"product_cat-lagerverkauf-hardware-sale","11":"product_cat-limetless-hardware","12":"product_cat-neuheiten","13":"product_cat-oxva","14":"product_cat-e-zigaretten-liquid-basen-aroma-vape-sale","15":"product_tag-2ml","16":"product_tag-7830","17":"product_tag-bitte","18":"product_tag-c","19":"product_tag-e-zigaretten","20":"product_tag-einsteiger","21":"product_tag-fuer","22":"product_tag-kit","23":"product_tag-mah","24":"product_tag-oxva","25":"product_tag-pod","26":"product_tag-sets","27":"product_tag-xlim","28":"product_shipping_class-standard","30":"first","31":"instock","32":"taxable","33":"shipping-taxable","34":"purchasable","35":"product-type-variable"},"acf":[],"_links":{"self":[{"href":"https:\/\/my-eliquid.de\/es\/wp-json\/wp\/v2\/product\/304999","targetHints":{"allow":["GET"]}}],"collection":[{"href":"https:\/\/my-eliquid.de\/es\/wp-json\/wp\/v2\/product"}],"about":[{"href":"https:\/\/my-eliquid.de\/es\/wp-json\/wp\/v2\/types\/product"}],"replies":[{"embeddable":true,"href":"https:\/\/my-eliquid.de\/es\/wp-json\/wp\/v2\/comments?post=304999"}],"wp:featuredmedia":[{"embeddable":true,"href":"https:\/\/my-eliquid.de\/es\/wp-json\/wp\/v2\/media\/319933"}],"wp:attachment":[{"href":"https:\/\/my-eliquid.de\/es\/wp-json\/wp\/v2\/media?parent=304999"}],"wp:term":[{"taxonomy":"product_brand","embeddable":true,"href":"https:\/\/my-eliquid.de\/es\/wp-json\/wp\/v2\/product_brand?post=304999"},{"taxonomy":"product_cat","embeddable":true,"href":"https:\/\/my-eliquid.de\/es\/wp-json\/wp\/v2\/product_cat?post=304999"},{"taxonomy":"product_tag","embeddable":true,"href":"https:\/\/my-eliquid.de\/es\/wp-json\/wp\/v2\/product_tag?post=304999"}],"curies":[{"name":"wp","href":"https:\/\/api.w.org\/{rel}","templated":true}]}}