{"id":305009,"date":"2018-03-14T00:00:00","date_gmt":"2018-03-13T23:00:00","guid":{"rendered":"https:\/\/my-eliquid.de\/shop\/le-cube\/"},"modified":"2026-02-02T08:49:14","modified_gmt":"2026-02-02T07:49:14","slug":"le-cube","status":"publish","type":"product","link":"https:\/\/my-eliquid.de\/es\/shop\/le-cube\/","title":{"rendered":"Le Cube - Jwell"},"content":{"rendered":"<p>Erneut bringt <strong>JWELL<\/strong> mit dem <strong>LE CUB<\/strong>E eine E-Zigarette, die sich insgesamt abhebt von allen anderen bisher Ger\u00e4ten. Und das ist jetzt nicht nur so dahin gesagt, sondern es ist tats\u00e4chlich so:<\/p>\n<p><strong>LE CUBE<\/strong> ist winzig! 5,5cm hoch, 3,5cm breit und 2,5cm dick. Dazu ist er mit seinen nur 79 Gramm ein ungewohntes Leichtgewicht unter den Mini-MODs. Bei den genannten Ma\u00dfen ist der Verdampfer bereits integriert ist und nur das Mundst\u00fcck ragt ca. einen Zentimeter aus dem Kubus heraus. Eine Akkukapazit\u00e4t von <strong>1.750mAh<\/strong> ist f\u00fcr so ein kleines E-Zigarettchen ungew\u00f6hnlich viel. Die Auslegung des Verdampferwiderstands von<strong> 0,6 ohmios<\/strong> passt rein elektrisch und vor allem auf die Ausdauer bezogen, technisch sehr gut zu der Kapazit\u00e4t und zeugt von E-Zigaretten-Kompetenz. Der mit 2ml Volumen in so einer kleinen E-Zigarette gro\u00dfz\u00fcgig bemessene und itegrierte Tank ebenso.<\/p>\n<p>Der Tank ist in einer &#8220;<strong>Cardridge<\/strong>&#8221; integriert &#8211; eine wiederbef\u00fcllbare Einheit aus Mundst\u00fcck, <strong>Verdampferkern<\/strong> und Liquidspeicher mit F\u00fcllstand-Sichtfenser. Designm\u00e4\u00dfig ist LE CUBE schlicht und ohne Schn\u00f6rkel gemacht. Durch die &#8220;runden Ecken&#8221; wirkt er gef\u00e4llig und macht ihn ergonomisch im Handling. Das Design des <strong>Mundst\u00fccks<\/strong> sind durch die Asymmetrie bewusst so umgesetzt, dass man den Mod automatisch richtig herum h\u00e4lt. Der relativ gro\u00dfe Feuerknopf umfasst eine gesamte Ger\u00e4teecke und wird intuitiv mit dem Daumen bedient, Position und Druckpunkt sind angenehm. <strong>LE CUBE<\/strong> ist durch seine runden Ecken ein Handschmeichler und er flutscht auch in die kleinste 5th-Pocket der engsten Jeans.<\/p>","protected":false},"excerpt":{"rendered":"<p><strong>LE CUBE<\/strong> es diminuto: 5,5 cm de alto, 3,5 cm de ancho y 2,5 cm de grosor. Con s\u00f3lo 79 gramos, tambi\u00e9n es un peso ligero inusual entre los <strong>Mini MODs<\/strong>.\u00a0<\/p>","protected":false},"featured_media":319530,"comment_status":"open","ping_status":"closed","template":"","meta":{"_acf_changed":false,"_relevanssi_hide_post":"","_relevanssi_hide_content":"","_relevanssi_pin_for_all":"","_relevanssi_pin_keywords":"","_relevanssi_unpin_keywords":"","_relevanssi_related_keywords":"","_relevanssi_related_include_ids":"","_relevanssi_related_exclude_ids":"","_relevanssi_related_no_append":"","_relevanssi_related_not_related":"","_relevanssi_related_posts":"","_relevanssi_noindex_reason":""},"product_brand":[],"product_cat":[4713,4781,4886,4793],"product_tag":[1391,7124,5411,7125,6870],"class_list":{"0":"post-305009","1":"product","2":"type-product","3":"status-publish","4":"has-post-thumbnail","6":"product_cat-e-zigaretten","7":"product_cat-e-zigaretten-hersteller","8":"product_cat-lagerverkauf-hardware-sale","9":"product_cat-e-zigaretten-liquid-basen-aroma-vape-sale","10":"product_tag-bitte","11":"product_tag-cube","12":"product_tag-e-zigaretten","13":"product_tag-jwell","14":"product_tag-le","15":"product_shipping_class-standard","17":"first","18":"instock","19":"sale","20":"taxable","21":"shipping-taxable","22":"purchasable","23":"product-type-variable"},"acf":[],"_links":{"self":[{"href":"https:\/\/my-eliquid.de\/es\/wp-json\/wp\/v2\/product\/305009","targetHints":{"allow":["GET"]}}],"collection":[{"href":"https:\/\/my-eliquid.de\/es\/wp-json\/wp\/v2\/product"}],"about":[{"href":"https:\/\/my-eliquid.de\/es\/wp-json\/wp\/v2\/types\/product"}],"replies":[{"embeddable":true,"href":"https:\/\/my-eliquid.de\/es\/wp-json\/wp\/v2\/comments?post=305009"}],"wp:featuredmedia":[{"embeddable":true,"href":"https:\/\/my-eliquid.de\/es\/wp-json\/wp\/v2\/media\/319530"}],"wp:attachment":[{"href":"https:\/\/my-eliquid.de\/es\/wp-json\/wp\/v2\/media?parent=305009"}],"wp:term":[{"taxonomy":"product_brand","embeddable":true,"href":"https:\/\/my-eliquid.de\/es\/wp-json\/wp\/v2\/product_brand?post=305009"},{"taxonomy":"product_cat","embeddable":true,"href":"https:\/\/my-eliquid.de\/es\/wp-json\/wp\/v2\/product_cat?post=305009"},{"taxonomy":"product_tag","embeddable":true,"href":"https:\/\/my-eliquid.de\/es\/wp-json\/wp\/v2\/product_tag?post=305009"}],"curies":[{"name":"wp","href":"https:\/\/api.w.org\/{rel}","templated":true}]}}