{"id":305040,"date":"2023-04-21T00:00:00","date_gmt":"2023-04-20T22:00:00","guid":{"rendered":"https:\/\/my-eliquid.de\/shop\/oxva-xlim-c-coils\/"},"modified":"2025-11-25T13:52:01","modified_gmt":"2025-11-25T12:52:01","slug":"oxva-xlim-c-coils","status":"publish","type":"product","link":"https:\/\/my-eliquid.de\/es\/shop\/oxva-xlim-c-coils\/","title":{"rendered":"Oxva | Xlim C | Bobinas | 0.6 Ohm - 1.2 Ohm"},"content":{"rendered":"<p>A juego con el kit Xlim C Pod, OXVA presenta las resistencias del mismo nombre. Las resistencias est\u00e1n dise\u00f1adas principalmente para inhalaciones pulmonares restrictivas (RDL) y para el vapeo cl\u00e1sico de boca a pulm\u00f3n (MTL).<\/p>\n<p><strong>Las siguientes variantes de las bobinas Xlim C est\u00e1n disponibles<\/strong>:<\/p>\n<ul>\n<li><strong>0,6 ohmios \u2013 18 vatios \u2013 RDL \u2013<\/strong>\u00a0Estas resistencias son ideales para caladas pulmonares restrictivas gracias a su resistencia relativamente baja.<\/li>\n<\/ul>\n<ul>\n<li><strong>0,8 ohmios \u2013 13 vatios \u2013 MTL \u2013<\/strong>\u00a0Esta variante cubre el hueco entre MTL y RDL. Perfecta para una vaporizaci\u00f3n relajada.<\/li>\n<\/ul>\n<ul>\n<li><strong>1,2 ohmios \u2013 8 vatios \u2013 MTL \u2013<\/strong>\u00a0Estas bobinas son perfectas para la inhalaci\u00f3n pulmonar indirecta.<\/li>\n<\/ul>","protected":false},"excerpt":{"rendered":"<p>La bobina OXVA Xlim C para el Xlim C Pod Kit.<strong><br \/><\/strong><\/p>","protected":false},"featured_media":319158,"comment_status":"open","ping_status":"closed","template":"","meta":{"_acf_changed":false,"_relevanssi_hide_post":"","_relevanssi_hide_content":"","_relevanssi_pin_for_all":"","_relevanssi_pin_keywords":"","_relevanssi_unpin_keywords":"","_relevanssi_related_keywords":"","_relevanssi_related_include_ids":"","_relevanssi_related_exclude_ids":"","_relevanssi_related_no_append":"","_relevanssi_related_not_related":"","_relevanssi_related_posts":"","_relevanssi_noindex_reason":""},"product_brand":[],"product_cat":[4713,4781,4722,4899,4778],"product_tag":[1391,6780,6781,6778,6779],"class_list":{"0":"post-305040","1":"product","2":"type-product","3":"status-publish","4":"has-post-thumbnail","6":"product_cat-e-zigaretten","7":"product_cat-e-zigaretten-hersteller","8":"product_cat-neuheiten","9":"product_cat-oxva","10":"product_cat-verdampferkoepfe","11":"product_tag-bitte","12":"product_tag-c","13":"product_tag-coils","14":"product_tag-oxva","15":"product_tag-xlim","16":"product_shipping_class-standard","18":"first","19":"instock","20":"taxable","21":"shipping-taxable","22":"purchasable","23":"product-type-variable"},"acf":[],"_links":{"self":[{"href":"https:\/\/my-eliquid.de\/es\/wp-json\/wp\/v2\/product\/305040","targetHints":{"allow":["GET"]}}],"collection":[{"href":"https:\/\/my-eliquid.de\/es\/wp-json\/wp\/v2\/product"}],"about":[{"href":"https:\/\/my-eliquid.de\/es\/wp-json\/wp\/v2\/types\/product"}],"replies":[{"embeddable":true,"href":"https:\/\/my-eliquid.de\/es\/wp-json\/wp\/v2\/comments?post=305040"}],"wp:featuredmedia":[{"embeddable":true,"href":"https:\/\/my-eliquid.de\/es\/wp-json\/wp\/v2\/media\/319158"}],"wp:attachment":[{"href":"https:\/\/my-eliquid.de\/es\/wp-json\/wp\/v2\/media?parent=305040"}],"wp:term":[{"taxonomy":"product_brand","embeddable":true,"href":"https:\/\/my-eliquid.de\/es\/wp-json\/wp\/v2\/product_brand?post=305040"},{"taxonomy":"product_cat","embeddable":true,"href":"https:\/\/my-eliquid.de\/es\/wp-json\/wp\/v2\/product_cat?post=305040"},{"taxonomy":"product_tag","embeddable":true,"href":"https:\/\/my-eliquid.de\/es\/wp-json\/wp\/v2\/product_tag?post=305040"}],"curies":[{"name":"wp","href":"https:\/\/api.w.org\/{rel}","templated":true}]}}