{"id":312549,"date":"2020-12-11T00:00:00","date_gmt":"2020-12-10T23:00:00","guid":{"rendered":"https:\/\/my-eliquid.de\/shop\/mel-snv-yoursnv-120ml\/"},"modified":"2026-04-24T19:05:57","modified_gmt":"2026-04-24T17:05:57","slug":"mel-snv-yoursnv-120ml","status":"publish","type":"product","link":"https:\/\/my-eliquid.de\/es\/shop\/mel-snv-yoursnv-120ml\/","title":{"rendered":"Your Shake and Vape | 120 ml"},"content":{"rendered":"<h2>\u00a1Para los que saben lo que quieren! Tu Shake and Vape en tres sencillos pasos<\/h2>\n<p><strong>Paso 1: Elige tu nivel de nicotina<\/strong><\/p>\n<p><strong>Paso 2: Elige tu sabor (solo se puede seleccionar uno)<\/strong><\/p>\n<p><strong>Paso 3: Selecciona el tipo de refresco (dosificaci\u00f3n con 1 %)<\/strong><\/p>\n<h3>Dependiendo de la nicotina que elijas, con 120 ml obtienes:<\/h3>\n<ul>\n<li>en\u00a0<strong>6 mg<\/strong>\u00a0un 8<strong>0 ml<\/strong>\u00a0botella llena y 4 chupitos<\/li>\n<li>en\u00a0<strong>3 mg<\/strong>\u00a0un 10<strong>0 ml\u00a0<\/strong>botella llena y 2 chupitos<\/li>\n<li>en\u00a0<strong>0mg<\/strong>\u00a0un 12<strong>0 ml<\/strong>\u00a0botella llena con\u00a0<strong>0mg<\/strong>\u00a0<strong>L\u00edquido terminado.<\/strong><\/li>\n<\/ul>\n<p><strong>\u00a0<\/strong><\/p>\n<p><strong><strong><strong>\u00a1Todos los l\u00edquidos se rellenan con una base 50 VG 50 PG!<\/strong><\/strong><\/strong><\/p>\n<p><strong><strong>\u00bfQuieres utilizar otra base? Entonces echa un vistazo a nuestras <a href=\"\/es\/mel-fillup-yourfillup-12ml.html\/\" title=\"Llenado largo\">Rellenos: su relleno largo<\/a>!<\/strong><\/strong><\/p>\n<h2><strong>\u00a1Hoy en d\u00eda mezclar es as\u00ed de f\u00e1cil!\u00a0<\/strong><\/h2>","protected":false},"excerpt":{"rendered":"<p>Usted tiene su\u00a0<strong>Allday L\u00edquido<\/strong>\u00a0\u00bfYa lo has encontrado? Entonces cons\u00edguelo ahora en\u00a0<strong>\u00a1120 ml!<\/strong><\/p>","protected":false},"featured_media":319666,"comment_status":"open","ping_status":"closed","template":"","meta":{"_acf_changed":false,"_relevanssi_hide_post":"","_relevanssi_hide_content":"","_relevanssi_pin_for_all":"","_relevanssi_pin_keywords":"","_relevanssi_unpin_keywords":"","_relevanssi_related_keywords":"","_relevanssi_related_include_ids":"","_relevanssi_related_exclude_ids":"","_relevanssi_related_no_append":"","_relevanssi_related_not_related":"","_relevanssi_related_posts":"","_relevanssi_noindex_reason":""},"product_brand":[],"product_cat":[4701,4689,4722,4794],"product_tag":[5907],"class_list":{"0":"post-312549","1":"product","2":"type-product","3":"status-publish","4":"has-post-thumbnail","6":"product_cat-aromen","7":"product_cat-eliquids","8":"product_cat-neuheiten","9":"product_cat-shake-and-vape","10":"product_tag-makeyouliquid","11":"product_shipping_class-standard","13":"first","14":"instock","15":"taxable","16":"shipping-taxable","17":"purchasable","18":"product-type-variable"},"acf":[],"_links":{"self":[{"href":"https:\/\/my-eliquid.de\/es\/wp-json\/wp\/v2\/product\/312549","targetHints":{"allow":["GET"]}}],"collection":[{"href":"https:\/\/my-eliquid.de\/es\/wp-json\/wp\/v2\/product"}],"about":[{"href":"https:\/\/my-eliquid.de\/es\/wp-json\/wp\/v2\/types\/product"}],"replies":[{"embeddable":true,"href":"https:\/\/my-eliquid.de\/es\/wp-json\/wp\/v2\/comments?post=312549"}],"wp:featuredmedia":[{"embeddable":true,"href":"https:\/\/my-eliquid.de\/es\/wp-json\/wp\/v2\/media\/319666"}],"wp:attachment":[{"href":"https:\/\/my-eliquid.de\/es\/wp-json\/wp\/v2\/media?parent=312549"}],"wp:term":[{"taxonomy":"product_brand","embeddable":true,"href":"https:\/\/my-eliquid.de\/es\/wp-json\/wp\/v2\/product_brand?post=312549"},{"taxonomy":"product_cat","embeddable":true,"href":"https:\/\/my-eliquid.de\/es\/wp-json\/wp\/v2\/product_cat?post=312549"},{"taxonomy":"product_tag","embeddable":true,"href":"https:\/\/my-eliquid.de\/es\/wp-json\/wp\/v2\/product_tag?post=312549"}],"curies":[{"name":"wp","href":"https:\/\/api.w.org\/{rel}","templated":true}]}}