{"id":321860,"date":"2025-10-20T13:34:38","date_gmt":"2025-10-20T11:34:38","guid":{"rendered":"https:\/\/my-eliquid.de\/shop\/elfbar-refill-pod-10ml\/"},"modified":"2026-03-26T15:32:56","modified_gmt":"2026-03-26T14:32:56","slug":"elfbar-refill-pod-10ml","status":"publish","type":"product","link":"https:\/\/my-eliquid.de\/es\/shop\/elfbar-refill-pod-10ml\/","title":{"rendered":"Recambio Elfbar MAX 10 ml 20 mg"},"content":{"rendered":"<h2>\ud83d\udca8 ELFBAR MAX C\u00e1psula precargada 10 ml - M\u00e1ximo sabor, m\u00ednimo esfuerzo<\/h2>\n<p>En <strong>C\u00e1psulas ELFBAR MAX<\/strong> le proporcionan una experiencia de vapor intensa y duradera con un rico <strong>10 ml de l\u00edquido de sales de nicotina<\/strong> - que corresponde a <em>cinco veces m\u00e1s<\/em> que las c\u00e1psulas convencionales de 2 ml.<\/p>\n<p>Basta con insertar en el <strong>Portapilas ELFBAR MAX<\/strong> Introducir, extraer y disfrutar. Sin rellenar. Sin derrames. Sin esperas, s\u00f3lo <strong>Puro sabor<\/strong> de la primera a la \u00faltima jugada.<\/p>\n<h3>\ud83c\udf53 Variedades disponibles (seg\u00fan disponibilidad)<\/h3>\n<ul>\n<li><strong>Manzana Pera<\/strong> - Afrutado-fresco con manzana y pera<\/li>\n<li><strong>Hielo de mora<\/strong> - Moras oscuras, fr\u00edamente refinadas<\/li>\n<li><strong>Ar\u00e1ndano<\/strong> - Sabor dulce y cl\u00e1sico<\/li>\n<li><strong>Ar\u00e1ndano agrio Frambuesa<\/strong> - Explosi\u00f3n agridulce<\/li>\n<li><strong>Uva<\/strong> - Intenso sabor a uva pura<\/li>\n<li><strong>Mentol<\/strong> - Mentol helado para los amantes del frescor<\/li>\n<li><strong>Helado de fresa<\/strong> - Fresa dulce con un final fresco<\/li>\n<li><strong>Triple baya<\/strong> - Mezcla de frutas del bosque<\/li>\n<li><strong>Triple Mango<\/strong> - Tr\u00edada tropical de mango<\/li>\n<li><strong>Hielo de sand\u00eda<\/strong> - Jugosa sand\u00eda con un toque de frescura<\/li>\n<\/ul>\n<h3>\u2699\ufe0f Resumen de las caracter\u00edsticas del producto<\/h3>\n<ul>\n<li>\u2705 <strong>10 ml precargado<\/strong> - para un placer de vapor extra largo<\/li>\n<li>\u2705 <strong>20 mg\/ml de sal de nicotina<\/strong> - suave y eficaz<\/li>\n<li>\u2705 <strong>C\u00e1psula desechable<\/strong> - Sin rellenar, sin esfuerzo<\/li>\n<li>\u2705 <strong>Compatible con portapilas ELFBAR MAX<\/strong><\/li>\n<li>\u2705 <strong>Hasta 3000 trenes<\/strong> en funci\u00f3n del comportamiento de uso<\/li>\n<li>\u2757 <strong>S\u00f3lo puede utilizarse una vez<\/strong> - Desechar completamente despu\u00e9s de vaciar<\/li>\n<\/ul>","protected":false},"excerpt":{"rendered":"<p><strong>C\u00e1psula precargada de 10 ml<\/strong> con <strong>20 mg\/ml de sal de nicotina<\/strong> para los <strong>ELFBAR MAX<\/strong> \u2013 simplemente ins\u00e9rtelo, vapor\u00edcelo y hasta <strong>3000 trenes<\/strong> disfrutar. <em>\u00a1No es necesario rellenarlo!<\/em><\/p>","protected":false},"featured_media":321871,"comment_status":"open","ping_status":"closed","template":"","meta":{"_acf_changed":false,"_relevanssi_hide_post":"","_relevanssi_hide_content":"","_relevanssi_pin_for_all":"","_relevanssi_pin_keywords":"","_relevanssi_unpin_keywords":"","_relevanssi_related_keywords":"","_relevanssi_related_include_ids":"","_relevanssi_related_exclude_ids":"","_relevanssi_related_no_append":"","_relevanssi_related_not_related":"","_relevanssi_related_posts":"","_relevanssi_noindex_reason":""},"product_brand":[],"product_cat":[4731,4713,4906,4851,4722],"product_tag":[],"class_list":{"0":"post-321860","1":"product","2":"type-product","3":"status-publish","4":"has-post-thumbnail","6":"product_cat-alle-liquids-fur-e-zigaretten","7":"product_cat-e-zigaretten","8":"product_cat-elfbar","9":"product_cat-fremdprodukte","10":"product_cat-neuheiten","11":"product_shipping_class-standard","12":"pa_sorte-apple-pear","13":"pa_sorte-blackberry-ice","14":"pa_sorte-blueberry","15":"pa_sorte-blueberrysourraspberry","16":"pa_sorte-grape","17":"pa_sorte-menthol","18":"pa_sorte-strawberryice","19":"pa_sorte-triple-berry","20":"pa_sorte-triple-mango","21":"pa_sorte-watermelonice","23":"first","24":"instock","25":"featured","26":"taxable","27":"shipping-taxable","28":"purchasable","29":"product-type-variable"},"acf":[],"_links":{"self":[{"href":"https:\/\/my-eliquid.de\/es\/wp-json\/wp\/v2\/product\/321860","targetHints":{"allow":["GET"]}}],"collection":[{"href":"https:\/\/my-eliquid.de\/es\/wp-json\/wp\/v2\/product"}],"about":[{"href":"https:\/\/my-eliquid.de\/es\/wp-json\/wp\/v2\/types\/product"}],"replies":[{"embeddable":true,"href":"https:\/\/my-eliquid.de\/es\/wp-json\/wp\/v2\/comments?post=321860"}],"wp:featuredmedia":[{"embeddable":true,"href":"https:\/\/my-eliquid.de\/es\/wp-json\/wp\/v2\/media\/321871"}],"wp:attachment":[{"href":"https:\/\/my-eliquid.de\/es\/wp-json\/wp\/v2\/media?parent=321860"}],"wp:term":[{"taxonomy":"product_brand","embeddable":true,"href":"https:\/\/my-eliquid.de\/es\/wp-json\/wp\/v2\/product_brand?post=321860"},{"taxonomy":"product_cat","embeddable":true,"href":"https:\/\/my-eliquid.de\/es\/wp-json\/wp\/v2\/product_cat?post=321860"},{"taxonomy":"product_tag","embeddable":true,"href":"https:\/\/my-eliquid.de\/es\/wp-json\/wp\/v2\/product_tag?post=321860"}],"curies":[{"name":"wp","href":"https:\/\/api.w.org\/{rel}","templated":true}]}}