{"id":322406,"date":"2025-11-18T14:47:15","date_gmt":"2025-11-18T13:47:15","guid":{"rendered":"https:\/\/my-eliquid.de\/shop\/geekvape-aegis-legend-5-mod\/"},"modified":"2025-11-25T13:49:30","modified_gmt":"2025-11-25T12:49:30","slug":"geekvape-aegis-legend-5-mod","status":"publish","type":"product","link":"https:\/\/my-eliquid.de\/es\/shop\/geekvape-aegis-legend-5-mod\/","title":{"rendered":"GeekVape | Mod Aegis Legend 5"},"content":{"rendered":"<h2>\ud83d\udcaa GeekVape Aegis Legend 5 Mod - la potencia se une al control.<\/h2>\n<p>En <strong>Mod GeekVape Aegis Legend 5<\/strong> es el ep\u00edtome de la resistencia, el rendimiento y la sofisticaci\u00f3n t\u00e9cnica. Con <strong>Potencia de salida de 200 vatios<\/strong>, el <strong>Chip AS 4.0<\/strong> de \u00faltima generaci\u00f3n y un <strong>Carcasa con certificaci\u00f3n IP68<\/strong> este mod est\u00e1 preparado para todos los retos, tanto en la vida cotidiana como en uso extremo.<\/p>\n<p>Tanto si trabajas al aire libre bajo la lluvia, como si vas de excursi\u00f3n por la nieve o al vapor en la obra, el Legend 5 Mod puede seguirte el ritmo. No s\u00f3lo es <strong>Resistente al polvo y al agua<\/strong>, sino tambi\u00e9n <strong>A prueba de golpes<\/strong> y con numerosos <strong>Funciones de seguridad<\/strong> equipado. Combinado con cualquier vaporizador 510 est\u00e1ndar, es el compa\u00f1ero ideal para cualquiera que <strong>Potencia<\/strong> y <strong>fiabilidad<\/strong> esperar.<\/p>\n<h3>Caracter\u00edsticas y ventajas<\/h3>\n<ul>\n<li><strong>M\u00e1x. potencia:<\/strong> 200 W - funciona con 2 pilas 18650 (no incluidas)<\/li>\n<li><strong>Chip AS 4.0:<\/strong> Ultrarr\u00e1pido (cadencia de disparo de 0,01 segundos), potente e inteligente<\/li>\n<li><strong>IP68 Tri-Proof:<\/strong> Resistente al polvo, al agua (hasta 1,5 m durante 30 minutos) y a los golpes<\/li>\n<li><strong>Diferentes modos:<\/strong> SMART, POWER, BOOST, ECO, TC, CUSTOM Y MEMORIA<\/li>\n<li><strong>Carga r\u00e1pida USB-C:<\/strong> Funci\u00f3n de carga r\u00e1pida de 5 V\/2 A<\/li>\n<li><strong>Pantalla TFT en color de 1,08\u2033:<\/strong> Pantalla brillante con tiras de luz LED personalizables<\/li>\n<li><strong>Dise\u00f1o ergon\u00f3mico:<\/strong> Carcasa robusta con superficie antideslizante: perfecta para viajar<\/li>\n<li><strong>Memoria de configuraci\u00f3n:<\/strong> Guardar y recuperar configuraciones favoritas<\/li>\n<\/ul>\n<h3>\ud83d\udcd0 Datos t\u00e9cnicos<\/h3>\n<table>\n<tr>\n<td><strong>Tipo:<\/strong><\/td>\n<td>Box-Mod<\/td>\n<\/tr>\n<tr>\n<td><strong>M\u00e1ximo rendimiento:<\/strong><\/td>\n<td>200 W<\/td>\n<\/tr>\n<tr>\n<td><strong>Bater\u00edas:<\/strong><\/td>\n<td>2\u00d7 18650 (no incluidos)<\/td>\n<\/tr>\n<tr>\n<td><strong>Rango de resistencia:<\/strong><\/td>\n<td>0,1 - 3,0 Ohm<\/td>\n<\/tr>\n<tr>\n<td><strong>Conexi\u00f3n:<\/strong><\/td>\n<td>510s<\/td>\n<\/tr>\n<tr>\n<td><strong>Conexi\u00f3n de carga:<\/strong><\/td>\n<td>USB-C (5V\/2A)<\/td>\n<\/tr>\n<tr>\n<td><strong>Pantalla:<\/strong><\/td>\n<td>Pantalla TFT en color de 1,08\u2033.<\/td>\n<\/tr>\n<tr>\n<td><strong>Dimensiones (L\u00d7A\u00d7F):<\/strong><\/td>\n<td>146 \u00d7 56 \u00d7 26 mm<\/td>\n<\/tr>\n<tr>\n<td><strong>Funciones de protecci\u00f3n:<\/strong><\/td>\n<td>Cortocircuito, sobrecarga, descarga profunda, sobrecalentamiento, desconexi\u00f3n en 8 segundos, protecci\u00f3n contra polaridad inversa<\/td>\n<\/tr>\n<\/table>\n<h3>\ud83d\udce6 Volumen de suministro<\/h3>\n<ul>\n<li>1\u00d7 Mod GeekVape Aegis Legend 5<\/li>\n<li>1\u00d7 cable de carga USB-C<\/li>\n<li>1\u00d7 instrucciones de uso<\/li>\n<\/ul>","protected":false},"excerpt":{"rendered":"<p><strong>Mod GeekVape Aegis Legend 5<\/strong> La nueva leyenda de la resistencia. <\/strong><\/p>","protected":false},"featured_media":322418,"comment_status":"open","ping_status":"closed","template":"","meta":{"_acf_changed":false,"_relevanssi_hide_post":"","_relevanssi_hide_content":"","_relevanssi_pin_for_all":"","_relevanssi_pin_keywords":"","_relevanssi_unpin_keywords":"","_relevanssi_related_keywords":"","_relevanssi_related_include_ids":"","_relevanssi_related_exclude_ids":"","_relevanssi_related_no_append":"","_relevanssi_related_not_related":"","_relevanssi_related_posts":"","_relevanssi_noindex_reason":""},"product_brand":[],"product_cat":[4713,4771,4781,4772,4814],"product_tag":[],"class_list":{"0":"post-322406","1":"product","2":"type-product","3":"status-publish","4":"has-post-thumbnail","6":"product_cat-e-zigaretten","7":"product_cat-e-zigaretten-fuer-einsteiger","8":"product_cat-e-zigaretten-hersteller","9":"product_cat-e-zigaretten-sets","10":"product_cat-geekvape","11":"product_shipping_class-standard","13":"first","14":"instock","15":"featured","16":"taxable","17":"shipping-taxable","18":"purchasable","19":"product-type-variable"},"acf":[],"_links":{"self":[{"href":"https:\/\/my-eliquid.de\/es\/wp-json\/wp\/v2\/product\/322406","targetHints":{"allow":["GET"]}}],"collection":[{"href":"https:\/\/my-eliquid.de\/es\/wp-json\/wp\/v2\/product"}],"about":[{"href":"https:\/\/my-eliquid.de\/es\/wp-json\/wp\/v2\/types\/product"}],"replies":[{"embeddable":true,"href":"https:\/\/my-eliquid.de\/es\/wp-json\/wp\/v2\/comments?post=322406"}],"wp:featuredmedia":[{"embeddable":true,"href":"https:\/\/my-eliquid.de\/es\/wp-json\/wp\/v2\/media\/322418"}],"wp:attachment":[{"href":"https:\/\/my-eliquid.de\/es\/wp-json\/wp\/v2\/media?parent=322406"}],"wp:term":[{"taxonomy":"product_brand","embeddable":true,"href":"https:\/\/my-eliquid.de\/es\/wp-json\/wp\/v2\/product_brand?post=322406"},{"taxonomy":"product_cat","embeddable":true,"href":"https:\/\/my-eliquid.de\/es\/wp-json\/wp\/v2\/product_cat?post=322406"},{"taxonomy":"product_tag","embeddable":true,"href":"https:\/\/my-eliquid.de\/es\/wp-json\/wp\/v2\/product_tag?post=322406"}],"curies":[{"name":"wp","href":"https:\/\/api.w.org\/{rel}","templated":true}]}}