{"id":322475,"date":"2025-11-21T13:10:28","date_gmt":"2025-11-21T12:10:28","guid":{"rendered":"https:\/\/my-eliquid.de\/shop\/dotmod-dotpod-max-kit\/"},"modified":"2025-11-25T13:48:26","modified_gmt":"2025-11-25T12:48:26","slug":"dotmod-dotpod-max-kit","status":"publish","type":"product","link":"https:\/\/my-eliquid.de\/es\/shop\/dotmod-dotpod-max-kit\/","title":{"rendered":"dotMod | DotPod MAX | Kit de c\u00e1psulas"},"content":{"rendered":"<h2>\ud83c\udf1f DotMod dotPod Max Pod Kit: potencia, elegancia y flexibilidad en un solo dispositivo.<\/h2>\n<p>Con el <strong>dotPod Max<\/strong> trae <strong>DotMod<\/strong> un kit de c\u00e1psulas vers\u00e1til en un moderno dise\u00f1o de caja, que puede utilizarse tanto para <strong>MTL<\/strong>-, <strong>RDL<\/strong>- as\u00ed como <strong>Vaporizador DL<\/strong> inspira. Mano de obra de alta calidad de <strong>aluminio anodizado<\/strong>, el dispositivo no s\u00f3lo impresiona por su rendimiento, sino tambi\u00e9n por su estilo: con el <em>ic\u00f3nico logotipo dorado de DotMod<\/em> como acento de estilo.<\/p>\n<h3>\ud83d\udd0b Potencia y rendimiento<\/h3>\n<ul>\n<li><strong>Bater\u00eda de 2000 mAh<\/strong> para un vapeo duradero<\/li>\n<li><strong>Rango de potencia de 5-60 vatios<\/strong> - Perfecto para todas las preferencias de vapor<\/li>\n<li><strong>sistema autom\u00e1tico de tracci\u00f3n<\/strong> &amp; bot\u00f3n de disparo - para adaptarse a su estilo<\/li>\n<li><strong>Carga r\u00e1pida USB-C<\/strong> - R\u00e1pidamente listo para volver a usarse<\/li>\n<li><strong>Detecci\u00f3n inteligente de bobinas<\/strong> - Protege la bobina y ajusta la potencia autom\u00e1ticamente<\/li>\n<\/ul>\n<h3>F\u00e1cil de usar y seguro<\/h3>\n<ul>\n<li><strong>Pantalla OLED de 0,69<\/strong> muestra bater\u00eda, potencia, resistencia y trenes<\/li>\n<li><strong>Bot\u00f3n multifunci\u00f3n<\/strong> para encender, apagar, encender y bloquear<\/li>\n<li><strong>Funciones de protecci\u00f3n vers\u00e1tiles<\/strong>Cortocircuito, sobrecarga, sobrecalentamiento, descarga profunda y mucho m\u00e1s.<\/li>\n<\/ul>\n<h3>\ud83e\udde9 Compatibilidad flexible de vainas<\/h3>\n<ul>\n<li><strong>Volumen del dep\u00f3sito de 5 ml<\/strong> con c\u00f3modas <strong>Sistema de llenado superior<\/strong><\/li>\n<li><strong>Compatible con bobinas dotAIO V2<\/strong> (0,3 \u03a9 - 1,0 \u03a9)<\/li>\n<li><strong>Alternativamente utilizable con vainas con bobina integrada<\/strong> (0,4 \u03a9 \/ 0,6 \u03a9 \/ 1,0 \u03a9)<\/li>\n<li><strong>Control del flujo de aire<\/strong> Directamente en la vaina - ajustable individualmente<\/li>\n<li><strong>Asiento con vaina magn\u00e9tica<\/strong> - Cambio f\u00e1cil y sujeci\u00f3n segura<\/li>\n<\/ul>\n<h3>\ud83d\udce6 Volumen de suministro:<\/h3>\n<ul>\n<li>1\u00d7 portapilas dotPod Max<\/li>\n<li>1\u00d7 dotPod Max vaina vac\u00eda (sin bobina)<\/li>\n<li>1\u00d7 dotCoil 0.3 Ohm<\/li>\n<li>1\u00d7 dotPod Max Pod con bobina integrada (0,6 Ohm)<\/li>\n<li>1\u00d7 Punta de goteo<\/li>\n<li>1\u00d7 cable de carga USB-C<\/li>\n<li>1\u00d7 instrucciones de uso<\/li>\n<\/ul>\n<p><strong>\u26a0\ufe0f Nota:<\/strong> No es compatible con las bobinas de 0,15 Ohm de la serie dotAIO V2.<\/p>\n<h3>\ud83d\udccf Datos t\u00e9cnicos de un vistazo:<\/h3>\n<table border=\"1\" cellpadding=\"6\" cellspacing=\"0\">\n<tr>\n<th>Caracter\u00edstica<\/th>\n<th>detalles<\/th>\n<\/tr>\n<tr>\n<td>Bater\u00eda<\/td>\n<td>2000 mAh (integrado)<\/td>\n<\/tr>\n<tr>\n<td>Rendimiento<\/td>\n<td>5-60 W<\/td>\n<\/tr>\n<tr>\n<td>Volumen del dep\u00f3sito<\/td>\n<td>5 ml<\/td>\n<\/tr>\n<tr>\n<td>Bobinas<\/td>\n<td>dotAIO V2 (0,3 - 1,0 \u03a9) y variantes integradas<\/td>\n<\/tr>\n<tr>\n<td>Flujo de aire<\/td>\n<td>Ajustable lateralmente, directamente en la vaina<\/td>\n<\/tr>\n<tr>\n<td>Mostrar<\/td>\n<td>0,69\u2033 OLED<\/td>\n<\/tr>\n<tr>\n<td>Dimensiones (L\u00d7A\u00d7F)<\/td>\n<td>92,5 \u00d7 43,1 \u00d7 20 mm<\/td>\n<\/tr>\n<tr>\n<td>Peso<\/td>\n<td>99 g<\/td>\n<\/tr>\n<tr>\n<td>Material<\/td>\n<td>Aleaci\u00f3n de aluminio (Mod), PCTG (Pod)<\/td>\n<\/tr>\n<tr>\n<td>Conexi\u00f3n de carga<\/td>\n<td>USB-C (5V \/ 2A)<\/td>\n<\/tr>\n<\/table>\n<p>\ud83d\udd0b <strong>DotMod dotPod Max<\/strong> - el sistema de c\u00e1psulas todo en uno para los vapeadores m\u00e1s exigentes que buscan dise\u00f1o, rendimiento y flexibilidad combinados en un elegante dispositivo.<\/p>","protected":false},"excerpt":{"rendered":"<p><strong>Kit DotMod dotPod Max Pod<\/strong> \u2013 Dispositivo todo en uno de alta calidad con <strong>Bater\u00eda de 2000 mAh<\/strong>, <strong>5-60 W de potencia<\/strong>, <strong>Dep\u00f3sito de 5 ml<\/strong> &amp; vers\u00e1til <strong>Compatibilidad con bobinas<\/strong>. Ideal para <strong>MTL<\/strong>, <strong>RDL<\/strong> &amp; <strong>DL<\/strong> \u2013 Elegante, inteligente y potente.<\/p>","protected":false},"featured_media":322478,"comment_status":"open","ping_status":"closed","template":"","meta":{"_acf_changed":false,"_relevanssi_hide_post":"","_relevanssi_hide_content":"","_relevanssi_pin_for_all":"","_relevanssi_pin_keywords":"","_relevanssi_unpin_keywords":"","_relevanssi_related_keywords":"","_relevanssi_related_include_ids":"","_relevanssi_related_exclude_ids":"","_relevanssi_related_no_append":"","_relevanssi_related_not_related":"","_relevanssi_related_posts":"","_relevanssi_noindex_reason":""},"product_brand":[],"product_cat":[4773,4782,4784,4887,4713,4771,4781,4772,4886,4785,4722,4793],"product_tag":[],"class_list":{"0":"post-322475","1":"product","2":"type-product","3":"status-publish","4":"has-post-thumbnail","6":"product_cat-e-zigaretten-akkutraeger","7":"product_cat-box-mod","8":"product_cat-box-mod-digital","9":"product_cat-dotmod","10":"product_cat-e-zigaretten","11":"product_cat-e-zigaretten-fuer-einsteiger","12":"product_cat-e-zigaretten-hersteller","13":"product_cat-e-zigaretten-sets","14":"product_cat-lagerverkauf-hardware-sale","15":"product_cat-box-mod-mechanisch","16":"product_cat-neuheiten","17":"product_cat-e-zigaretten-liquid-basen-aroma-vape-sale","18":"product_shipping_class-standard","20":"first","21":"instock","22":"featured","23":"taxable","24":"shipping-taxable","25":"purchasable","26":"product-type-variable"},"acf":[],"_links":{"self":[{"href":"https:\/\/my-eliquid.de\/es\/wp-json\/wp\/v2\/product\/322475","targetHints":{"allow":["GET"]}}],"collection":[{"href":"https:\/\/my-eliquid.de\/es\/wp-json\/wp\/v2\/product"}],"about":[{"href":"https:\/\/my-eliquid.de\/es\/wp-json\/wp\/v2\/types\/product"}],"replies":[{"embeddable":true,"href":"https:\/\/my-eliquid.de\/es\/wp-json\/wp\/v2\/comments?post=322475"}],"wp:featuredmedia":[{"embeddable":true,"href":"https:\/\/my-eliquid.de\/es\/wp-json\/wp\/v2\/media\/322478"}],"wp:attachment":[{"href":"https:\/\/my-eliquid.de\/es\/wp-json\/wp\/v2\/media?parent=322475"}],"wp:term":[{"taxonomy":"product_brand","embeddable":true,"href":"https:\/\/my-eliquid.de\/es\/wp-json\/wp\/v2\/product_brand?post=322475"},{"taxonomy":"product_cat","embeddable":true,"href":"https:\/\/my-eliquid.de\/es\/wp-json\/wp\/v2\/product_cat?post=322475"},{"taxonomy":"product_tag","embeddable":true,"href":"https:\/\/my-eliquid.de\/es\/wp-json\/wp\/v2\/product_tag?post=322475"}],"curies":[{"name":"wp","href":"https:\/\/api.w.org\/{rel}","templated":true}]}}