{"id":324764,"date":"2020-05-28T00:00:00","date_gmt":"2020-05-27T22:00:00","guid":{"rendered":"https:\/\/my-eliquid.de\/shop\/geekvape-10meter-ka1-wire-26ga\/"},"modified":"2026-04-09T13:36:46","modified_gmt":"2026-04-09T11:36:46","slug":"geekvape-10meter-ka1-wire-26ga","status":"publish","type":"product","link":"https:\/\/my-eliquid.de\/es\/shop\/geekvape-10meter-ka1-wire-26ga\/","title":{"rendered":"GeekVape |  DIY Kanthal A1 Wire  | 26GA (0,40mm) | Wickeldraht"},"content":{"rendered":"<p><strong>GeekVape 10 Meter DIY KA A1 Wire 26GA (0,40mm) Wickeldraht<\/strong><\/p>\n<p style=\"line-height: 19px;\">F\u00fcr hohen Anspruch gibt es einen Profi-Draht welcher durch seine Eigenschaften gl\u00e4nzt. Die Box beinhaltet eine Spule mit 9,14 Meter Kanthal Wickeldraht<\/p>\n<p style=\"line-height: 19px;\">Durch das tr\u00e4ge Anspringverhalten des Drahtes, eignet sich dieser Draht f\u00fcr MTL Wicklungenund f\u00fcr \u00c4nf\u00e4nger!<\/p>\n<p style=\"line-height: 19px;\">Produced by GeekVape<\/p>\n<p style=\"line-height: 19px;\">Material: Edelstahl 9,14-Meter-Rolle Drahtst\u00e4rke: 26ga = 0.4mm<\/p>\n<p>Esta oferta est\u00e1 dirigida exclusivamente a personas mayores de edad. La ley de protecci\u00f3n de menores proh\u00edbe la oferta y la venta de este art\u00edculo a ni\u00f1os y adolescentes. El contrato de compraventa solo se perfeccionar\u00e1 tras la verificaci\u00f3n satisfactoria de la edad. Adem\u00e1s, el cartero realizar\u00e1 una comprobaci\u00f3n al entregar el paquete.<\/p>","protected":false},"excerpt":{"rendered":"<p>GeekVape 10 Meter DIY Kanthal A1 Wire 26GA (0,40mm) Wickeldraht<\/p>","protected":false},"featured_media":324765,"comment_status":"closed","ping_status":"closed","template":"","meta":{"_acf_changed":false,"_relevanssi_hide_post":"","_relevanssi_hide_content":"","_relevanssi_pin_for_all":"","_relevanssi_pin_keywords":"","_relevanssi_unpin_keywords":"","_relevanssi_related_keywords":"","_relevanssi_related_include_ids":"","_relevanssi_related_exclude_ids":"","_relevanssi_related_no_append":"","_relevanssi_related_not_related":"","_relevanssi_related_posts":"","_relevanssi_noindex_reason":""},"product_brand":[],"product_cat":[4776,4890,4719,4793],"product_tag":[6882,1454,7265,7260,7264,6717,5346,6071,7263,7262,5251,7240,5347,7261,6689],"class_list":{"0":"post-324764","1":"product","2":"type-product","3":"status-publish","4":"has-post-thumbnail","6":"product_cat-draht-und-watte","7":"product_cat-draht","8":"product_cat-selbstwickler-dampfer","9":"product_cat-e-zigaretten-liquid-basen-aroma-vape-sale","10":"product_tag-1454","11":"product_tag-26ga","12":"product_tag-40mm","13":"product_tag-a1","14":"product_tag-diy","15":"product_tag-draht","16":"product_tag-geekvape","17":"product_tag-ka","18":"product_tag-meter","19":"product_tag-selbstwickler","20":"product_tag-und","21":"product_tag-watte","22":"product_tag-wickeldraht","23":"product_tag-wire","24":"product_shipping_class-standard","26":"first","27":"instock","28":"taxable","29":"shipping-taxable","30":"purchasable","31":"product-type-simple"},"acf":[],"_links":{"self":[{"href":"https:\/\/my-eliquid.de\/es\/wp-json\/wp\/v2\/product\/324764","targetHints":{"allow":["GET"]}}],"collection":[{"href":"https:\/\/my-eliquid.de\/es\/wp-json\/wp\/v2\/product"}],"about":[{"href":"https:\/\/my-eliquid.de\/es\/wp-json\/wp\/v2\/types\/product"}],"replies":[{"embeddable":true,"href":"https:\/\/my-eliquid.de\/es\/wp-json\/wp\/v2\/comments?post=324764"}],"wp:featuredmedia":[{"embeddable":true,"href":"https:\/\/my-eliquid.de\/es\/wp-json\/wp\/v2\/media\/324765"}],"wp:attachment":[{"href":"https:\/\/my-eliquid.de\/es\/wp-json\/wp\/v2\/media?parent=324764"}],"wp:term":[{"taxonomy":"product_brand","embeddable":true,"href":"https:\/\/my-eliquid.de\/es\/wp-json\/wp\/v2\/product_brand?post=324764"},{"taxonomy":"product_cat","embeddable":true,"href":"https:\/\/my-eliquid.de\/es\/wp-json\/wp\/v2\/product_cat?post=324764"},{"taxonomy":"product_tag","embeddable":true,"href":"https:\/\/my-eliquid.de\/es\/wp-json\/wp\/v2\/product_tag?post=324764"}],"curies":[{"name":"wp","href":"https:\/\/api.w.org\/{rel}","templated":true}]}}