{"id":325004,"date":"2026-04-16T10:43:47","date_gmt":"2026-04-16T08:43:47","guid":{"rendered":"https:\/\/my-eliquid.de\/shop\/vaporesso-sky-solo-plus-glastank-bubbelglas-8ml\/"},"modified":"2026-04-16T11:14:15","modified_gmt":"2026-04-16T09:14:15","slug":"vaporesso-sky-solo-plus-glastank-bubbelglas-8ml","status":"publish","type":"product","link":"https:\/\/my-eliquid.de\/es\/shop\/vaporesso-sky-solo-plus-glastank-bubbelglas-8ml\/","title":{"rendered":"Vaporesso Sky Solo Plus Glastank Bubbelglas 8ml"},"content":{"rendered":"<h2>Vaporesso Sky Solo Plus Glastank 8 ml<\/h2>\n<p>En <strong>Vaporesso Sky Solo Plus Glastank<\/strong> ist der ideale Ersatz f\u00fcr Ihr Sky Solo Plus E-Zigaretten Set und \u00fcberzeugt durch seine hochwertige Verarbeitung sowie sein gro\u00dfz\u00fcgiges Fassungsverm\u00f6gen.<\/p>\n<p>Gefertigt aus robustem <strong>Pyrexglas<\/strong>, bietet der Tank eine hohe Widerstandsf\u00e4higkeit und erm\u00f6glicht dank seines <strong>transparenten Designs<\/strong> jederzeit eine einfache Kontrolle des Liquidstands.<\/p>\n<p>Mit einem Volumen von <strong>8 ml<\/strong> eignet sich der Glastank perfekt f\u00fcr l\u00e4ngere Dampfsessions ohne h\u00e4ufiges Nachf\u00fcllen.<\/p>\n<h3>Produktdetails<\/h3>\n<ul>\n<li>Original Vaporesso Ersatz-Glastank<\/li>\n<li>Gro\u00dfz\u00fcgiges Tankvolumen von 8 ml<\/li>\n<li>Hochwertiges Pyrexglas<\/li>\n<li>Transparentes Design zur F\u00fcllstandskontrolle<\/li>\n<li>Einfacher Austausch<\/li>\n<\/ul>\n<h3>Technische Daten<\/h3>\n<ul>\n<li>Tankvolumen: 8 ml<\/li>\n<li>Material: Pyrexglas<\/li>\n<li>Ausf\u00fchrung: Transparent<\/li>\n<\/ul>\n<h3>Kompatibilit\u00e4t<\/h3>\n<ul>\n<li>Vaporesso Sky Solo Plus E-Zigaretten Set<\/li>\n<\/ul>\n<h3>Volumen de suministro<\/h3>\n<ul>\n<li>1 x Vaporesso Sky Solo Plus Glastank 8 ml<\/li>\n<\/ul>\n<h3>Jugendschutz<\/h3>\n<p>Dieses Angebot richtet sich ausschlie\u00dflich an vollj\u00e4hrige Personen. Die Abgabe an Kinder und Jugendliche ist gesetzlich verboten. Ein Kaufvertrag kommt nur nach erfolgreicher Alterspr\u00fcfung zustande. Bei der Zustellung erfolgt zus\u00e4tzlich eine Alterskontrolle.<\/p>","protected":false},"excerpt":{"rendered":"<p>Vaporesso Sky Solo Plus Glastank 8 ml<\/p>","protected":false},"featured_media":325005,"comment_status":"closed","ping_status":"closed","template":"","meta":{"_acf_changed":false,"_relevanssi_hide_post":"","_relevanssi_hide_content":"","_relevanssi_pin_for_all":"","_relevanssi_pin_keywords":"","_relevanssi_unpin_keywords":"","_relevanssi_related_keywords":"","_relevanssi_related_include_ids":"","_relevanssi_related_exclude_ids":"","_relevanssi_related_no_append":"","_relevanssi_related_not_related":"","_relevanssi_related_posts":"","_relevanssi_noindex_reason":""},"product_brand":[],"product_cat":[4793,4699],"product_tag":[],"class_list":{"0":"post-325004","1":"product","2":"type-product","3":"status-publish","4":"has-post-thumbnail","6":"product_cat-e-zigaretten-liquid-basen-aroma-vape-sale","7":"product_cat-ezigaretten-zubehoer","8":"product_shipping_class-standard","10":"first","11":"instock","12":"taxable","13":"shipping-taxable","14":"purchasable","15":"product-type-simple"},"acf":[],"_links":{"self":[{"href":"https:\/\/my-eliquid.de\/es\/wp-json\/wp\/v2\/product\/325004","targetHints":{"allow":["GET"]}}],"collection":[{"href":"https:\/\/my-eliquid.de\/es\/wp-json\/wp\/v2\/product"}],"about":[{"href":"https:\/\/my-eliquid.de\/es\/wp-json\/wp\/v2\/types\/product"}],"replies":[{"embeddable":true,"href":"https:\/\/my-eliquid.de\/es\/wp-json\/wp\/v2\/comments?post=325004"}],"wp:featuredmedia":[{"embeddable":true,"href":"https:\/\/my-eliquid.de\/es\/wp-json\/wp\/v2\/media\/325005"}],"wp:attachment":[{"href":"https:\/\/my-eliquid.de\/es\/wp-json\/wp\/v2\/media?parent=325004"}],"wp:term":[{"taxonomy":"product_brand","embeddable":true,"href":"https:\/\/my-eliquid.de\/es\/wp-json\/wp\/v2\/product_brand?post=325004"},{"taxonomy":"product_cat","embeddable":true,"href":"https:\/\/my-eliquid.de\/es\/wp-json\/wp\/v2\/product_cat?post=325004"},{"taxonomy":"product_tag","embeddable":true,"href":"https:\/\/my-eliquid.de\/es\/wp-json\/wp\/v2\/product_tag?post=325004"}],"curies":[{"name":"wp","href":"https:\/\/api.w.org\/{rel}","templated":true}]}}