{"id":325070,"date":"2024-09-19T16:43:14","date_gmt":"2024-09-19T14:43:14","guid":{"rendered":"https:\/\/my-eliquid.de\/shop\/aspire-nautilus-gt-mini-2-8ml-pyrex-glas-ersatzglas\/"},"modified":"2026-04-21T14:23:55","modified_gmt":"2026-04-21T12:23:55","slug":"aspire-nautilus-gt-mini-2-8ml-pyrex-glas-ersatzglas","status":"publish","type":"product","link":"https:\/\/my-eliquid.de\/es\/shop\/aspire-nautilus-gt-mini-2-8ml-pyrex-glas-ersatzglas\/","title":{"rendered":"Aspire Nautilus GT Mini 2.8ml Pyrex Glas \u2013 Ersatzglas"},"content":{"rendered":"<div class=\"product-description\">\n<h2>Aspire Nautilus GT Mini 2.8ml Pyrex Glas \u2013 Ersatzglas<\/h2>\n<p>Das Aspire Nautilus GT Mini 2.8ml Pyrex Glas ist ein hochwertiges Ersatzglas, das speziell f\u00fcr den Nautilus GT Mini Tank entwickelt wurde. Hergestellt aus widerstandsf\u00e4higem Pyrex-Glas, bietet es eine hohe Best\u00e4ndigkeit gegen Hitze und St\u00f6\u00dfe. Dieses Ersatzglas erm\u00f6glicht es Ihnen, den Nautilus GT Mini Tank wieder voll funktionsf\u00e4hig zu machen, falls das urspr\u00fcngliche Glas besch\u00e4digt wurde.<\/p>\n<h3>Datos t\u00e9cnicos:<\/h3>\n<ul>\n<li>F\u00fcllvolumen: 2.8ml<\/li>\n<li>Material: Pyrex-Glas<\/li>\n<li>Kompatibel mit: Aspire Nautilus GT Mini Tank<\/li>\n<\/ul>\n<h3>Volumen de suministro:<\/h3>\n<ul>\n<li>1 x Aspire Nautilus GT Mini 2.8ml Pyrex Glas<\/li>\n<\/ul>\n<p><strong>Atenci\u00f3n:<\/strong> Esta oferta est\u00e1 dirigida exclusivamente a personas mayores de edad. La ley de protecci\u00f3n de menores proh\u00edbe la oferta y la venta de este art\u00edculo a ni\u00f1os y adolescentes. El contrato de compraventa solo se perfeccionar\u00e1 tras la verificaci\u00f3n satisfactoria de la edad. Adem\u00e1s, el cartero realizar\u00e1 una comprobaci\u00f3n al entregar el paquete.<\/p>\n<\/div>","protected":false},"excerpt":{"rendered":"<p>Aspire Nautilus GT Mini 2.8ml Pyrex Glas \u2013 Ersatzglas<\/p>","protected":false},"featured_media":325073,"comment_status":"closed","ping_status":"closed","template":"","meta":{"_acf_changed":false,"_relevanssi_hide_post":"","_relevanssi_hide_content":"","_relevanssi_pin_for_all":"","_relevanssi_pin_keywords":"","_relevanssi_unpin_keywords":"","_relevanssi_related_keywords":"","_relevanssi_related_include_ids":"","_relevanssi_related_exclude_ids":"","_relevanssi_related_no_append":"","_relevanssi_related_not_related":"","_relevanssi_related_posts":"","_relevanssi_noindex_reason":""},"product_brand":[],"product_cat":[4793,4699],"product_tag":[],"class_list":{"0":"post-325070","1":"product","2":"type-product","3":"status-publish","4":"has-post-thumbnail","6":"product_cat-e-zigaretten-liquid-basen-aroma-vape-sale","7":"product_cat-ezigaretten-zubehoer","8":"product_shipping_class-standard","10":"first","11":"instock","12":"taxable","13":"shipping-taxable","14":"purchasable","15":"product-type-simple"},"acf":[],"_links":{"self":[{"href":"https:\/\/my-eliquid.de\/es\/wp-json\/wp\/v2\/product\/325070","targetHints":{"allow":["GET"]}}],"collection":[{"href":"https:\/\/my-eliquid.de\/es\/wp-json\/wp\/v2\/product"}],"about":[{"href":"https:\/\/my-eliquid.de\/es\/wp-json\/wp\/v2\/types\/product"}],"replies":[{"embeddable":true,"href":"https:\/\/my-eliquid.de\/es\/wp-json\/wp\/v2\/comments?post=325070"}],"wp:featuredmedia":[{"embeddable":true,"href":"https:\/\/my-eliquid.de\/es\/wp-json\/wp\/v2\/media\/325073"}],"wp:attachment":[{"href":"https:\/\/my-eliquid.de\/es\/wp-json\/wp\/v2\/media?parent=325070"}],"wp:term":[{"taxonomy":"product_brand","embeddable":true,"href":"https:\/\/my-eliquid.de\/es\/wp-json\/wp\/v2\/product_brand?post=325070"},{"taxonomy":"product_cat","embeddable":true,"href":"https:\/\/my-eliquid.de\/es\/wp-json\/wp\/v2\/product_cat?post=325070"},{"taxonomy":"product_tag","embeddable":true,"href":"https:\/\/my-eliquid.de\/es\/wp-json\/wp\/v2\/product_tag?post=325070"}],"curies":[{"name":"wp","href":"https:\/\/api.w.org\/{rel}","templated":true}]}}