{"id":151634,"date":"2025-03-25T13:08:16","date_gmt":"2025-03-25T12:08:16","guid":{"rendered":"https:\/\/melvx.my-eliquid.de\/?page_id=151634"},"modified":"2025-04-08T00:18:11","modified_gmt":"2025-04-07T22:18:11","slug":"informationspflicht-gem-art-12-ff-eu-dsgvo","status":"publish","type":"page","link":"https:\/\/my-eliquid.de\/fr\/informationspflicht-gem-art-12-ff-eu-dsgvo\/","title":{"rendered":"Obligation d'information conform\u00e9ment \u00e0 l'article 12 et suivants du RGPD de l'UE"},"content":{"rendered":"<div class=\"wpb-content-wrapper\"><div class=\"vc_row wpb_row vc_row-fluid\"><div class=\"wpb_column vc_column_container vc_col-sm-12\"><div class=\"vc_column-inner\"><div class=\"wpb_wrapper\">\n\t<div class=\"wpb_text_column wpb_content_element vc_custom_1742904488830 text-larger\" >\n\t\t<div class=\"wpb_wrapper\">\n\t\t\t<div class=\"main\">\n<div class=\"cols-outer\">\n<div class=\"cols\">\n<div class=\"col-main\">\n<div class=\"std\">\n<p>Afin de remplir nos obligations d'information conform\u00e9ment aux articles 12 et suivants du r\u00e8glement g\u00e9n\u00e9ral sur la protection des donn\u00e9es (RGPD), nous vous pr\u00e9sentons ci-dessous nos informations relatives \u00e0 la protection des donn\u00e9es : <strong>Qui est responsable du traitement des donn\u00e9es ?<\/strong> Le responsable au sens de la loi sur la protection des donn\u00e9es est my-eLiquid @ Markus Steiner &amp; Stephan Steiner GbR \u2013 Adam-Geisler-Stra\u00dfe 3 \u2013 82140 Olching Vous trouverez des informations suppl\u00e9mentaires sur notre entreprise dans les mentions l\u00e9gales du site Internet : <a href=\"https:\/\/my-eliquid.de\/fr\/impressum\/\">https:\/\/www.my-eliquid.de\/impressum\/<\/a> <strong>Finalit\u00e9s du traitement et base juridique<\/strong> Les donn\u00e9es que vous nous transmettez ne sont en principe trait\u00e9es que dans les buts pour lesquels elles ont \u00e9t\u00e9 transmises ou collect\u00e9es. Un traitement des donn\u00e9es \u00e0 d'autres fins n'est envisageable que si les dispositions l\u00e9gales requises \u00e0 cet \u00e9gard, conform\u00e9ment \u00e0 l'art. 6, al. 4 du RGPD, sont remplies. Dans ces cas, nous respecterons les obligations d'information \u00e9ventuelles pr\u00e9vues \u00e0 l'article 13, paragraphe 3, du RGPD et \u00e0 l'article 14, paragraphe 4, du RGPD. La base juridique du traitement de vos donn\u00e9es \u00e0 caract\u00e8re personnel d\u00e9coule de l'article 6 du RGPD. Les possibilit\u00e9s suivantes peuvent \u00eatre envisag\u00e9es :<\/p>\n<ul>\n<li>Consentement (art. 6, al. 1, let. a) RGPD)<\/li>\n<li>Traitement des donn\u00e9es pour l'ex\u00e9cution de contrats (art. 6, al. 1, let. b) du RGPD<\/li>\n<li>Traitement des donn\u00e9es sur la base d'une mise en balance des int\u00e9r\u00eats (art. 6, al. 1, let. f) du RGPD)<\/li>\n<li>Traitement des donn\u00e9es pour remplir une obligation l\u00e9gale (art. 6, al. 1, let. c) du RGPD)<\/li>\n<\/ul>\n<p>Si des donn\u00e9es \u00e0 caract\u00e8re personnel sont trait\u00e9es sur la base de votre consentement, vous avez le droit de r\u00e9voquer ce consentement \u00e0 tout moment. Si les donn\u00e9es sont trait\u00e9es sur la base d'une mise en balance des int\u00e9r\u00eats, vous avez le droit, en tant que personne concern\u00e9e, de vous opposer au traitement des donn\u00e9es \u00e0 caract\u00e8re personnel, compte tenu des dispositions de l'article 21 du RGPD. <strong>Dur\u00e9e de conservation des donn\u00e9es<\/strong> Nous traitons vos donn\u00e9es aussi longtemps que cela est n\u00e9cessaire pour atteindre l'objectif vis\u00e9. Dans la mesure o\u00f9 il existe des obligations l\u00e9gales de conservation, les donn\u00e9es \u00e0 caract\u00e8re personnel concern\u00e9es sont conserv\u00e9es pendant la dur\u00e9e de l'obligation de conservation. \u00c0 l'expiration de l'obligation de conservation, nous v\u00e9rifions si le traitement des donn\u00e9es est toujours n\u00e9cessaire. Si ce n'est plus le cas, les donn\u00e9es sont supprim\u00e9es. Vous avez le droit d'obtenir des informations sur les donn\u00e9es que nous avons enregistr\u00e9es \u00e0 votre sujet et d'exiger leur suppression ou la limitation de leur traitement. <strong>Transmission de vos donn\u00e9es \u00e0 des tiers<\/strong> La transmission de vos donn\u00e9es \u00e0 caract\u00e8re personnel \u00e0 des tiers n'a lieu que si cela est n\u00e9cessaire \u00e0 l'ex\u00e9cution du contrat conclu avec vous, si la transmission est autoris\u00e9e sur la base d'une mise en balance des int\u00e9r\u00eats au sens de l'article 6, paragraphe 1, point f), du RGPD, s'il existe une obligation l\u00e9gale de transmission ou si vous avez donn\u00e9 votre consentement \u00e0 cet effet. <strong>Transfert vers des pays tiers<\/strong> Nous traitons vos donn\u00e9es personnelles exclusivement en R\u00e9publique f\u00e9d\u00e9rale d'Allemagne. <strong>Informations sur vos droits en tant que personne concern\u00e9e<\/strong> Vous avez le droit d'obtenir des informations sur les donn\u00e9es \u00e0 caract\u00e8re personnel que nous traitons \u00e0 votre sujet. Selon la forme de la demande, nous pouvons vous demander des preuves suppl\u00e9mentaires de votre identit\u00e9. Vous avez le droit de rectifier, de supprimer ou de limiter le traitement de vos donn\u00e9es \u00e0 caract\u00e8re personnel, dans la mesure o\u00f9 la loi vous y autorise. Vous disposez \u00e9galement d'un droit d'opposition au traitement dans le cadre des dispositions l\u00e9gales. Il en va de m\u00eame pour le droit \u00e0 la portabilit\u00e9 des donn\u00e9es. Vous disposez d'un droit d'opposition conform\u00e9ment \u00e0 l'article 21, paragraphes 1 et 2, du RGPD et pouvez r\u00e9voquer \u00e0 tout moment les consentements associ\u00e9s. <strong>Notre responsable de la protection des donn\u00e9es<\/strong> Aucun d\u00e9l\u00e9gu\u00e9 \u00e0 la protection des donn\u00e9es n'a \u00e9t\u00e9 d\u00e9sign\u00e9\/nomm\u00e9 chez le fournisseur, car l'obligation n\u00e9cessaire \u00e0 cet effet conform\u00e9ment \u00e0 l'art. 37, al. 1 du RGPD ou au \u00a7 38 de la BDSG (nouvelle version) n'est pas remplie. <strong>droit de recours<\/strong> Vous avez le droit de vous plaindre aupr\u00e8s de l'autorit\u00e9 de contr\u00f4le comp\u00e9tente en mati\u00e8re de protection des donn\u00e9es concernant le traitement des donn\u00e9es \u00e0 caract\u00e8re personnel. L'adresse de l'autorit\u00e9 comp\u00e9tente pour nous est la suivante : Le d\u00e9l\u00e9gu\u00e9 r\u00e9gional \u00e0 la protection des donn\u00e9es et \u00e0 la libert\u00e9 d'information de Bavi\u00e8re<\/p>\n<table>\n<tbody>\n<tr>\n<td>Wagm\u00fcllerstra\u00dfe 18, 80538 Munich, t\u00e9l. 089 212672-0, fax<\/td>\n<td>089 212672-50<\/td>\n<\/tr>\n<\/tbody>\n<\/table>\n<p>Courriel <a href=\"mailto:poststelle@datenschutz-bayern.de\">poststelle@datenschutz-bayern.de<\/a>, Web https:\/\/www.datenschutz-bayern.de\/ Mise \u00e0 jour : 06\/06\/2018<\/p>\n<\/div>\n<\/div>\n<\/div>\n<\/div>\n<\/div>\n\n\t\t<\/div>\n\t<\/div>\n<\/div><\/div><\/div><\/div>\n<\/div>","protected":false},"excerpt":{"rendered":"Um unsere Informationspflichten nach den Art. 12 ff. der Datenschutzgrund-verordnung (DSGVO) zu erf\u00fcllen, stellen wir Ihnen nachfolgend hier unsere Informationen","protected":false},"author":1,"featured_media":0,"parent":0,"menu_order":0,"comment_status":"closed","ping_status":"closed","template":"","meta":{"_acf_changed":false,"_relevanssi_hide_post":"","_relevanssi_hide_content":"","_relevanssi_pin_for_all":"","_relevanssi_pin_keywords":"","_relevanssi_unpin_keywords":"","_relevanssi_related_keywords":"","_relevanssi_related_include_ids":"","_relevanssi_related_exclude_ids":"","_relevanssi_related_no_append":"","_relevanssi_related_not_related":"","_relevanssi_related_posts":"","_relevanssi_noindex_reason":"","footnotes":""},"class_list":["post-151634","page","type-page","status-publish","hentry"],"acf":[],"_links":{"self":[{"href":"https:\/\/my-eliquid.de\/fr\/wp-json\/wp\/v2\/pages\/151634","targetHints":{"allow":["GET"]}}],"collection":[{"href":"https:\/\/my-eliquid.de\/fr\/wp-json\/wp\/v2\/pages"}],"about":[{"href":"https:\/\/my-eliquid.de\/fr\/wp-json\/wp\/v2\/types\/page"}],"author":[{"embeddable":true,"href":"https:\/\/my-eliquid.de\/fr\/wp-json\/wp\/v2\/users\/1"}],"replies":[{"embeddable":true,"href":"https:\/\/my-eliquid.de\/fr\/wp-json\/wp\/v2\/comments?post=151634"}],"version-history":[{"count":0,"href":"https:\/\/my-eliquid.de\/fr\/wp-json\/wp\/v2\/pages\/151634\/revisions"}],"wp:attachment":[{"href":"https:\/\/my-eliquid.de\/fr\/wp-json\/wp\/v2\/media?parent=151634"}],"curies":[{"name":"wp","href":"https:\/\/api.w.org\/{rel}","templated":true}]}}