{"id":156693,"date":"2025-03-27T00:00:00","date_gmt":"2025-03-26T23:00:00","guid":{"rendered":"https:\/\/melvx.my-eliquid.de\/?post_type=product&#038;p=156693"},"modified":"2025-11-25T13:44:50","modified_gmt":"2025-11-25T12:44:50","slug":"amt-vape-trick-liquid-disabled","status":"publish","type":"product","link":"https:\/\/my-eliquid.de\/fr\/shop\/amt-vape-trick-liquid-disabled\/","title":{"rendered":"AMT-VAPE | Liquide pour astuces de vapotage"},"content":{"rendered":"<p>Coole <strong>Tricks mit Dampf?<\/strong> Kunstvolle Figuren gelingen jetzt umso besser mit dem AMT-Vape | <strong>Trick Vaping Liquid<\/strong>. Dieses Liquid wurde speziell f\u00fcrs <strong>Trick Vapen<\/strong> gemacht, um beste Ergebnisse zu erzielen.<\/p>\n<p>Dank des Verh\u00e4ltnisses von 70:30 (VG:PG) wird der Dampf nicht beschwert, beh\u00e4lt m\u00f6glichst lange seine Form und erreicht maximale Dichte. Wie es bei <strong>Vape Trick Liquids<\/strong> \u00fcblich ist, wird auf die Zugabe von Nikotin und hoher Aromen Dosierung zugunsten maximaler Ergebnisse verzichtet.<\/p>\n<p>Der Trick Vaper Aaron Tillmann alias AMT-Vape macht vor, wie es geht. Seine ausf\u00fchrlichen Tutorials zu coolen Vape Tricks sind auf YouTube zu finden: <a href=\"https:\/\/www.youtube.com\/channel\/UCHp0WvnmqEIC07d7oklG8oA\/feed\" target=\"new\" title=\"my-eliquid YouTube Channel mit AMT-VAPE\" rel=\"noopener\">my-eLiquid YouTube Channel<\/a><\/p>\n<p>Quallen, Shark Bends, Ring Split und viele andere Trick, mit denen Zuschauer ins Staunen versetzt werden, klappen mit dem Trick Vape Liquid und ein wenig \u00dcbung bald im Handumdrehen. Viel Spa\u00df!<\/p>\n<p>Notre <strong>AMT-Vape | Trick Vaping Liquid<\/strong> eignet sich, um kunstvolle <strong>Vape Tricks mit Dampf<\/strong> zu machen. Das <strong>Trick Vape Liquid<\/strong> enth\u00e4lt <strong>kein Nikotin<\/strong>. Tous nos <strong>Liquides<\/strong> werden bei uns vor Ort produziert und entsprechen h\u00f6chsten Sicherheitsstandards. F\u00fcr eine langanhaltend gute Dampfqualit\u00e4t empfehlen wir, das <strong>e-liquide<\/strong> Conserver \u00e0 l'abri de la lumi\u00e8re et dans un endroit sec.<\/p>","protected":false},"excerpt":{"rendered":"<p>Le liquide id\u00e9al pour <strong>Astuces pour vapoter avec la cigarette \u00e9lectronique<\/strong> \u00e0 faire : avec le <strong>Liquide pour vapotage AMT-Vape Trick<\/strong> fonctionneront bient\u00f4t <strong>M\u00e9duses, anneaux ou courbes de requin<\/strong>!!!<\/p>","protected":false},"featured_media":319297,"comment_status":"open","ping_status":"closed","template":"","meta":{"_acf_changed":false,"_relevanssi_hide_post":"","_relevanssi_hide_content":"","_relevanssi_pin_for_all":"","_relevanssi_pin_keywords":"","_relevanssi_unpin_keywords":"","_relevanssi_related_keywords":"","_relevanssi_related_include_ids":"","_relevanssi_related_exclude_ids":"","_relevanssi_related_no_append":"","_relevanssi_related_not_related":"","_relevanssi_related_posts":"","_relevanssi_noindex_reason":""},"product_brand":[4564],"product_cat":[4731,4802,4690,4795,4689,4842,4794,4693],"product_tag":[8117,6681,1391,5411,6712,5805,5792,6885,6680,7156,5226,8118,6682],"class_list":{"0":"post-156693","1":"product","2":"type-product","3":"status-publish","4":"has-post-thumbnail","6":"product_brand-my-eliquid","7":"product_cat-alle-liquids-fur-e-zigaretten","8":"product_cat-amt-vape-liquids","9":"product_cat-frucht-liquids-e-zigarette","10":"product_cat-liquid-sonderserie","11":"product_cat-eliquids","12":"product_cat-my-eliquid-liquids","13":"product_cat-shake-and-vape","14":"product_cat-special-liquids-e-zigarette","15":"product_tag-amt-vape","16":"product_tag-and","17":"product_tag-bitte","18":"product_tag-e-zigaretten","19":"product_tag-fuer","20":"product_tag-liquid","21":"product_tag-liquids","22":"product_tag-neue","23":"product_tag-shake","24":"product_tag-sonderserie","25":"product_tag-special","26":"product_tag-trick","27":"product_tag-vape","28":"product_shipping_class-standard","29":"pa_ageverification-ja","30":"pa_color-goldcarbon","31":"pa_country_of_manufacture-de","32":"pa_faq-product_liquid_faq","33":"pa_filling_quantity-50ml","34":"pa_generate_meta-nein","35":"pa_info1-49-product_liquid_kurzbeschre","36":"pa_insi-product_liquid_insi","37":"pa_manufacturer-my_eliquid","38":"pa_mindesthaltbarkeit-24monate","39":"pa_mixture_ratio-pg50_vg50","40":"pa_nicotin-0mg","41":"pa_product_type-2_eliquid_eigenprodukt","42":"pa_product_weight-4217","43":"pa_weight-0_1","45":"first","46":"instock","47":"taxable","48":"shipping-taxable","49":"purchasable","50":"product-type-simple"},"acf":[],"_links":{"self":[{"href":"https:\/\/my-eliquid.de\/fr\/wp-json\/wp\/v2\/product\/156693","targetHints":{"allow":["GET"]}}],"collection":[{"href":"https:\/\/my-eliquid.de\/fr\/wp-json\/wp\/v2\/product"}],"about":[{"href":"https:\/\/my-eliquid.de\/fr\/wp-json\/wp\/v2\/types\/product"}],"replies":[{"embeddable":true,"href":"https:\/\/my-eliquid.de\/fr\/wp-json\/wp\/v2\/comments?post=156693"}],"wp:featuredmedia":[{"embeddable":true,"href":"https:\/\/my-eliquid.de\/fr\/wp-json\/wp\/v2\/media\/319297"}],"wp:attachment":[{"href":"https:\/\/my-eliquid.de\/fr\/wp-json\/wp\/v2\/media?parent=156693"}],"wp:term":[{"taxonomy":"product_brand","embeddable":true,"href":"https:\/\/my-eliquid.de\/fr\/wp-json\/wp\/v2\/product_brand?post=156693"},{"taxonomy":"product_cat","embeddable":true,"href":"https:\/\/my-eliquid.de\/fr\/wp-json\/wp\/v2\/product_cat?post=156693"},{"taxonomy":"product_tag","embeddable":true,"href":"https:\/\/my-eliquid.de\/fr\/wp-json\/wp\/v2\/product_tag?post=156693"}],"curies":[{"name":"wp","href":"https:\/\/api.w.org\/{rel}","templated":true}]}}