{"id":157739,"date":"2019-01-17T00:00:00","date_gmt":"2019-01-16T23:00:00","guid":{"rendered":"https:\/\/melvx.my-eliquid.de\/aroma-shop\/aromen\/guten-morgen-fill-up-12ml\/"},"modified":"2025-11-25T13:49:38","modified_gmt":"2025-11-25T12:49:38","slug":"guten-morgen-fill-up-12ml","status":"publish","type":"product","link":"https:\/\/my-eliquid.de\/fr\/shop\/guten-morgen-fill-up-12ml\/","title":{"rendered":"Bonjour Aroma | 10 ml | FILL UP"},"content":{"rendered":"<p>Notre <strong>Guten Morgen Aroma<\/strong><\/p>\n<p>mit seinem duftenden <strong>Milchkaffeegeschmack<\/strong> provient de la lign\u00e9e des<strong>\u00a0Fill Ups<\/strong>.<\/p>\n<p>Ein cremiger und aromatischer <strong>Milchkaffee<\/strong>, versetzt mit dem gewissen Extra l\u00e4sst die Herzen von Kaffeefreunden h\u00f6her schlagen.<\/p>\n<p>Tous nos liquides sont produits sur place dans nos locaux et r\u00e9pondent aux normes de s\u00e9curit\u00e9 les plus strictes.<\/p>\n<p>Le\u00a0<strong>Guten Morgen Fill up Aroma\u00a0<\/strong>beinhaltet\u00a0<strong>12 ml Aroma<\/strong>\u00a0in einer 60 ml Flasche.<\/p>\n<p><strong>Une composition d\u00e9licieuse Dans la meilleure alternative.<\/strong><\/p>\n<p>Als\u00a0<strong>Fill Up<\/strong>\u00a0ist es euch \u00fcberlassen welche Base Ihr einf\u00fcllt. 48 ml werden an\u00a0<strong>base<\/strong>\u00a0ben\u00f6tig.<\/p>\n<p>Entweder\u00a0<strong>1x unser Bundel<\/strong>\u00a0angebot oder einfach eine nuller Base dazu kaufen, auff\u00fcllen, sch\u00fctteln und fertig sind\u00a0<strong>60 ml fertiges k\u00f6stliches Liquid!<\/strong><\/p>\n<p><strong>Contenu de la livraison :\u00a0<\/strong><\/p>\n<p><strong>\u00a01x 12 ml Guten Morgen Aroma in 60 ml Chubby Flasche<\/strong><\/p>\n<p>F\u00fcr eine langanhaltend gute Geschmacksentfaltung empfehlen wir, das <strong>e-liquide<\/strong> Conserver \u00e0 l'abri de la lumi\u00e8re et dans un endroit sec.<\/p>","protected":false},"excerpt":{"rendered":"<p>Notre <strong>Bonjour Fill UP Aroma<\/strong> avec son go\u00fbt particuli\u00e8rement aromatique et <strong>go\u00fbt agr\u00e9ablement sucr\u00e9 de caf\u00e9 au lait<\/strong> pour un d\u00e9marrage parfait de la journ\u00e9e.<\/p>","protected":false},"featured_media":319348,"comment_status":"open","ping_status":"closed","template":"","meta":{"_acf_changed":false,"_relevanssi_hide_post":"","_relevanssi_hide_content":"","_relevanssi_pin_for_all":"","_relevanssi_pin_keywords":"","_relevanssi_unpin_keywords":"","_relevanssi_related_keywords":"","_relevanssi_related_include_ids":"","_relevanssi_related_exclude_ids":"","_relevanssi_related_no_append":"","_relevanssi_related_not_related":"","_relevanssi_related_posts":"","_relevanssi_noindex_reason":""},"product_brand":[4564],"product_cat":[4701,4702,4845,4792,4710,4712],"product_tag":[7616,1399,1391,6991,7614,7615,6992],"class_list":{"0":"post-157739","1":"product","2":"type-product","3":"status-publish","4":"has-post-thumbnail","6":"product_brand-my-eliquid","7":"product_cat-aromen","8":"product_cat-drinks-aromen-liquid-e-zigarette","9":"product_cat-fill-up-aroma","10":"product_cat-neue-aromen","11":"product_cat-nussige-aromen-liquid-e-zigarette","12":"product_cat-special-aromen-liquid-e-zigarette","13":"product_tag-12ml","14":"product_tag-aroma","15":"product_tag-bitte","16":"product_tag-fill","17":"product_tag-guten","18":"product_tag-morgen","19":"product_tag-up","20":"product_shipping_class-standard","21":"pa_ageverification-ja","22":"pa_faq-product_aroma_faq","23":"pa_filling_quantity-10ml","24":"pa_generate_meta-nein","25":"pa_ghs_gefahrenbezeichnung-achtung","26":"pa_ghs_hsatz-ba-h302gesundheitsschadlichbe","27":"pa_ghs_signalwort-achtung","28":"pa_info1-e7-product_aroma_kurzbeschrei","29":"pa_info2-product_aroma_beschreibung","30":"pa_insi-product_aroma_insi","31":"pa_manufacturer-my_eliquid","32":"pa_mindesthaltbarkeit-24monate","33":"pa_product_suggestion-nein","34":"pa_product_type-11_fillup_eigenprodukte","35":"pa_product_weight-4217","36":"pa_weight-0_04","38":"first","39":"outofstock","40":"taxable","41":"shipping-taxable","42":"purchasable","43":"product-type-simple"},"acf":[],"_links":{"self":[{"href":"https:\/\/my-eliquid.de\/fr\/wp-json\/wp\/v2\/product\/157739","targetHints":{"allow":["GET"]}}],"collection":[{"href":"https:\/\/my-eliquid.de\/fr\/wp-json\/wp\/v2\/product"}],"about":[{"href":"https:\/\/my-eliquid.de\/fr\/wp-json\/wp\/v2\/types\/product"}],"replies":[{"embeddable":true,"href":"https:\/\/my-eliquid.de\/fr\/wp-json\/wp\/v2\/comments?post=157739"}],"wp:featuredmedia":[{"embeddable":true,"href":"https:\/\/my-eliquid.de\/fr\/wp-json\/wp\/v2\/media\/319348"}],"wp:attachment":[{"href":"https:\/\/my-eliquid.de\/fr\/wp-json\/wp\/v2\/media?parent=157739"}],"wp:term":[{"taxonomy":"product_brand","embeddable":true,"href":"https:\/\/my-eliquid.de\/fr\/wp-json\/wp\/v2\/product_brand?post=157739"},{"taxonomy":"product_cat","embeddable":true,"href":"https:\/\/my-eliquid.de\/fr\/wp-json\/wp\/v2\/product_cat?post=157739"},{"taxonomy":"product_tag","embeddable":true,"href":"https:\/\/my-eliquid.de\/fr\/wp-json\/wp\/v2\/product_tag?post=157739"}],"curies":[{"name":"wp","href":"https:\/\/api.w.org\/{rel}","templated":true}]}}