{"id":157813,"date":"2019-03-31T00:00:00","date_gmt":"2019-03-30T23:00:00","guid":{"rendered":"https:\/\/melvx.my-eliquid.de\/aroma-shop\/aromen\/mel-fill-up-atomix-rockz-12ml-aroma\/"},"modified":"2025-11-25T13:45:00","modified_gmt":"2025-11-25T12:45:00","slug":"mel-fill-up-atomix-rockz-12ml-aroma","status":"publish","type":"product","link":"https:\/\/my-eliquid.de\/fr\/shop\/mel-fill-up-atomix-rockz-12ml-aroma\/","title":{"rendered":"AtomiX RockZ | 10 ml | Fill Up"},"content":{"rendered":"<p>Mit unseren Neuen Fill Up Aroma wurden nun fast alle W\u00fcnsche von euch erf\u00fcllt!<\/p>\n<p>Nun zum <strong>AtomiX RockX Aroma:<\/strong><\/p>\n<p><strong>Si tu n'as pas encore trouv\u00e9 ton ALL DAY LIQUID, nous l'avons m\u00e9lang\u00e9 pour toi !<\/strong><\/p>\n<p>Eine fast zu perfekte Mischung, die immer funktioniert.<\/p>\n<p>Aus den Weiten des Universum haben wir die Bestandteile f\u00fcr <strong>AtomiX RockZ<\/strong>\u00a0gefunden.<\/p>\n<p>Fruchtig, leicht s\u00fc\u00df mit einem leichten Hauch von Frische und Tarte verfeinert mit der Leuchtkraft des Universums<\/p>\n<p>Noch nie warst du so lecker mit Dampf!<\/p>\n<p>Eine wunderbare Komposition in der besten Alternative.<\/p>\n<p>Als F\u00fcllung liegt es an Ihnen, zu entscheiden, welche Basis Sie f\u00fcllen. 48 ml sind f\u00fcr die Basis notwendig.<\/p>\n<p>Entweder 1x unser Bundle-Angebot oder einfach eine zus\u00e4tzliche Nullbasis kaufen, f\u00fcllen, sch\u00fctteln und fertig sind 60 ml k\u00f6stliche gebrauchsfertige Fl\u00fcssigkeit!<\/p>\n<p><strong>Contenu de la livraison :<\/strong><\/p>\n<p><strong>1x 12 ml AtomiX RockZ Aroma in 60 ml Chubby Flasche<\/strong><\/p>","protected":false},"excerpt":{"rendered":"<p>Si tu <strong>TON LIQUIDE POUR TOUTE LA JOURN\u00c9E<\/strong> Si tu ne l'as pas encore trouv\u00e9, nous l'avons m\u00e9lang\u00e9 pour toi ! Notre <strong>AtomiX RockZ Fill Up !<\/strong><\/p>","protected":false},"featured_media":319584,"comment_status":"open","ping_status":"closed","template":"","meta":{"_acf_changed":false,"_relevanssi_hide_post":"","_relevanssi_hide_content":"","_relevanssi_pin_for_all":"","_relevanssi_pin_keywords":"","_relevanssi_unpin_keywords":"","_relevanssi_related_keywords":"","_relevanssi_related_include_ids":"","_relevanssi_related_exclude_ids":"","_relevanssi_related_no_append":"","_relevanssi_related_not_related":"","_relevanssi_related_posts":"","_relevanssi_noindex_reason":""},"product_brand":[4564],"product_cat":[4733,4701,4845,4712,4793],"product_tag":[1399,7251,5892,5891,7252,6991,7253,5890,5805,7255,6992,5889,7254],"class_list":{"0":"post-157813","1":"product","2":"type-product","3":"status-publish","4":"has-post-thumbnail","6":"product_brand-my-eliquid","7":"product_cat-alle-aromen","8":"product_cat-aromen","9":"product_cat-fill-up-aroma","10":"product_cat-special-aromen-liquid-e-zigarette","11":"product_cat-e-zigaretten-liquid-basen-aroma-vape-sale","12":"product_tag-aroma","13":"product_tag-atom","14":"product_tag-atomic","15":"product_tag-atomix","16":"product_tag-do","17":"product_tag-fill","18":"product_tag-it","19":"product_tag-leuchten","20":"product_tag-liquid","21":"product_tag-tarte","22":"product_tag-up","23":"product_tag-uv-licht","24":"product_tag-yourself","25":"product_shipping_class-standard","26":"pa_ageverification-ja","27":"pa_country_of_manufacture-de","28":"pa_faq-product_aroma_faq","29":"pa_filling_quantity-10ml","30":"pa_flavour_art-frucht","31":"pa_generate_meta-nein","32":"pa_ghs_gefahrenbezeichnung-achtung","33":"pa_ghs_hsatz-ba-h302gesundheitsschadlichbe","34":"pa_ghs_hsatz-34-h319verursachtschwereaugen","35":"pa_ghs_hsatz-h335kanndieatemwegereizen_","36":"pa_ghs_signalwort-achtung","37":"pa_info1-e7-product_aroma_kurzbeschrei","38":"pa_info2-product_aroma_beschreibung","39":"pa_manufacturer-my_eliquid","40":"pa_mindesthaltbarkeit-24monate","41":"pa_product_suggestion-nein","42":"pa_product_type-11_fillup_eigenprodukte","43":"pa_product_weight-4217","44":"pa_special_products-neu","45":"pa_weight-0_04","47":"first","48":"outofstock","49":"taxable","50":"shipping-taxable","51":"purchasable","52":"product-type-simple"},"acf":[],"_links":{"self":[{"href":"https:\/\/my-eliquid.de\/fr\/wp-json\/wp\/v2\/product\/157813","targetHints":{"allow":["GET"]}}],"collection":[{"href":"https:\/\/my-eliquid.de\/fr\/wp-json\/wp\/v2\/product"}],"about":[{"href":"https:\/\/my-eliquid.de\/fr\/wp-json\/wp\/v2\/types\/product"}],"replies":[{"embeddable":true,"href":"https:\/\/my-eliquid.de\/fr\/wp-json\/wp\/v2\/comments?post=157813"}],"wp:featuredmedia":[{"embeddable":true,"href":"https:\/\/my-eliquid.de\/fr\/wp-json\/wp\/v2\/media\/319584"}],"wp:attachment":[{"href":"https:\/\/my-eliquid.de\/fr\/wp-json\/wp\/v2\/media?parent=157813"}],"wp:term":[{"taxonomy":"product_brand","embeddable":true,"href":"https:\/\/my-eliquid.de\/fr\/wp-json\/wp\/v2\/product_brand?post=157813"},{"taxonomy":"product_cat","embeddable":true,"href":"https:\/\/my-eliquid.de\/fr\/wp-json\/wp\/v2\/product_cat?post=157813"},{"taxonomy":"product_tag","embeddable":true,"href":"https:\/\/my-eliquid.de\/fr\/wp-json\/wp\/v2\/product_tag?post=157813"}],"curies":[{"name":"wp","href":"https:\/\/api.w.org\/{rel}","templated":true}]}}