{"id":157842,"date":"2019-05-24T00:00:00","date_gmt":"2019-05-23T22:00:00","guid":{"rendered":"https:\/\/melvx.my-eliquid.de\/aroma-shop\/aromen\/mel-fillup-p-p-12ml-aroma\/"},"modified":"2025-11-25T13:52:03","modified_gmt":"2025-11-25T12:52:03","slug":"mel-fillup-p-p-12ml-aroma","status":"publish","type":"product","link":"https:\/\/my-eliquid.de\/fr\/shop\/mel-fillup-p-p-12ml-aroma\/","title":{"rendered":"P &amp; P Aroma | 10 ml | Fill Up"},"content":{"rendered":"<p>Sweet Sweet !<\/p>\n<p><strong>(contient du sucralose)<\/strong><\/p>\n<p>Vous l'aimez doux ? Alors allez le chercher ! Notre\u00a0<strong>Ar\u00f4me P &amp; P Fill Up :<\/strong><\/p>\n<p><strong>Ar\u00f4me Pear and Pie Fill Up\u00a0<\/strong>notre nouvelle cr\u00e9ation est destin\u00e9e \u00e0 ceux qui aiment le sucr\u00e9 !<\/p>\n<p>M\u00e9lange de poires fruit\u00e9es &amp; g\u00e2teau d\u00e9licieusement cr\u00e9meux r\u00e9unis dans une bouteille verte et heureuse !<\/p>\n<p>Happy Pear and creamy Pie pour vous, rien que le meilleur !<\/p>\n<p>Tu n'as jamais autant appr\u00e9ci\u00e9 <strong>\u00e0 la vapeur !<\/strong><\/p>\n<p><strong>Si tu n'as pas encore trouv\u00e9 ton ALL DAY LIQUID, nous l'avons m\u00e9lang\u00e9 pour toi !<\/strong><\/p>\n<p><strong>Une composition d\u00e9licieuse Dans la meilleure alternative.<\/strong><\/p>\n<p><strong>Pour le fill up, c'est \u00e0 vous de choisir la base que vous souhaitez utiliser. 48 ml de base sont n\u00e9cessaires.<\/strong><\/p>\n<p>Soit 1x notre offre group\u00e9e, soit simplement acheter une base z\u00e9ro, remplir, agiter et c'est fini. <strong>60 ml de produit fini<\/strong> d\u00e9licieux <strong>Liquid !<\/strong><\/p>\n<p><strong>Contenu de la livraison :<\/strong><\/p>\n<p><strong>1x 12 ml d'ar\u00f4me P &amp; P dans un flacon Chubby de 60 ml<\/strong><\/p>","protected":false},"excerpt":{"rendered":"<p><strong>P  &amp; P Fill up Aroma<\/strong>\u00a0<strong>(Pear &amp; Pie)<\/strong> Un m\u00e9lange fruit\u00e9 de poires et un d\u00e9licieux g\u00e2teau cr\u00e9meux et sucr\u00e9 r\u00e9unis dans une bouteille verte joyeuse !\u00a0<\/p>\n<p><strong>(contient du sucralose)<\/strong><\/p>","protected":false},"featured_media":319350,"comment_status":"open","ping_status":"closed","template":"","meta":{"_acf_changed":false,"_relevanssi_hide_post":"","_relevanssi_hide_content":"","_relevanssi_pin_for_all":"","_relevanssi_pin_keywords":"","_relevanssi_unpin_keywords":"","_relevanssi_related_keywords":"","_relevanssi_related_include_ids":"","_relevanssi_related_exclude_ids":"","_relevanssi_related_no_append":"","_relevanssi_related_not_related":"","_relevanssi_related_posts":"","_relevanssi_noindex_reason":""},"product_brand":[4564],"product_cat":[4733,4701,4845,4705,4792,4722,4712,4707],"product_tag":[1399,5029,5307,7252,6991,5905,7253,5903,7617,5805,5030,5904,6584,7618,6992,7254],"class_list":{"0":"post-157842","1":"product","2":"type-product","3":"status-publish","4":"has-post-thumbnail","6":"product_brand-my-eliquid","7":"product_cat-alle-aromen","8":"product_cat-aromen","9":"product_cat-fill-up-aroma","10":"product_cat-frucht-aromen-liquid-e-zigarette","11":"product_cat-neue-aromen","12":"product_cat-neuheiten","13":"product_cat-special-aromen-liquid-e-zigarette","14":"product_cat-suesse-aromen-liquid-e-zigarette","15":"product_tag-aroma","16":"product_tag-birne","17":"product_tag-cookie","18":"product_tag-do","19":"product_tag-fill","20":"product_tag-fruchtig","21":"product_tag-it","22":"product_tag-keks","23":"product_tag-kuchen","24":"product_tag-liquid","25":"product_tag-pear","26":"product_tag-suess","27":"product_tag-suesse","28":"product_tag-teig","29":"product_tag-up","30":"product_tag-yourself","31":"product_shipping_class-standard","32":"pa_ageverification-ja","33":"pa_country_of_manufacture-de","34":"pa_faq-product_aroma_faq","35":"pa_filling_quantity-10ml","36":"pa_flavour_art-frucht","37":"pa_generate_meta-nein","38":"pa_ghs_gefahrenbezeichnung-achtung","39":"pa_ghs_hsatz-ba-h302gesundheitsschadlichbe","40":"pa_ghs_hsatz-34-h319verursachtschwereaugen","41":"pa_ghs_hsatz-h335kanndieatemwegereizen_","42":"pa_ghs_signalwort-achtung","43":"pa_info1-e7-product_aroma_kurzbeschrei","44":"pa_info2-product_aroma_beschreibung","45":"pa_insi-product_aroma_insi","46":"pa_manufacturer-my_eliquid","47":"pa_mindesthaltbarkeit-24monate","48":"pa_product_suggestion-nein","49":"pa_product_type-11_fillup_eigenprodukte","50":"pa_product_weight-4217","51":"pa_special_products-neu","52":"pa_weight-0_04","54":"first","55":"outofstock","56":"taxable","57":"shipping-taxable","58":"purchasable","59":"product-type-simple"},"acf":[],"_links":{"self":[{"href":"https:\/\/my-eliquid.de\/fr\/wp-json\/wp\/v2\/product\/157842","targetHints":{"allow":["GET"]}}],"collection":[{"href":"https:\/\/my-eliquid.de\/fr\/wp-json\/wp\/v2\/product"}],"about":[{"href":"https:\/\/my-eliquid.de\/fr\/wp-json\/wp\/v2\/types\/product"}],"replies":[{"embeddable":true,"href":"https:\/\/my-eliquid.de\/fr\/wp-json\/wp\/v2\/comments?post=157842"}],"wp:featuredmedia":[{"embeddable":true,"href":"https:\/\/my-eliquid.de\/fr\/wp-json\/wp\/v2\/media\/319350"}],"wp:attachment":[{"href":"https:\/\/my-eliquid.de\/fr\/wp-json\/wp\/v2\/media?parent=157842"}],"wp:term":[{"taxonomy":"product_brand","embeddable":true,"href":"https:\/\/my-eliquid.de\/fr\/wp-json\/wp\/v2\/product_brand?post=157842"},{"taxonomy":"product_cat","embeddable":true,"href":"https:\/\/my-eliquid.de\/fr\/wp-json\/wp\/v2\/product_cat?post=157842"},{"taxonomy":"product_tag","embeddable":true,"href":"https:\/\/my-eliquid.de\/fr\/wp-json\/wp\/v2\/product_tag?post=157842"}],"curies":[{"name":"wp","href":"https:\/\/api.w.org\/{rel}","templated":true}]}}